{"id":333,"date":"2024-03-10T08:29:11","date_gmt":"2024-03-10T07:29:11","guid":{"rendered":"https:\/\/fromagesenbalade.com\/?post_type=product&#038;p=333"},"modified":"2024-03-10T08:29:12","modified_gmt":"2024-03-10T07:29:12","slug":"fleurs-de-tete-de-moine-100g","status":"publish","type":"product","link":"https:\/\/fromagesenbalade.com\/index.php\/produit\/fleurs-de-tete-de-moine-100g\/","title":{"rendered":"Fleurs de t\u00eate de moine (100g)"},"content":{"rendered":"<p>Fromage AOP au lait cru de vache, affin\u00e9 3 mois et fabriqu\u00e9 en Suisse (canton de Berne). La Girolle permet de r\u00e9aliser des rosettes fines dans ce fromage qui ne se d\u00e9guste quasiment qu&rsquo;en fleurs &#8230; il accompagnera \u00e0 merveille vos ap\u00e9ritifs et plateaux de fromages et charcuteries, et lib\u00e8re des ar\u00f4mes de lait, de foin et de champignon.<\/p>\n","protected":false},"excerpt":{"rendered":"<p>Fromage AOP au lait cru de vache, affin\u00e9 3 mois et fabriqu\u00e9 en Suisse (canton de Berne). La Girolle permet de r\u00e9aliser des rosettes fines dans ce fromage qui ne se d\u00e9guste quasiment qu&rsquo;en fleurs &#8230; il accompagnera \u00e0 merveille vos ap\u00e9ritifs et plateaux de fromages et charcuteries, et lib\u00e8re des ar\u00f4mes de lait, de foin et de champignon.<\/p>\n","protected":false},"featured_media":334,"comment_status":"open","ping_status":"closed","template":"","meta":{"_et_pb_use_builder":"","_et_pb_old_content":"","_et_gb_content_width":""},"product_cat":[19,25],"product_tag":[85],"yoast_head":"<!-- This site is optimized with the Yoast SEO plugin v22.2 - https:\/\/yoast.com\/wordpress\/plugins\/seo\/ -->\n<title>Fleurs de t\u00eate de moine (100g) - fromagesenbalade.com<\/title>\n<meta name=\"description\" content=\"Fromage AOP au lait cru de vache, affin\u00e9 3 mois et fabriqu\u00e9 en Suisse (canton de Berne). Il accompagnera \u00e0 merveille vos ap\u00e9ritifs et plateaux de fromages et charcuteries, et lib\u00e8re des ar\u00f4mes de lait, de foin et de champignon.\" \/>\n<meta name=\"robots\" content=\"index, follow, max-snippet:-1, max-image-preview:large, max-video-preview:-1\" \/>\n<link rel=\"canonical\" href=\"https:\/\/fromagesenbalade.com\/index.php\/produit\/fleurs-de-tete-de-moine-100g\/\" \/>\n<meta property=\"og:locale\" content=\"fr_FR\" \/>\n<meta property=\"og:type\" content=\"article\" \/>\n<meta property=\"og:title\" content=\"Fleurs de t\u00eate de moine (100g) - fromagesenbalade.com\" \/>\n<meta property=\"og:description\" content=\"Fromage AOP au lait cru de vache, affin\u00e9 3 mois et fabriqu\u00e9 en Suisse (canton de Berne). Il accompagnera \u00e0 merveille vos ap\u00e9ritifs et plateaux de fromages et charcuteries, et lib\u00e8re des ar\u00f4mes de lait, de foin et de champignon.\" \/>\n<meta property=\"og:url\" content=\"https:\/\/fromagesenbalade.com\/index.php\/produit\/fleurs-de-tete-de-moine-100g\/\" \/>\n<meta property=\"og:site_name\" content=\"fromagesenbalade.com\" \/>\n<meta property=\"article:modified_time\" content=\"2024-03-10T07:29:12+00:00\" \/>\n<meta property=\"og:image\" content=\"https:\/\/fromagesenbalade.com\/wp-content\/uploads\/2024\/03\/tete-de-moine.jpg\" \/>\n\t<meta property=\"og:image:width\" content=\"374\" \/>\n\t<meta property=\"og:image:height\" content=\"371\" \/>\n\t<meta property=\"og:image:type\" content=\"image\/jpeg\" \/>\n<meta name=\"twitter:card\" content=\"summary_large_image\" \/>\n<meta name=\"twitter:label1\" content=\"Dur\u00e9e de lecture estim\u00e9e\" \/>\n\t<meta name=\"twitter:data1\" content=\"1 minute\" \/>\n<script type=\"application\/ld+json\" class=\"yoast-schema-graph\">{\"@context\":\"https:\/\/schema.org\",\"@graph\":[{\"@type\":\"WebPage\",\"@id\":\"https:\/\/fromagesenbalade.com\/index.php\/produit\/fleurs-de-tete-de-moine-100g\/\",\"url\":\"https:\/\/fromagesenbalade.com\/index.php\/produit\/fleurs-de-tete-de-moine-100g\/\",\"name\":\"Fleurs de t\u00eate de moine (100g) - fromagesenbalade.com\",\"isPartOf\":{\"@id\":\"https:\/\/fromagesenbalade.com\/#website\"},\"primaryImageOfPage\":{\"@id\":\"https:\/\/fromagesenbalade.com\/index.php\/produit\/fleurs-de-tete-de-moine-100g\/#primaryimage\"},\"image\":{\"@id\":\"https:\/\/fromagesenbalade.com\/index.php\/produit\/fleurs-de-tete-de-moine-100g\/#primaryimage\"},\"thumbnailUrl\":\"https:\/\/fromagesenbalade.com\/wp-content\/uploads\/2024\/03\/tete-de-moine.jpg\",\"datePublished\":\"2024-03-10T07:29:11+00:00\",\"dateModified\":\"2024-03-10T07:29:12+00:00\",\"description\":\"Fromage AOP au lait cru de vache, affin\u00e9 3 mois et fabriqu\u00e9 en Suisse (canton de Berne). Il accompagnera \u00e0 merveille vos ap\u00e9ritifs et plateaux de fromages et charcuteries, et lib\u00e8re des ar\u00f4mes de lait, de foin et de champignon.\",\"breadcrumb\":{\"@id\":\"https:\/\/fromagesenbalade.com\/index.php\/produit\/fleurs-de-tete-de-moine-100g\/#breadcrumb\"},\"inLanguage\":\"fr-FR\",\"potentialAction\":[{\"@type\":\"ReadAction\",\"target\":[\"https:\/\/fromagesenbalade.com\/index.php\/produit\/fleurs-de-tete-de-moine-100g\/\"]}]},{\"@type\":\"ImageObject\",\"inLanguage\":\"fr-FR\",\"@id\":\"https:\/\/fromagesenbalade.com\/index.php\/produit\/fleurs-de-tete-de-moine-100g\/#primaryimage\",\"url\":\"https:\/\/fromagesenbalade.com\/wp-content\/uploads\/2024\/03\/tete-de-moine.jpg\",\"contentUrl\":\"https:\/\/fromagesenbalade.com\/wp-content\/uploads\/2024\/03\/tete-de-moine.jpg\",\"width\":374,\"height\":371},{\"@type\":\"BreadcrumbList\",\"@id\":\"https:\/\/fromagesenbalade.com\/index.php\/produit\/fleurs-de-tete-de-moine-100g\/#breadcrumb\",\"itemListElement\":[{\"@type\":\"ListItem\",\"position\":1,\"name\":\"Accueil\",\"item\":\"https:\/\/fromagesenbalade.com\/\"},{\"@type\":\"ListItem\",\"position\":2,\"name\":\"Mes produits\",\"item\":\"https:\/\/fromagesenbalade.com\/index.php\/produits\/\"},{\"@type\":\"ListItem\",\"position\":3,\"name\":\"Fleurs de t\u00eate de moine (100g)\"}]},{\"@type\":\"WebSite\",\"@id\":\"https:\/\/fromagesenbalade.com\/#website\",\"url\":\"https:\/\/fromagesenbalade.com\/\",\"name\":\"fromagesenbalade.com\",\"description\":\"\",\"publisher\":{\"@id\":\"https:\/\/fromagesenbalade.com\/#organization\"},\"potentialAction\":[{\"@type\":\"SearchAction\",\"target\":{\"@type\":\"EntryPoint\",\"urlTemplate\":\"https:\/\/fromagesenbalade.com\/?s={search_term_string}\"},\"query-input\":\"required name=search_term_string\"}],\"inLanguage\":\"fr-FR\"},{\"@type\":\"Organization\",\"@id\":\"https:\/\/fromagesenbalade.com\/#organization\",\"name\":\"fromagesenbalade.com\",\"url\":\"https:\/\/fromagesenbalade.com\/\",\"logo\":{\"@type\":\"ImageObject\",\"inLanguage\":\"fr-FR\",\"@id\":\"https:\/\/fromagesenbalade.com\/#\/schema\/logo\/image\/\",\"url\":\"https:\/\/fromagesenbalade.com\/wp-content\/uploads\/2024\/01\/01-FEB-Logo-Declinaison01.png\",\"contentUrl\":\"https:\/\/fromagesenbalade.com\/wp-content\/uploads\/2024\/01\/01-FEB-Logo-Declinaison01.png\",\"width\":4588,\"height\":2481,\"caption\":\"fromagesenbalade.com\"},\"image\":{\"@id\":\"https:\/\/fromagesenbalade.com\/#\/schema\/logo\/image\/\"}}]}<\/script>\n<!-- \/ Yoast SEO plugin. -->","yoast_head_json":{"title":"Fleurs de t\u00eate de moine (100g) - fromagesenbalade.com","description":"Fromage AOP au lait cru de vache, affin\u00e9 3 mois et fabriqu\u00e9 en Suisse (canton de Berne). Il accompagnera \u00e0 merveille vos ap\u00e9ritifs et plateaux de fromages et charcuteries, et lib\u00e8re des ar\u00f4mes de lait, de foin et de champignon.","robots":{"index":"index","follow":"follow","max-snippet":"max-snippet:-1","max-image-preview":"max-image-preview:large","max-video-preview":"max-video-preview:-1"},"canonical":"https:\/\/fromagesenbalade.com\/index.php\/produit\/fleurs-de-tete-de-moine-100g\/","og_locale":"fr_FR","og_type":"article","og_title":"Fleurs de t\u00eate de moine (100g) - fromagesenbalade.com","og_description":"Fromage AOP au lait cru de vache, affin\u00e9 3 mois et fabriqu\u00e9 en Suisse (canton de Berne). Il accompagnera \u00e0 merveille vos ap\u00e9ritifs et plateaux de fromages et charcuteries, et lib\u00e8re des ar\u00f4mes de lait, de foin et de champignon.","og_url":"https:\/\/fromagesenbalade.com\/index.php\/produit\/fleurs-de-tete-de-moine-100g\/","og_site_name":"fromagesenbalade.com","article_modified_time":"2024-03-10T07:29:12+00:00","og_image":[{"width":374,"height":371,"url":"https:\/\/fromagesenbalade.com\/wp-content\/uploads\/2024\/03\/tete-de-moine.jpg","type":"image\/jpeg"}],"twitter_card":"summary_large_image","twitter_misc":{"Dur\u00e9e de lecture estim\u00e9e":"1 minute"},"schema":{"@context":"https:\/\/schema.org","@graph":[{"@type":"WebPage","@id":"https:\/\/fromagesenbalade.com\/index.php\/produit\/fleurs-de-tete-de-moine-100g\/","url":"https:\/\/fromagesenbalade.com\/index.php\/produit\/fleurs-de-tete-de-moine-100g\/","name":"Fleurs de t\u00eate de moine (100g) - fromagesenbalade.com","isPartOf":{"@id":"https:\/\/fromagesenbalade.com\/#website"},"primaryImageOfPage":{"@id":"https:\/\/fromagesenbalade.com\/index.php\/produit\/fleurs-de-tete-de-moine-100g\/#primaryimage"},"image":{"@id":"https:\/\/fromagesenbalade.com\/index.php\/produit\/fleurs-de-tete-de-moine-100g\/#primaryimage"},"thumbnailUrl":"https:\/\/fromagesenbalade.com\/wp-content\/uploads\/2024\/03\/tete-de-moine.jpg","datePublished":"2024-03-10T07:29:11+00:00","dateModified":"2024-03-10T07:29:12+00:00","description":"Fromage AOP au lait cru de vache, affin\u00e9 3 mois et fabriqu\u00e9 en Suisse (canton de Berne). Il accompagnera \u00e0 merveille vos ap\u00e9ritifs et plateaux de fromages et charcuteries, et lib\u00e8re des ar\u00f4mes de lait, de foin et de champignon.","breadcrumb":{"@id":"https:\/\/fromagesenbalade.com\/index.php\/produit\/fleurs-de-tete-de-moine-100g\/#breadcrumb"},"inLanguage":"fr-FR","potentialAction":[{"@type":"ReadAction","target":["https:\/\/fromagesenbalade.com\/index.php\/produit\/fleurs-de-tete-de-moine-100g\/"]}]},{"@type":"ImageObject","inLanguage":"fr-FR","@id":"https:\/\/fromagesenbalade.com\/index.php\/produit\/fleurs-de-tete-de-moine-100g\/#primaryimage","url":"https:\/\/fromagesenbalade.com\/wp-content\/uploads\/2024\/03\/tete-de-moine.jpg","contentUrl":"https:\/\/fromagesenbalade.com\/wp-content\/uploads\/2024\/03\/tete-de-moine.jpg","width":374,"height":371},{"@type":"BreadcrumbList","@id":"https:\/\/fromagesenbalade.com\/index.php\/produit\/fleurs-de-tete-de-moine-100g\/#breadcrumb","itemListElement":[{"@type":"ListItem","position":1,"name":"Accueil","item":"https:\/\/fromagesenbalade.com\/"},{"@type":"ListItem","position":2,"name":"Mes produits","item":"https:\/\/fromagesenbalade.com\/index.php\/produits\/"},{"@type":"ListItem","position":3,"name":"Fleurs de t\u00eate de moine (100g)"}]},{"@type":"WebSite","@id":"https:\/\/fromagesenbalade.com\/#website","url":"https:\/\/fromagesenbalade.com\/","name":"fromagesenbalade.com","description":"","publisher":{"@id":"https:\/\/fromagesenbalade.com\/#organization"},"potentialAction":[{"@type":"SearchAction","target":{"@type":"EntryPoint","urlTemplate":"https:\/\/fromagesenbalade.com\/?s={search_term_string}"},"query-input":"required name=search_term_string"}],"inLanguage":"fr-FR"},{"@type":"Organization","@id":"https:\/\/fromagesenbalade.com\/#organization","name":"fromagesenbalade.com","url":"https:\/\/fromagesenbalade.com\/","logo":{"@type":"ImageObject","inLanguage":"fr-FR","@id":"https:\/\/fromagesenbalade.com\/#\/schema\/logo\/image\/","url":"https:\/\/fromagesenbalade.com\/wp-content\/uploads\/2024\/01\/01-FEB-Logo-Declinaison01.png","contentUrl":"https:\/\/fromagesenbalade.com\/wp-content\/uploads\/2024\/01\/01-FEB-Logo-Declinaison01.png","width":4588,"height":2481,"caption":"fromagesenbalade.com"},"image":{"@id":"https:\/\/fromagesenbalade.com\/#\/schema\/logo\/image\/"}}]}},"_links":{"self":[{"href":"https:\/\/fromagesenbalade.com\/index.php\/wp-json\/wp\/v2\/product\/333"}],"collection":[{"href":"https:\/\/fromagesenbalade.com\/index.php\/wp-json\/wp\/v2\/product"}],"about":[{"href":"https:\/\/fromagesenbalade.com\/index.php\/wp-json\/wp\/v2\/types\/product"}],"replies":[{"embeddable":true,"href":"https:\/\/fromagesenbalade.com\/index.php\/wp-json\/wp\/v2\/comments?post=333"}],"wp:featuredmedia":[{"embeddable":true,"href":"https:\/\/fromagesenbalade.com\/index.php\/wp-json\/wp\/v2\/media\/334"}],"wp:attachment":[{"href":"https:\/\/fromagesenbalade.com\/index.php\/wp-json\/wp\/v2\/media?parent=333"}],"wp:term":[{"taxonomy":"product_cat","embeddable":true,"href":"https:\/\/fromagesenbalade.com\/index.php\/wp-json\/wp\/v2\/product_cat?post=333"},{"taxonomy":"product_tag","embeddable":true,"href":"https:\/\/fromagesenbalade.com\/index.php\/wp-json\/wp\/v2\/product_tag?post=333"}],"curies":[{"name":"wp","href":"https:\/\/api.w.org\/{rel}","templated":true}]}}