{"id":331,"date":"2024-03-10T08:24:44","date_gmt":"2024-03-10T07:24:44","guid":{"rendered":"https:\/\/fromagesenbalade.com\/?post_type=product&#038;p=331"},"modified":"2024-03-10T08:24:44","modified_gmt":"2024-03-10T07:24:44","slug":"tallegio-200g","status":"publish","type":"product","link":"https:\/\/fromagesenbalade.com\/index.php\/produit\/tallegio-200g\/","title":{"rendered":"Tallegio 200g"},"content":{"rendered":"<p>Fromage au lait pasteuris\u00e9 de vache, affin\u00e9 30 jours et fabriqu\u00e9 en Italie (Lombardie). On note au nez des saveurs de lait frais et de champignon. En bouche, la p\u00e2te fondante r\u00e9v\u00e8le des ar\u00f4mes lactiques, acidul\u00e9s et subtilement sal\u00e9s.<\/p>\n","protected":false},"excerpt":{"rendered":"<p>Fromage au lait pasteuris\u00e9 de vache, affin\u00e9 30 jours et fabriqu\u00e9 en Italie (Lombardie). On note au nez des saveurs de lait frais et de champignon. En bouche, la p\u00e2te fondante r\u00e9v\u00e8le des ar\u00f4mes lactiques, acidul\u00e9s et subtilement sal\u00e9s.<\/p>\n","protected":false},"featured_media":332,"comment_status":"open","ping_status":"closed","template":"","meta":{"_et_pb_use_builder":"","_et_pb_old_content":"","_et_gb_content_width":""},"product_cat":[19,31,26],"product_tag":[84],"yoast_head":"<!-- This site is optimized with the Yoast SEO plugin v22.2 - https:\/\/yoast.com\/wordpress\/plugins\/seo\/ -->\n<title>Tallegio 200g - fromagesenbalade.com<\/title>\n<meta name=\"description\" content=\"Fromage au lait pasteuris\u00e9 de vache, affin\u00e9 30 jours et fabriqu\u00e9 en Italie (Lombardie). On note au nez des saveurs de lait frais et de champignon. En bouche, la p\u00e2te fondante r\u00e9v\u00e8le des ar\u00f4mes lactiques, acidul\u00e9s et subtilement sal\u00e9s.\" \/>\n<meta name=\"robots\" content=\"index, follow, max-snippet:-1, max-image-preview:large, max-video-preview:-1\" \/>\n<link rel=\"canonical\" href=\"https:\/\/fromagesenbalade.com\/index.php\/produit\/tallegio-200g\/\" \/>\n<meta property=\"og:locale\" content=\"fr_FR\" \/>\n<meta property=\"og:type\" content=\"article\" \/>\n<meta property=\"og:title\" content=\"Tallegio 200g - fromagesenbalade.com\" \/>\n<meta property=\"og:description\" content=\"Fromage au lait pasteuris\u00e9 de vache, affin\u00e9 30 jours et fabriqu\u00e9 en Italie (Lombardie). On note au nez des saveurs de lait frais et de champignon. En bouche, la p\u00e2te fondante r\u00e9v\u00e8le des ar\u00f4mes lactiques, acidul\u00e9s et subtilement sal\u00e9s.\" \/>\n<meta property=\"og:url\" content=\"https:\/\/fromagesenbalade.com\/index.php\/produit\/tallegio-200g\/\" \/>\n<meta property=\"og:site_name\" content=\"fromagesenbalade.com\" \/>\n<meta property=\"og:image\" content=\"https:\/\/fromagesenbalade.com\/wp-content\/uploads\/2024\/03\/talleggio.jpg\" \/>\n\t<meta property=\"og:image:width\" content=\"399\" \/>\n\t<meta property=\"og:image:height\" content=\"307\" \/>\n\t<meta property=\"og:image:type\" content=\"image\/jpeg\" \/>\n<meta name=\"twitter:card\" content=\"summary_large_image\" \/>\n<meta name=\"twitter:label1\" content=\"Dur\u00e9e de lecture estim\u00e9e\" \/>\n\t<meta name=\"twitter:data1\" content=\"1 minute\" \/>\n<script type=\"application\/ld+json\" class=\"yoast-schema-graph\">{\"@context\":\"https:\/\/schema.org\",\"@graph\":[{\"@type\":\"WebPage\",\"@id\":\"https:\/\/fromagesenbalade.com\/index.php\/produit\/tallegio-200g\/\",\"url\":\"https:\/\/fromagesenbalade.com\/index.php\/produit\/tallegio-200g\/\",\"name\":\"Tallegio 200g - fromagesenbalade.com\",\"isPartOf\":{\"@id\":\"https:\/\/fromagesenbalade.com\/#website\"},\"primaryImageOfPage\":{\"@id\":\"https:\/\/fromagesenbalade.com\/index.php\/produit\/tallegio-200g\/#primaryimage\"},\"image\":{\"@id\":\"https:\/\/fromagesenbalade.com\/index.php\/produit\/tallegio-200g\/#primaryimage\"},\"thumbnailUrl\":\"https:\/\/fromagesenbalade.com\/wp-content\/uploads\/2024\/03\/talleggio.jpg\",\"datePublished\":\"2024-03-10T07:24:44+00:00\",\"dateModified\":\"2024-03-10T07:24:44+00:00\",\"description\":\"Fromage au lait pasteuris\u00e9 de vache, affin\u00e9 30 jours et fabriqu\u00e9 en Italie (Lombardie). On note au nez des saveurs de lait frais et de champignon. En bouche, la p\u00e2te fondante r\u00e9v\u00e8le des ar\u00f4mes lactiques, acidul\u00e9s et subtilement sal\u00e9s.\",\"breadcrumb\":{\"@id\":\"https:\/\/fromagesenbalade.com\/index.php\/produit\/tallegio-200g\/#breadcrumb\"},\"inLanguage\":\"fr-FR\",\"potentialAction\":[{\"@type\":\"ReadAction\",\"target\":[\"https:\/\/fromagesenbalade.com\/index.php\/produit\/tallegio-200g\/\"]}]},{\"@type\":\"ImageObject\",\"inLanguage\":\"fr-FR\",\"@id\":\"https:\/\/fromagesenbalade.com\/index.php\/produit\/tallegio-200g\/#primaryimage\",\"url\":\"https:\/\/fromagesenbalade.com\/wp-content\/uploads\/2024\/03\/talleggio.jpg\",\"contentUrl\":\"https:\/\/fromagesenbalade.com\/wp-content\/uploads\/2024\/03\/talleggio.jpg\",\"width\":399,\"height\":307},{\"@type\":\"BreadcrumbList\",\"@id\":\"https:\/\/fromagesenbalade.com\/index.php\/produit\/tallegio-200g\/#breadcrumb\",\"itemListElement\":[{\"@type\":\"ListItem\",\"position\":1,\"name\":\"Accueil\",\"item\":\"https:\/\/fromagesenbalade.com\/\"},{\"@type\":\"ListItem\",\"position\":2,\"name\":\"Mes produits\",\"item\":\"https:\/\/fromagesenbalade.com\/index.php\/produits\/\"},{\"@type\":\"ListItem\",\"position\":3,\"name\":\"Tallegio 200g\"}]},{\"@type\":\"WebSite\",\"@id\":\"https:\/\/fromagesenbalade.com\/#website\",\"url\":\"https:\/\/fromagesenbalade.com\/\",\"name\":\"fromagesenbalade.com\",\"description\":\"\",\"publisher\":{\"@id\":\"https:\/\/fromagesenbalade.com\/#organization\"},\"potentialAction\":[{\"@type\":\"SearchAction\",\"target\":{\"@type\":\"EntryPoint\",\"urlTemplate\":\"https:\/\/fromagesenbalade.com\/?s={search_term_string}\"},\"query-input\":\"required name=search_term_string\"}],\"inLanguage\":\"fr-FR\"},{\"@type\":\"Organization\",\"@id\":\"https:\/\/fromagesenbalade.com\/#organization\",\"name\":\"fromagesenbalade.com\",\"url\":\"https:\/\/fromagesenbalade.com\/\",\"logo\":{\"@type\":\"ImageObject\",\"inLanguage\":\"fr-FR\",\"@id\":\"https:\/\/fromagesenbalade.com\/#\/schema\/logo\/image\/\",\"url\":\"https:\/\/fromagesenbalade.com\/wp-content\/uploads\/2024\/01\/01-FEB-Logo-Declinaison01.png\",\"contentUrl\":\"https:\/\/fromagesenbalade.com\/wp-content\/uploads\/2024\/01\/01-FEB-Logo-Declinaison01.png\",\"width\":4588,\"height\":2481,\"caption\":\"fromagesenbalade.com\"},\"image\":{\"@id\":\"https:\/\/fromagesenbalade.com\/#\/schema\/logo\/image\/\"}}]}<\/script>\n<!-- \/ Yoast SEO plugin. -->","yoast_head_json":{"title":"Tallegio 200g - fromagesenbalade.com","description":"Fromage au lait pasteuris\u00e9 de vache, affin\u00e9 30 jours et fabriqu\u00e9 en Italie (Lombardie). On note au nez des saveurs de lait frais et de champignon. En bouche, la p\u00e2te fondante r\u00e9v\u00e8le des ar\u00f4mes lactiques, acidul\u00e9s et subtilement sal\u00e9s.","robots":{"index":"index","follow":"follow","max-snippet":"max-snippet:-1","max-image-preview":"max-image-preview:large","max-video-preview":"max-video-preview:-1"},"canonical":"https:\/\/fromagesenbalade.com\/index.php\/produit\/tallegio-200g\/","og_locale":"fr_FR","og_type":"article","og_title":"Tallegio 200g - fromagesenbalade.com","og_description":"Fromage au lait pasteuris\u00e9 de vache, affin\u00e9 30 jours et fabriqu\u00e9 en Italie (Lombardie). On note au nez des saveurs de lait frais et de champignon. En bouche, la p\u00e2te fondante r\u00e9v\u00e8le des ar\u00f4mes lactiques, acidul\u00e9s et subtilement sal\u00e9s.","og_url":"https:\/\/fromagesenbalade.com\/index.php\/produit\/tallegio-200g\/","og_site_name":"fromagesenbalade.com","og_image":[{"width":399,"height":307,"url":"https:\/\/fromagesenbalade.com\/wp-content\/uploads\/2024\/03\/talleggio.jpg","type":"image\/jpeg"}],"twitter_card":"summary_large_image","twitter_misc":{"Dur\u00e9e de lecture estim\u00e9e":"1 minute"},"schema":{"@context":"https:\/\/schema.org","@graph":[{"@type":"WebPage","@id":"https:\/\/fromagesenbalade.com\/index.php\/produit\/tallegio-200g\/","url":"https:\/\/fromagesenbalade.com\/index.php\/produit\/tallegio-200g\/","name":"Tallegio 200g - fromagesenbalade.com","isPartOf":{"@id":"https:\/\/fromagesenbalade.com\/#website"},"primaryImageOfPage":{"@id":"https:\/\/fromagesenbalade.com\/index.php\/produit\/tallegio-200g\/#primaryimage"},"image":{"@id":"https:\/\/fromagesenbalade.com\/index.php\/produit\/tallegio-200g\/#primaryimage"},"thumbnailUrl":"https:\/\/fromagesenbalade.com\/wp-content\/uploads\/2024\/03\/talleggio.jpg","datePublished":"2024-03-10T07:24:44+00:00","dateModified":"2024-03-10T07:24:44+00:00","description":"Fromage au lait pasteuris\u00e9 de vache, affin\u00e9 30 jours et fabriqu\u00e9 en Italie (Lombardie). On note au nez des saveurs de lait frais et de champignon. En bouche, la p\u00e2te fondante r\u00e9v\u00e8le des ar\u00f4mes lactiques, acidul\u00e9s et subtilement sal\u00e9s.","breadcrumb":{"@id":"https:\/\/fromagesenbalade.com\/index.php\/produit\/tallegio-200g\/#breadcrumb"},"inLanguage":"fr-FR","potentialAction":[{"@type":"ReadAction","target":["https:\/\/fromagesenbalade.com\/index.php\/produit\/tallegio-200g\/"]}]},{"@type":"ImageObject","inLanguage":"fr-FR","@id":"https:\/\/fromagesenbalade.com\/index.php\/produit\/tallegio-200g\/#primaryimage","url":"https:\/\/fromagesenbalade.com\/wp-content\/uploads\/2024\/03\/talleggio.jpg","contentUrl":"https:\/\/fromagesenbalade.com\/wp-content\/uploads\/2024\/03\/talleggio.jpg","width":399,"height":307},{"@type":"BreadcrumbList","@id":"https:\/\/fromagesenbalade.com\/index.php\/produit\/tallegio-200g\/#breadcrumb","itemListElement":[{"@type":"ListItem","position":1,"name":"Accueil","item":"https:\/\/fromagesenbalade.com\/"},{"@type":"ListItem","position":2,"name":"Mes produits","item":"https:\/\/fromagesenbalade.com\/index.php\/produits\/"},{"@type":"ListItem","position":3,"name":"Tallegio 200g"}]},{"@type":"WebSite","@id":"https:\/\/fromagesenbalade.com\/#website","url":"https:\/\/fromagesenbalade.com\/","name":"fromagesenbalade.com","description":"","publisher":{"@id":"https:\/\/fromagesenbalade.com\/#organization"},"potentialAction":[{"@type":"SearchAction","target":{"@type":"EntryPoint","urlTemplate":"https:\/\/fromagesenbalade.com\/?s={search_term_string}"},"query-input":"required name=search_term_string"}],"inLanguage":"fr-FR"},{"@type":"Organization","@id":"https:\/\/fromagesenbalade.com\/#organization","name":"fromagesenbalade.com","url":"https:\/\/fromagesenbalade.com\/","logo":{"@type":"ImageObject","inLanguage":"fr-FR","@id":"https:\/\/fromagesenbalade.com\/#\/schema\/logo\/image\/","url":"https:\/\/fromagesenbalade.com\/wp-content\/uploads\/2024\/01\/01-FEB-Logo-Declinaison01.png","contentUrl":"https:\/\/fromagesenbalade.com\/wp-content\/uploads\/2024\/01\/01-FEB-Logo-Declinaison01.png","width":4588,"height":2481,"caption":"fromagesenbalade.com"},"image":{"@id":"https:\/\/fromagesenbalade.com\/#\/schema\/logo\/image\/"}}]}},"_links":{"self":[{"href":"https:\/\/fromagesenbalade.com\/index.php\/wp-json\/wp\/v2\/product\/331"}],"collection":[{"href":"https:\/\/fromagesenbalade.com\/index.php\/wp-json\/wp\/v2\/product"}],"about":[{"href":"https:\/\/fromagesenbalade.com\/index.php\/wp-json\/wp\/v2\/types\/product"}],"replies":[{"embeddable":true,"href":"https:\/\/fromagesenbalade.com\/index.php\/wp-json\/wp\/v2\/comments?post=331"}],"wp:featuredmedia":[{"embeddable":true,"href":"https:\/\/fromagesenbalade.com\/index.php\/wp-json\/wp\/v2\/media\/332"}],"wp:attachment":[{"href":"https:\/\/fromagesenbalade.com\/index.php\/wp-json\/wp\/v2\/media?parent=331"}],"wp:term":[{"taxonomy":"product_cat","embeddable":true,"href":"https:\/\/fromagesenbalade.com\/index.php\/wp-json\/wp\/v2\/product_cat?post=331"},{"taxonomy":"product_tag","embeddable":true,"href":"https:\/\/fromagesenbalade.com\/index.php\/wp-json\/wp\/v2\/product_tag?post=331"}],"curies":[{"name":"wp","href":"https:\/\/api.w.org\/{rel}","templated":true}]}}