{"id":313,"date":"2024-03-09T22:17:13","date_gmt":"2024-03-09T21:17:13","guid":{"rendered":"https:\/\/fromagesenbalade.com\/?post_type=product&#038;p=313"},"modified":"2024-03-09T22:17:13","modified_gmt":"2024-03-09T21:17:13","slug":"rocamadour","status":"publish","type":"product","link":"https:\/\/fromagesenbalade.com\/index.php\/produit\/rocamadour\/","title":{"rendered":"Rocamadour"},"content":{"rendered":"<p>Fromage AOP fermier au lait cru de ch\u00e8vre, fabriqu\u00e9 dans le Lot. Sa chair est souple lorsqu&rsquo;il est jeune, et s\u00e8che en s&rsquo;affinant. C&rsquo;est un fromage plut\u00f4t doux, avec des saveurs acidul\u00e9es, caprines et noiset\u00e9es.<\/p>\n","protected":false},"excerpt":{"rendered":"<p>Fromage AOP fermier au lait cru de ch\u00e8vre, fabriqu\u00e9 dans le Lot. Sa chair est souple lorsqu&rsquo;il est jeune, et s\u00e8che en s&rsquo;affinant. C&rsquo;est un fromage plut\u00f4t doux, avec des saveurs acidul\u00e9es, caprines et noiset\u00e9es.<\/p>\n","protected":false},"featured_media":314,"comment_status":"open","ping_status":"closed","template":"","meta":{"_et_pb_use_builder":"","_et_pb_old_content":"","_et_gb_content_width":""},"product_cat":[19,28],"product_tag":[75],"yoast_head":"<!-- This site is optimized with the Yoast SEO plugin v22.2 - https:\/\/yoast.com\/wordpress\/plugins\/seo\/ -->\n<title>Rocamadour - fromagesenbalade.com<\/title>\n<meta name=\"description\" content=\"Fromage AOP fermier au lait cru de ch\u00e8vre, fabriqu\u00e9 dans le Lot. Sa chair est souple lorsqu&#039;il est jeune, et s\u00e8che en s&#039;affinant. C&#039;est un fromage plut\u00f4t doux, avec des saveurs acidul\u00e9es, caprines et noiset\u00e9es.\" \/>\n<meta name=\"robots\" content=\"index, follow, max-snippet:-1, max-image-preview:large, max-video-preview:-1\" \/>\n<link rel=\"canonical\" href=\"https:\/\/fromagesenbalade.com\/index.php\/produit\/rocamadour\/\" \/>\n<meta property=\"og:locale\" content=\"fr_FR\" \/>\n<meta property=\"og:type\" content=\"article\" \/>\n<meta property=\"og:title\" content=\"Rocamadour - fromagesenbalade.com\" \/>\n<meta property=\"og:description\" content=\"Fromage AOP fermier au lait cru de ch\u00e8vre, fabriqu\u00e9 dans le Lot. Sa chair est souple lorsqu&#039;il est jeune, et s\u00e8che en s&#039;affinant. C&#039;est un fromage plut\u00f4t doux, avec des saveurs acidul\u00e9es, caprines et noiset\u00e9es.\" \/>\n<meta property=\"og:url\" content=\"https:\/\/fromagesenbalade.com\/index.php\/produit\/rocamadour\/\" \/>\n<meta property=\"og:site_name\" content=\"fromagesenbalade.com\" \/>\n<meta property=\"og:image\" content=\"https:\/\/fromagesenbalade.com\/wp-content\/uploads\/2024\/03\/rocamadour.jpg\" \/>\n\t<meta property=\"og:image:width\" content=\"301\" \/>\n\t<meta property=\"og:image:height\" content=\"294\" \/>\n\t<meta property=\"og:image:type\" content=\"image\/jpeg\" \/>\n<meta name=\"twitter:card\" content=\"summary_large_image\" \/>\n<meta name=\"twitter:label1\" content=\"Dur\u00e9e de lecture estim\u00e9e\" \/>\n\t<meta name=\"twitter:data1\" content=\"1 minute\" \/>\n<script type=\"application\/ld+json\" class=\"yoast-schema-graph\">{\"@context\":\"https:\/\/schema.org\",\"@graph\":[{\"@type\":\"WebPage\",\"@id\":\"https:\/\/fromagesenbalade.com\/index.php\/produit\/rocamadour\/\",\"url\":\"https:\/\/fromagesenbalade.com\/index.php\/produit\/rocamadour\/\",\"name\":\"Rocamadour - fromagesenbalade.com\",\"isPartOf\":{\"@id\":\"https:\/\/fromagesenbalade.com\/#website\"},\"primaryImageOfPage\":{\"@id\":\"https:\/\/fromagesenbalade.com\/index.php\/produit\/rocamadour\/#primaryimage\"},\"image\":{\"@id\":\"https:\/\/fromagesenbalade.com\/index.php\/produit\/rocamadour\/#primaryimage\"},\"thumbnailUrl\":\"https:\/\/fromagesenbalade.com\/wp-content\/uploads\/2024\/03\/rocamadour.jpg\",\"datePublished\":\"2024-03-09T21:17:13+00:00\",\"dateModified\":\"2024-03-09T21:17:13+00:00\",\"description\":\"Fromage AOP fermier au lait cru de ch\u00e8vre, fabriqu\u00e9 dans le Lot. Sa chair est souple lorsqu'il est jeune, et s\u00e8che en s'affinant. C'est un fromage plut\u00f4t doux, avec des saveurs acidul\u00e9es, caprines et noiset\u00e9es.\",\"breadcrumb\":{\"@id\":\"https:\/\/fromagesenbalade.com\/index.php\/produit\/rocamadour\/#breadcrumb\"},\"inLanguage\":\"fr-FR\",\"potentialAction\":[{\"@type\":\"ReadAction\",\"target\":[\"https:\/\/fromagesenbalade.com\/index.php\/produit\/rocamadour\/\"]}]},{\"@type\":\"ImageObject\",\"inLanguage\":\"fr-FR\",\"@id\":\"https:\/\/fromagesenbalade.com\/index.php\/produit\/rocamadour\/#primaryimage\",\"url\":\"https:\/\/fromagesenbalade.com\/wp-content\/uploads\/2024\/03\/rocamadour.jpg\",\"contentUrl\":\"https:\/\/fromagesenbalade.com\/wp-content\/uploads\/2024\/03\/rocamadour.jpg\",\"width\":301,\"height\":294},{\"@type\":\"BreadcrumbList\",\"@id\":\"https:\/\/fromagesenbalade.com\/index.php\/produit\/rocamadour\/#breadcrumb\",\"itemListElement\":[{\"@type\":\"ListItem\",\"position\":1,\"name\":\"Accueil\",\"item\":\"https:\/\/fromagesenbalade.com\/\"},{\"@type\":\"ListItem\",\"position\":2,\"name\":\"Mes produits\",\"item\":\"https:\/\/fromagesenbalade.com\/index.php\/produits\/\"},{\"@type\":\"ListItem\",\"position\":3,\"name\":\"Rocamadour\"}]},{\"@type\":\"WebSite\",\"@id\":\"https:\/\/fromagesenbalade.com\/#website\",\"url\":\"https:\/\/fromagesenbalade.com\/\",\"name\":\"fromagesenbalade.com\",\"description\":\"\",\"publisher\":{\"@id\":\"https:\/\/fromagesenbalade.com\/#organization\"},\"potentialAction\":[{\"@type\":\"SearchAction\",\"target\":{\"@type\":\"EntryPoint\",\"urlTemplate\":\"https:\/\/fromagesenbalade.com\/?s={search_term_string}\"},\"query-input\":\"required name=search_term_string\"}],\"inLanguage\":\"fr-FR\"},{\"@type\":\"Organization\",\"@id\":\"https:\/\/fromagesenbalade.com\/#organization\",\"name\":\"fromagesenbalade.com\",\"url\":\"https:\/\/fromagesenbalade.com\/\",\"logo\":{\"@type\":\"ImageObject\",\"inLanguage\":\"fr-FR\",\"@id\":\"https:\/\/fromagesenbalade.com\/#\/schema\/logo\/image\/\",\"url\":\"https:\/\/fromagesenbalade.com\/wp-content\/uploads\/2024\/01\/01-FEB-Logo-Declinaison01.png\",\"contentUrl\":\"https:\/\/fromagesenbalade.com\/wp-content\/uploads\/2024\/01\/01-FEB-Logo-Declinaison01.png\",\"width\":4588,\"height\":2481,\"caption\":\"fromagesenbalade.com\"},\"image\":{\"@id\":\"https:\/\/fromagesenbalade.com\/#\/schema\/logo\/image\/\"}}]}<\/script>\n<!-- \/ Yoast SEO plugin. -->","yoast_head_json":{"title":"Rocamadour - fromagesenbalade.com","description":"Fromage AOP fermier au lait cru de ch\u00e8vre, fabriqu\u00e9 dans le Lot. Sa chair est souple lorsqu'il est jeune, et s\u00e8che en s'affinant. C'est un fromage plut\u00f4t doux, avec des saveurs acidul\u00e9es, caprines et noiset\u00e9es.","robots":{"index":"index","follow":"follow","max-snippet":"max-snippet:-1","max-image-preview":"max-image-preview:large","max-video-preview":"max-video-preview:-1"},"canonical":"https:\/\/fromagesenbalade.com\/index.php\/produit\/rocamadour\/","og_locale":"fr_FR","og_type":"article","og_title":"Rocamadour - fromagesenbalade.com","og_description":"Fromage AOP fermier au lait cru de ch\u00e8vre, fabriqu\u00e9 dans le Lot. Sa chair est souple lorsqu'il est jeune, et s\u00e8che en s'affinant. C'est un fromage plut\u00f4t doux, avec des saveurs acidul\u00e9es, caprines et noiset\u00e9es.","og_url":"https:\/\/fromagesenbalade.com\/index.php\/produit\/rocamadour\/","og_site_name":"fromagesenbalade.com","og_image":[{"width":301,"height":294,"url":"https:\/\/fromagesenbalade.com\/wp-content\/uploads\/2024\/03\/rocamadour.jpg","type":"image\/jpeg"}],"twitter_card":"summary_large_image","twitter_misc":{"Dur\u00e9e de lecture estim\u00e9e":"1 minute"},"schema":{"@context":"https:\/\/schema.org","@graph":[{"@type":"WebPage","@id":"https:\/\/fromagesenbalade.com\/index.php\/produit\/rocamadour\/","url":"https:\/\/fromagesenbalade.com\/index.php\/produit\/rocamadour\/","name":"Rocamadour - fromagesenbalade.com","isPartOf":{"@id":"https:\/\/fromagesenbalade.com\/#website"},"primaryImageOfPage":{"@id":"https:\/\/fromagesenbalade.com\/index.php\/produit\/rocamadour\/#primaryimage"},"image":{"@id":"https:\/\/fromagesenbalade.com\/index.php\/produit\/rocamadour\/#primaryimage"},"thumbnailUrl":"https:\/\/fromagesenbalade.com\/wp-content\/uploads\/2024\/03\/rocamadour.jpg","datePublished":"2024-03-09T21:17:13+00:00","dateModified":"2024-03-09T21:17:13+00:00","description":"Fromage AOP fermier au lait cru de ch\u00e8vre, fabriqu\u00e9 dans le Lot. Sa chair est souple lorsqu'il est jeune, et s\u00e8che en s'affinant. C'est un fromage plut\u00f4t doux, avec des saveurs acidul\u00e9es, caprines et noiset\u00e9es.","breadcrumb":{"@id":"https:\/\/fromagesenbalade.com\/index.php\/produit\/rocamadour\/#breadcrumb"},"inLanguage":"fr-FR","potentialAction":[{"@type":"ReadAction","target":["https:\/\/fromagesenbalade.com\/index.php\/produit\/rocamadour\/"]}]},{"@type":"ImageObject","inLanguage":"fr-FR","@id":"https:\/\/fromagesenbalade.com\/index.php\/produit\/rocamadour\/#primaryimage","url":"https:\/\/fromagesenbalade.com\/wp-content\/uploads\/2024\/03\/rocamadour.jpg","contentUrl":"https:\/\/fromagesenbalade.com\/wp-content\/uploads\/2024\/03\/rocamadour.jpg","width":301,"height":294},{"@type":"BreadcrumbList","@id":"https:\/\/fromagesenbalade.com\/index.php\/produit\/rocamadour\/#breadcrumb","itemListElement":[{"@type":"ListItem","position":1,"name":"Accueil","item":"https:\/\/fromagesenbalade.com\/"},{"@type":"ListItem","position":2,"name":"Mes produits","item":"https:\/\/fromagesenbalade.com\/index.php\/produits\/"},{"@type":"ListItem","position":3,"name":"Rocamadour"}]},{"@type":"WebSite","@id":"https:\/\/fromagesenbalade.com\/#website","url":"https:\/\/fromagesenbalade.com\/","name":"fromagesenbalade.com","description":"","publisher":{"@id":"https:\/\/fromagesenbalade.com\/#organization"},"potentialAction":[{"@type":"SearchAction","target":{"@type":"EntryPoint","urlTemplate":"https:\/\/fromagesenbalade.com\/?s={search_term_string}"},"query-input":"required name=search_term_string"}],"inLanguage":"fr-FR"},{"@type":"Organization","@id":"https:\/\/fromagesenbalade.com\/#organization","name":"fromagesenbalade.com","url":"https:\/\/fromagesenbalade.com\/","logo":{"@type":"ImageObject","inLanguage":"fr-FR","@id":"https:\/\/fromagesenbalade.com\/#\/schema\/logo\/image\/","url":"https:\/\/fromagesenbalade.com\/wp-content\/uploads\/2024\/01\/01-FEB-Logo-Declinaison01.png","contentUrl":"https:\/\/fromagesenbalade.com\/wp-content\/uploads\/2024\/01\/01-FEB-Logo-Declinaison01.png","width":4588,"height":2481,"caption":"fromagesenbalade.com"},"image":{"@id":"https:\/\/fromagesenbalade.com\/#\/schema\/logo\/image\/"}}]}},"_links":{"self":[{"href":"https:\/\/fromagesenbalade.com\/index.php\/wp-json\/wp\/v2\/product\/313"}],"collection":[{"href":"https:\/\/fromagesenbalade.com\/index.php\/wp-json\/wp\/v2\/product"}],"about":[{"href":"https:\/\/fromagesenbalade.com\/index.php\/wp-json\/wp\/v2\/types\/product"}],"replies":[{"embeddable":true,"href":"https:\/\/fromagesenbalade.com\/index.php\/wp-json\/wp\/v2\/comments?post=313"}],"wp:featuredmedia":[{"embeddable":true,"href":"https:\/\/fromagesenbalade.com\/index.php\/wp-json\/wp\/v2\/media\/314"}],"wp:attachment":[{"href":"https:\/\/fromagesenbalade.com\/index.php\/wp-json\/wp\/v2\/media?parent=313"}],"wp:term":[{"taxonomy":"product_cat","embeddable":true,"href":"https:\/\/fromagesenbalade.com\/index.php\/wp-json\/wp\/v2\/product_cat?post=313"},{"taxonomy":"product_tag","embeddable":true,"href":"https:\/\/fromagesenbalade.com\/index.php\/wp-json\/wp\/v2\/product_tag?post=313"}],"curies":[{"name":"wp","href":"https:\/\/api.w.org\/{rel}","templated":true}]}}