{"id":305,"date":"2024-03-09T22:05:56","date_gmt":"2024-03-09T21:05:56","guid":{"rendered":"https:\/\/fromagesenbalade.com\/?post_type=product&#038;p=305"},"modified":"2024-03-09T22:05:56","modified_gmt":"2024-03-09T21:05:56","slug":"reblochon","status":"publish","type":"product","link":"https:\/\/fromagesenbalade.com\/index.php\/produit\/reblochon\/","title":{"rendered":"Reblochon fermier"},"content":{"rendered":"<p>Fromage AOP fermier au lait cru de vache, fabriqu\u00e9 en Savoie. Bien connu en cuisine pour la tartiflette, le reblochon est un magnifique fromage de plateau qui d\u00e9veloppe des ar\u00f4mes d&rsquo;\u00e9table et de sous-bois. Au palais, on retrouve des saveurs animales et noiset\u00e9es.<\/p>\n","protected":false},"excerpt":{"rendered":"<p>Fromage AOP fermier au lait cru de vache, fabriqu\u00e9 en Savoie. Bien connu en cuisine pour la tartiflette, le reblochon est un magnifique fromage de plateau qui d\u00e9veloppe des ar\u00f4mes d&rsquo;\u00e9table et de sous-bois. Au palais, on retrouve des saveurs animales et noiset\u00e9es.<\/p>\n","protected":false},"featured_media":306,"comment_status":"open","ping_status":"closed","template":"","meta":{"_et_pb_use_builder":"","_et_pb_old_content":"","_et_gb_content_width":""},"product_cat":[19,31,26],"product_tag":[72],"yoast_head":"<!-- This site is optimized with the Yoast SEO plugin v22.2 - https:\/\/yoast.com\/wordpress\/plugins\/seo\/ -->\n<title>Reblochon fermier - fromagesenbalade.com<\/title>\n<meta name=\"description\" content=\"Fromage AOP fermier au lait cru de vache, fabriqu\u00e9 en Savoie. Bien connu en cuisine pour la tartiflette, le reblochon est un magnifique fromage de plateau qui d\u00e9veloppe des ar\u00f4mes d&#039;\u00e9table et de sous-bois. Au palais, on retrouve des saveurs animales et noiset\u00e9es.\" \/>\n<meta name=\"robots\" content=\"index, follow, max-snippet:-1, max-image-preview:large, max-video-preview:-1\" \/>\n<link rel=\"canonical\" href=\"https:\/\/fromagesenbalade.com\/index.php\/produit\/reblochon\/\" \/>\n<meta property=\"og:locale\" content=\"fr_FR\" \/>\n<meta property=\"og:type\" content=\"article\" \/>\n<meta property=\"og:title\" content=\"Reblochon fermier - fromagesenbalade.com\" \/>\n<meta property=\"og:description\" content=\"Fromage AOP fermier au lait cru de vache, fabriqu\u00e9 en Savoie. Bien connu en cuisine pour la tartiflette, le reblochon est un magnifique fromage de plateau qui d\u00e9veloppe des ar\u00f4mes d&#039;\u00e9table et de sous-bois. Au palais, on retrouve des saveurs animales et noiset\u00e9es.\" \/>\n<meta property=\"og:url\" content=\"https:\/\/fromagesenbalade.com\/index.php\/produit\/reblochon\/\" \/>\n<meta property=\"og:site_name\" content=\"fromagesenbalade.com\" \/>\n<meta property=\"og:image\" content=\"https:\/\/fromagesenbalade.com\/wp-content\/uploads\/2024\/03\/reblochon.jpg\" \/>\n\t<meta property=\"og:image:width\" content=\"321\" \/>\n\t<meta property=\"og:image:height\" content=\"260\" \/>\n\t<meta property=\"og:image:type\" content=\"image\/jpeg\" \/>\n<meta name=\"twitter:card\" content=\"summary_large_image\" \/>\n<meta name=\"twitter:label1\" content=\"Dur\u00e9e de lecture estim\u00e9e\" \/>\n\t<meta name=\"twitter:data1\" content=\"1 minute\" \/>\n<script type=\"application\/ld+json\" class=\"yoast-schema-graph\">{\"@context\":\"https:\/\/schema.org\",\"@graph\":[{\"@type\":\"WebPage\",\"@id\":\"https:\/\/fromagesenbalade.com\/index.php\/produit\/reblochon\/\",\"url\":\"https:\/\/fromagesenbalade.com\/index.php\/produit\/reblochon\/\",\"name\":\"Reblochon fermier - fromagesenbalade.com\",\"isPartOf\":{\"@id\":\"https:\/\/fromagesenbalade.com\/#website\"},\"primaryImageOfPage\":{\"@id\":\"https:\/\/fromagesenbalade.com\/index.php\/produit\/reblochon\/#primaryimage\"},\"image\":{\"@id\":\"https:\/\/fromagesenbalade.com\/index.php\/produit\/reblochon\/#primaryimage\"},\"thumbnailUrl\":\"https:\/\/fromagesenbalade.com\/wp-content\/uploads\/2024\/03\/reblochon.jpg\",\"datePublished\":\"2024-03-09T21:05:56+00:00\",\"dateModified\":\"2024-03-09T21:05:56+00:00\",\"description\":\"Fromage AOP fermier au lait cru de vache, fabriqu\u00e9 en Savoie. Bien connu en cuisine pour la tartiflette, le reblochon est un magnifique fromage de plateau qui d\u00e9veloppe des ar\u00f4mes d'\u00e9table et de sous-bois. Au palais, on retrouve des saveurs animales et noiset\u00e9es.\",\"breadcrumb\":{\"@id\":\"https:\/\/fromagesenbalade.com\/index.php\/produit\/reblochon\/#breadcrumb\"},\"inLanguage\":\"fr-FR\",\"potentialAction\":[{\"@type\":\"ReadAction\",\"target\":[\"https:\/\/fromagesenbalade.com\/index.php\/produit\/reblochon\/\"]}]},{\"@type\":\"ImageObject\",\"inLanguage\":\"fr-FR\",\"@id\":\"https:\/\/fromagesenbalade.com\/index.php\/produit\/reblochon\/#primaryimage\",\"url\":\"https:\/\/fromagesenbalade.com\/wp-content\/uploads\/2024\/03\/reblochon.jpg\",\"contentUrl\":\"https:\/\/fromagesenbalade.com\/wp-content\/uploads\/2024\/03\/reblochon.jpg\",\"width\":321,\"height\":260},{\"@type\":\"BreadcrumbList\",\"@id\":\"https:\/\/fromagesenbalade.com\/index.php\/produit\/reblochon\/#breadcrumb\",\"itemListElement\":[{\"@type\":\"ListItem\",\"position\":1,\"name\":\"Accueil\",\"item\":\"https:\/\/fromagesenbalade.com\/\"},{\"@type\":\"ListItem\",\"position\":2,\"name\":\"Mes produits\",\"item\":\"https:\/\/fromagesenbalade.com\/index.php\/produits\/\"},{\"@type\":\"ListItem\",\"position\":3,\"name\":\"Reblochon fermier\"}]},{\"@type\":\"WebSite\",\"@id\":\"https:\/\/fromagesenbalade.com\/#website\",\"url\":\"https:\/\/fromagesenbalade.com\/\",\"name\":\"fromagesenbalade.com\",\"description\":\"\",\"publisher\":{\"@id\":\"https:\/\/fromagesenbalade.com\/#organization\"},\"potentialAction\":[{\"@type\":\"SearchAction\",\"target\":{\"@type\":\"EntryPoint\",\"urlTemplate\":\"https:\/\/fromagesenbalade.com\/?s={search_term_string}\"},\"query-input\":\"required name=search_term_string\"}],\"inLanguage\":\"fr-FR\"},{\"@type\":\"Organization\",\"@id\":\"https:\/\/fromagesenbalade.com\/#organization\",\"name\":\"fromagesenbalade.com\",\"url\":\"https:\/\/fromagesenbalade.com\/\",\"logo\":{\"@type\":\"ImageObject\",\"inLanguage\":\"fr-FR\",\"@id\":\"https:\/\/fromagesenbalade.com\/#\/schema\/logo\/image\/\",\"url\":\"https:\/\/fromagesenbalade.com\/wp-content\/uploads\/2024\/01\/01-FEB-Logo-Declinaison01.png\",\"contentUrl\":\"https:\/\/fromagesenbalade.com\/wp-content\/uploads\/2024\/01\/01-FEB-Logo-Declinaison01.png\",\"width\":4588,\"height\":2481,\"caption\":\"fromagesenbalade.com\"},\"image\":{\"@id\":\"https:\/\/fromagesenbalade.com\/#\/schema\/logo\/image\/\"}}]}<\/script>\n<!-- \/ Yoast SEO plugin. -->","yoast_head_json":{"title":"Reblochon fermier - fromagesenbalade.com","description":"Fromage AOP fermier au lait cru de vache, fabriqu\u00e9 en Savoie. Bien connu en cuisine pour la tartiflette, le reblochon est un magnifique fromage de plateau qui d\u00e9veloppe des ar\u00f4mes d'\u00e9table et de sous-bois. Au palais, on retrouve des saveurs animales et noiset\u00e9es.","robots":{"index":"index","follow":"follow","max-snippet":"max-snippet:-1","max-image-preview":"max-image-preview:large","max-video-preview":"max-video-preview:-1"},"canonical":"https:\/\/fromagesenbalade.com\/index.php\/produit\/reblochon\/","og_locale":"fr_FR","og_type":"article","og_title":"Reblochon fermier - fromagesenbalade.com","og_description":"Fromage AOP fermier au lait cru de vache, fabriqu\u00e9 en Savoie. Bien connu en cuisine pour la tartiflette, le reblochon est un magnifique fromage de plateau qui d\u00e9veloppe des ar\u00f4mes d'\u00e9table et de sous-bois. Au palais, on retrouve des saveurs animales et noiset\u00e9es.","og_url":"https:\/\/fromagesenbalade.com\/index.php\/produit\/reblochon\/","og_site_name":"fromagesenbalade.com","og_image":[{"width":321,"height":260,"url":"https:\/\/fromagesenbalade.com\/wp-content\/uploads\/2024\/03\/reblochon.jpg","type":"image\/jpeg"}],"twitter_card":"summary_large_image","twitter_misc":{"Dur\u00e9e de lecture estim\u00e9e":"1 minute"},"schema":{"@context":"https:\/\/schema.org","@graph":[{"@type":"WebPage","@id":"https:\/\/fromagesenbalade.com\/index.php\/produit\/reblochon\/","url":"https:\/\/fromagesenbalade.com\/index.php\/produit\/reblochon\/","name":"Reblochon fermier - fromagesenbalade.com","isPartOf":{"@id":"https:\/\/fromagesenbalade.com\/#website"},"primaryImageOfPage":{"@id":"https:\/\/fromagesenbalade.com\/index.php\/produit\/reblochon\/#primaryimage"},"image":{"@id":"https:\/\/fromagesenbalade.com\/index.php\/produit\/reblochon\/#primaryimage"},"thumbnailUrl":"https:\/\/fromagesenbalade.com\/wp-content\/uploads\/2024\/03\/reblochon.jpg","datePublished":"2024-03-09T21:05:56+00:00","dateModified":"2024-03-09T21:05:56+00:00","description":"Fromage AOP fermier au lait cru de vache, fabriqu\u00e9 en Savoie. Bien connu en cuisine pour la tartiflette, le reblochon est un magnifique fromage de plateau qui d\u00e9veloppe des ar\u00f4mes d'\u00e9table et de sous-bois. Au palais, on retrouve des saveurs animales et noiset\u00e9es.","breadcrumb":{"@id":"https:\/\/fromagesenbalade.com\/index.php\/produit\/reblochon\/#breadcrumb"},"inLanguage":"fr-FR","potentialAction":[{"@type":"ReadAction","target":["https:\/\/fromagesenbalade.com\/index.php\/produit\/reblochon\/"]}]},{"@type":"ImageObject","inLanguage":"fr-FR","@id":"https:\/\/fromagesenbalade.com\/index.php\/produit\/reblochon\/#primaryimage","url":"https:\/\/fromagesenbalade.com\/wp-content\/uploads\/2024\/03\/reblochon.jpg","contentUrl":"https:\/\/fromagesenbalade.com\/wp-content\/uploads\/2024\/03\/reblochon.jpg","width":321,"height":260},{"@type":"BreadcrumbList","@id":"https:\/\/fromagesenbalade.com\/index.php\/produit\/reblochon\/#breadcrumb","itemListElement":[{"@type":"ListItem","position":1,"name":"Accueil","item":"https:\/\/fromagesenbalade.com\/"},{"@type":"ListItem","position":2,"name":"Mes produits","item":"https:\/\/fromagesenbalade.com\/index.php\/produits\/"},{"@type":"ListItem","position":3,"name":"Reblochon fermier"}]},{"@type":"WebSite","@id":"https:\/\/fromagesenbalade.com\/#website","url":"https:\/\/fromagesenbalade.com\/","name":"fromagesenbalade.com","description":"","publisher":{"@id":"https:\/\/fromagesenbalade.com\/#organization"},"potentialAction":[{"@type":"SearchAction","target":{"@type":"EntryPoint","urlTemplate":"https:\/\/fromagesenbalade.com\/?s={search_term_string}"},"query-input":"required name=search_term_string"}],"inLanguage":"fr-FR"},{"@type":"Organization","@id":"https:\/\/fromagesenbalade.com\/#organization","name":"fromagesenbalade.com","url":"https:\/\/fromagesenbalade.com\/","logo":{"@type":"ImageObject","inLanguage":"fr-FR","@id":"https:\/\/fromagesenbalade.com\/#\/schema\/logo\/image\/","url":"https:\/\/fromagesenbalade.com\/wp-content\/uploads\/2024\/01\/01-FEB-Logo-Declinaison01.png","contentUrl":"https:\/\/fromagesenbalade.com\/wp-content\/uploads\/2024\/01\/01-FEB-Logo-Declinaison01.png","width":4588,"height":2481,"caption":"fromagesenbalade.com"},"image":{"@id":"https:\/\/fromagesenbalade.com\/#\/schema\/logo\/image\/"}}]}},"_links":{"self":[{"href":"https:\/\/fromagesenbalade.com\/index.php\/wp-json\/wp\/v2\/product\/305"}],"collection":[{"href":"https:\/\/fromagesenbalade.com\/index.php\/wp-json\/wp\/v2\/product"}],"about":[{"href":"https:\/\/fromagesenbalade.com\/index.php\/wp-json\/wp\/v2\/types\/product"}],"replies":[{"embeddable":true,"href":"https:\/\/fromagesenbalade.com\/index.php\/wp-json\/wp\/v2\/comments?post=305"}],"wp:featuredmedia":[{"embeddable":true,"href":"https:\/\/fromagesenbalade.com\/index.php\/wp-json\/wp\/v2\/media\/306"}],"wp:attachment":[{"href":"https:\/\/fromagesenbalade.com\/index.php\/wp-json\/wp\/v2\/media?parent=305"}],"wp:term":[{"taxonomy":"product_cat","embeddable":true,"href":"https:\/\/fromagesenbalade.com\/index.php\/wp-json\/wp\/v2\/product_cat?post=305"},{"taxonomy":"product_tag","embeddable":true,"href":"https:\/\/fromagesenbalade.com\/index.php\/wp-json\/wp\/v2\/product_tag?post=305"}],"curies":[{"name":"wp","href":"https:\/\/api.w.org\/{rel}","templated":true}]}}