{"id":297,"date":"2024-03-09T21:42:30","date_gmt":"2024-03-09T20:42:30","guid":{"rendered":"https:\/\/fromagesenbalade.com\/?post_type=product&#038;p=297"},"modified":"2024-03-09T21:42:30","modified_gmt":"2024-03-09T20:42:30","slug":"pont-leveque","status":"publish","type":"product","link":"https:\/\/fromagesenbalade.com\/index.php\/produit\/pont-leveque\/","title":{"rendered":"Pont l&rsquo;Eveque"},"content":{"rendered":"<p>Fromage AOP fermier au lait cru de vache, fabriqu\u00e9 en Normandie. Sa texture souple lib\u00e8re des saveurs de foin et d&rsquo;\u00e9table. En bouche, on retrouve des ar\u00f4mes lactiques et noiset\u00e9s, qui peuvent devenir plus animales selon l&rsquo;affinage et la production.<\/p>\n","protected":false},"excerpt":{"rendered":"<p>Fromage au lait cru de ch\u00e8vre, fabriqu\u00e9 dans les Pyr\u00e9n\u00e9es. Sa p\u00e2te est tr\u00e8s cr\u00e9meuse, cachant des saveurs relev\u00e9es et subtilement animales.<\/p>\n","protected":false},"featured_media":298,"comment_status":"open","ping_status":"closed","template":"","meta":{"_et_pb_use_builder":"","_et_pb_old_content":"","_et_gb_content_width":""},"product_cat":[19,31],"product_tag":[69],"yoast_head":"<!-- This site is optimized with the Yoast SEO plugin v22.2 - https:\/\/yoast.com\/wordpress\/plugins\/seo\/ -->\n<title>Pont l&#039;Eveque - fromagesenbalade.com<\/title>\n<meta name=\"description\" content=\"Fromage au lait cru de ch\u00e8vre, fabriqu\u00e9 dans les Pyr\u00e9n\u00e9es. Sa p\u00e2te est tr\u00e8s cr\u00e9meuse, cachant des saveurs relev\u00e9es et subtilement animales.\" \/>\n<meta name=\"robots\" content=\"index, follow, max-snippet:-1, max-image-preview:large, max-video-preview:-1\" \/>\n<link rel=\"canonical\" href=\"https:\/\/fromagesenbalade.com\/index.php\/produit\/pont-leveque\/\" \/>\n<meta property=\"og:locale\" content=\"fr_FR\" \/>\n<meta property=\"og:type\" content=\"article\" \/>\n<meta property=\"og:title\" content=\"Pont l&#039;Eveque - fromagesenbalade.com\" \/>\n<meta property=\"og:description\" content=\"Fromage au lait cru de ch\u00e8vre, fabriqu\u00e9 dans les Pyr\u00e9n\u00e9es. Sa p\u00e2te est tr\u00e8s cr\u00e9meuse, cachant des saveurs relev\u00e9es et subtilement animales.\" \/>\n<meta property=\"og:url\" content=\"https:\/\/fromagesenbalade.com\/index.php\/produit\/pont-leveque\/\" \/>\n<meta property=\"og:site_name\" content=\"fromagesenbalade.com\" \/>\n<meta property=\"og:image\" content=\"https:\/\/fromagesenbalade.com\/wp-content\/uploads\/2024\/03\/pont-leveque.jpg\" \/>\n\t<meta property=\"og:image:width\" content=\"633\" \/>\n\t<meta property=\"og:image:height\" content=\"462\" \/>\n\t<meta property=\"og:image:type\" content=\"image\/jpeg\" \/>\n<meta name=\"twitter:card\" content=\"summary_large_image\" \/>\n<meta name=\"twitter:label1\" content=\"Dur\u00e9e de lecture estim\u00e9e\" \/>\n\t<meta name=\"twitter:data1\" content=\"1 minute\" \/>\n<script type=\"application\/ld+json\" class=\"yoast-schema-graph\">{\"@context\":\"https:\/\/schema.org\",\"@graph\":[{\"@type\":\"WebPage\",\"@id\":\"https:\/\/fromagesenbalade.com\/index.php\/produit\/pont-leveque\/\",\"url\":\"https:\/\/fromagesenbalade.com\/index.php\/produit\/pont-leveque\/\",\"name\":\"Pont l'Eveque - fromagesenbalade.com\",\"isPartOf\":{\"@id\":\"https:\/\/fromagesenbalade.com\/#website\"},\"primaryImageOfPage\":{\"@id\":\"https:\/\/fromagesenbalade.com\/index.php\/produit\/pont-leveque\/#primaryimage\"},\"image\":{\"@id\":\"https:\/\/fromagesenbalade.com\/index.php\/produit\/pont-leveque\/#primaryimage\"},\"thumbnailUrl\":\"https:\/\/fromagesenbalade.com\/wp-content\/uploads\/2024\/03\/pont-leveque.jpg\",\"datePublished\":\"2024-03-09T20:42:30+00:00\",\"dateModified\":\"2024-03-09T20:42:30+00:00\",\"description\":\"Fromage au lait cru de ch\u00e8vre, fabriqu\u00e9 dans les Pyr\u00e9n\u00e9es. Sa p\u00e2te est tr\u00e8s cr\u00e9meuse, cachant des saveurs relev\u00e9es et subtilement animales.\",\"breadcrumb\":{\"@id\":\"https:\/\/fromagesenbalade.com\/index.php\/produit\/pont-leveque\/#breadcrumb\"},\"inLanguage\":\"fr-FR\",\"potentialAction\":[{\"@type\":\"ReadAction\",\"target\":[\"https:\/\/fromagesenbalade.com\/index.php\/produit\/pont-leveque\/\"]}]},{\"@type\":\"ImageObject\",\"inLanguage\":\"fr-FR\",\"@id\":\"https:\/\/fromagesenbalade.com\/index.php\/produit\/pont-leveque\/#primaryimage\",\"url\":\"https:\/\/fromagesenbalade.com\/wp-content\/uploads\/2024\/03\/pont-leveque.jpg\",\"contentUrl\":\"https:\/\/fromagesenbalade.com\/wp-content\/uploads\/2024\/03\/pont-leveque.jpg\",\"width\":633,\"height\":462},{\"@type\":\"BreadcrumbList\",\"@id\":\"https:\/\/fromagesenbalade.com\/index.php\/produit\/pont-leveque\/#breadcrumb\",\"itemListElement\":[{\"@type\":\"ListItem\",\"position\":1,\"name\":\"Accueil\",\"item\":\"https:\/\/fromagesenbalade.com\/\"},{\"@type\":\"ListItem\",\"position\":2,\"name\":\"Mes produits\",\"item\":\"https:\/\/fromagesenbalade.com\/index.php\/produits\/\"},{\"@type\":\"ListItem\",\"position\":3,\"name\":\"Pont l&rsquo;Eveque\"}]},{\"@type\":\"WebSite\",\"@id\":\"https:\/\/fromagesenbalade.com\/#website\",\"url\":\"https:\/\/fromagesenbalade.com\/\",\"name\":\"fromagesenbalade.com\",\"description\":\"\",\"publisher\":{\"@id\":\"https:\/\/fromagesenbalade.com\/#organization\"},\"potentialAction\":[{\"@type\":\"SearchAction\",\"target\":{\"@type\":\"EntryPoint\",\"urlTemplate\":\"https:\/\/fromagesenbalade.com\/?s={search_term_string}\"},\"query-input\":\"required name=search_term_string\"}],\"inLanguage\":\"fr-FR\"},{\"@type\":\"Organization\",\"@id\":\"https:\/\/fromagesenbalade.com\/#organization\",\"name\":\"fromagesenbalade.com\",\"url\":\"https:\/\/fromagesenbalade.com\/\",\"logo\":{\"@type\":\"ImageObject\",\"inLanguage\":\"fr-FR\",\"@id\":\"https:\/\/fromagesenbalade.com\/#\/schema\/logo\/image\/\",\"url\":\"https:\/\/fromagesenbalade.com\/wp-content\/uploads\/2024\/01\/01-FEB-Logo-Declinaison01.png\",\"contentUrl\":\"https:\/\/fromagesenbalade.com\/wp-content\/uploads\/2024\/01\/01-FEB-Logo-Declinaison01.png\",\"width\":4588,\"height\":2481,\"caption\":\"fromagesenbalade.com\"},\"image\":{\"@id\":\"https:\/\/fromagesenbalade.com\/#\/schema\/logo\/image\/\"}}]}<\/script>\n<!-- \/ Yoast SEO plugin. -->","yoast_head_json":{"title":"Pont l'Eveque - fromagesenbalade.com","description":"Fromage au lait cru de ch\u00e8vre, fabriqu\u00e9 dans les Pyr\u00e9n\u00e9es. Sa p\u00e2te est tr\u00e8s cr\u00e9meuse, cachant des saveurs relev\u00e9es et subtilement animales.","robots":{"index":"index","follow":"follow","max-snippet":"max-snippet:-1","max-image-preview":"max-image-preview:large","max-video-preview":"max-video-preview:-1"},"canonical":"https:\/\/fromagesenbalade.com\/index.php\/produit\/pont-leveque\/","og_locale":"fr_FR","og_type":"article","og_title":"Pont l'Eveque - fromagesenbalade.com","og_description":"Fromage au lait cru de ch\u00e8vre, fabriqu\u00e9 dans les Pyr\u00e9n\u00e9es. Sa p\u00e2te est tr\u00e8s cr\u00e9meuse, cachant des saveurs relev\u00e9es et subtilement animales.","og_url":"https:\/\/fromagesenbalade.com\/index.php\/produit\/pont-leveque\/","og_site_name":"fromagesenbalade.com","og_image":[{"width":633,"height":462,"url":"https:\/\/fromagesenbalade.com\/wp-content\/uploads\/2024\/03\/pont-leveque.jpg","type":"image\/jpeg"}],"twitter_card":"summary_large_image","twitter_misc":{"Dur\u00e9e de lecture estim\u00e9e":"1 minute"},"schema":{"@context":"https:\/\/schema.org","@graph":[{"@type":"WebPage","@id":"https:\/\/fromagesenbalade.com\/index.php\/produit\/pont-leveque\/","url":"https:\/\/fromagesenbalade.com\/index.php\/produit\/pont-leveque\/","name":"Pont l'Eveque - fromagesenbalade.com","isPartOf":{"@id":"https:\/\/fromagesenbalade.com\/#website"},"primaryImageOfPage":{"@id":"https:\/\/fromagesenbalade.com\/index.php\/produit\/pont-leveque\/#primaryimage"},"image":{"@id":"https:\/\/fromagesenbalade.com\/index.php\/produit\/pont-leveque\/#primaryimage"},"thumbnailUrl":"https:\/\/fromagesenbalade.com\/wp-content\/uploads\/2024\/03\/pont-leveque.jpg","datePublished":"2024-03-09T20:42:30+00:00","dateModified":"2024-03-09T20:42:30+00:00","description":"Fromage au lait cru de ch\u00e8vre, fabriqu\u00e9 dans les Pyr\u00e9n\u00e9es. Sa p\u00e2te est tr\u00e8s cr\u00e9meuse, cachant des saveurs relev\u00e9es et subtilement animales.","breadcrumb":{"@id":"https:\/\/fromagesenbalade.com\/index.php\/produit\/pont-leveque\/#breadcrumb"},"inLanguage":"fr-FR","potentialAction":[{"@type":"ReadAction","target":["https:\/\/fromagesenbalade.com\/index.php\/produit\/pont-leveque\/"]}]},{"@type":"ImageObject","inLanguage":"fr-FR","@id":"https:\/\/fromagesenbalade.com\/index.php\/produit\/pont-leveque\/#primaryimage","url":"https:\/\/fromagesenbalade.com\/wp-content\/uploads\/2024\/03\/pont-leveque.jpg","contentUrl":"https:\/\/fromagesenbalade.com\/wp-content\/uploads\/2024\/03\/pont-leveque.jpg","width":633,"height":462},{"@type":"BreadcrumbList","@id":"https:\/\/fromagesenbalade.com\/index.php\/produit\/pont-leveque\/#breadcrumb","itemListElement":[{"@type":"ListItem","position":1,"name":"Accueil","item":"https:\/\/fromagesenbalade.com\/"},{"@type":"ListItem","position":2,"name":"Mes produits","item":"https:\/\/fromagesenbalade.com\/index.php\/produits\/"},{"@type":"ListItem","position":3,"name":"Pont l&rsquo;Eveque"}]},{"@type":"WebSite","@id":"https:\/\/fromagesenbalade.com\/#website","url":"https:\/\/fromagesenbalade.com\/","name":"fromagesenbalade.com","description":"","publisher":{"@id":"https:\/\/fromagesenbalade.com\/#organization"},"potentialAction":[{"@type":"SearchAction","target":{"@type":"EntryPoint","urlTemplate":"https:\/\/fromagesenbalade.com\/?s={search_term_string}"},"query-input":"required name=search_term_string"}],"inLanguage":"fr-FR"},{"@type":"Organization","@id":"https:\/\/fromagesenbalade.com\/#organization","name":"fromagesenbalade.com","url":"https:\/\/fromagesenbalade.com\/","logo":{"@type":"ImageObject","inLanguage":"fr-FR","@id":"https:\/\/fromagesenbalade.com\/#\/schema\/logo\/image\/","url":"https:\/\/fromagesenbalade.com\/wp-content\/uploads\/2024\/01\/01-FEB-Logo-Declinaison01.png","contentUrl":"https:\/\/fromagesenbalade.com\/wp-content\/uploads\/2024\/01\/01-FEB-Logo-Declinaison01.png","width":4588,"height":2481,"caption":"fromagesenbalade.com"},"image":{"@id":"https:\/\/fromagesenbalade.com\/#\/schema\/logo\/image\/"}}]}},"_links":{"self":[{"href":"https:\/\/fromagesenbalade.com\/index.php\/wp-json\/wp\/v2\/product\/297"}],"collection":[{"href":"https:\/\/fromagesenbalade.com\/index.php\/wp-json\/wp\/v2\/product"}],"about":[{"href":"https:\/\/fromagesenbalade.com\/index.php\/wp-json\/wp\/v2\/types\/product"}],"replies":[{"embeddable":true,"href":"https:\/\/fromagesenbalade.com\/index.php\/wp-json\/wp\/v2\/comments?post=297"}],"wp:featuredmedia":[{"embeddable":true,"href":"https:\/\/fromagesenbalade.com\/index.php\/wp-json\/wp\/v2\/media\/298"}],"wp:attachment":[{"href":"https:\/\/fromagesenbalade.com\/index.php\/wp-json\/wp\/v2\/media?parent=297"}],"wp:term":[{"taxonomy":"product_cat","embeddable":true,"href":"https:\/\/fromagesenbalade.com\/index.php\/wp-json\/wp\/v2\/product_cat?post=297"},{"taxonomy":"product_tag","embeddable":true,"href":"https:\/\/fromagesenbalade.com\/index.php\/wp-json\/wp\/v2\/product_tag?post=297"}],"curies":[{"name":"wp","href":"https:\/\/api.w.org\/{rel}","templated":true}]}}