{"id":289,"date":"2024-03-09T21:10:36","date_gmt":"2024-03-09T20:10:36","guid":{"rendered":"https:\/\/fromagesenbalade.com\/?post_type=product&#038;p=289"},"modified":"2024-03-09T21:10:36","modified_gmt":"2024-03-09T20:10:36","slug":"munster-220g","status":"publish","type":"product","link":"https:\/\/fromagesenbalade.com\/index.php\/produit\/munster-220g\/","title":{"rendered":"Munster 220g"},"content":{"rendered":"<p>Fromage AOP au lait cru de vache, fabriqu\u00e9 en Alsace. Tout comme le Maroilles, le Munster est particuli\u00e8rement odorant. Cette puissance se transforme au palais en une p\u00e2te et une texture d\u00e9licate. On y retrouve des saveurs florales, sal\u00e9es et acidul\u00e9es, avec une belle longueur en bouche.<\/p>\n","protected":false},"excerpt":{"rendered":"<p>Fromage AOP au lait cru de vache, fabriqu\u00e9 en Alsace. Tout comme le Maroilles, le Munster est particuli\u00e8rement odorant. Cette puissance se transforme au palais en une p\u00e2te et une texture d\u00e9licate. On y retrouve des saveurs florales, sal\u00e9es et acidul\u00e9es, avec une belle longueur en bouche.<\/p>\n","protected":false},"featured_media":238,"comment_status":"open","ping_status":"closed","template":"","meta":{"_et_pb_use_builder":"","_et_pb_old_content":"","_et_gb_content_width":""},"product_cat":[19,31],"product_tag":[63],"yoast_head":"<!-- This site is optimized with the Yoast SEO plugin v22.2 - https:\/\/yoast.com\/wordpress\/plugins\/seo\/ -->\n<title>Munster 220g - fromagesenbalade.com<\/title>\n<meta name=\"description\" content=\"Fromage AOP au lait cru de vache, fabriqu\u00e9 en Alsace. Tout comme le Maroilles, le Munster est particuli\u00e8rement odorant. Cette puissance se transforme au palais en une p\u00e2te et une texture d\u00e9licate. On y retrouve des saveurs florales, sal\u00e9es et acidul\u00e9es, avec une belle longueur en bouche.\" \/>\n<meta name=\"robots\" content=\"index, follow, max-snippet:-1, max-image-preview:large, max-video-preview:-1\" \/>\n<link rel=\"canonical\" href=\"https:\/\/fromagesenbalade.com\/index.php\/produit\/munster-220g\/\" \/>\n<meta property=\"og:locale\" content=\"fr_FR\" \/>\n<meta property=\"og:type\" content=\"article\" \/>\n<meta property=\"og:title\" content=\"Munster 220g - fromagesenbalade.com\" \/>\n<meta property=\"og:description\" content=\"Fromage AOP au lait cru de vache, fabriqu\u00e9 en Alsace. Tout comme le Maroilles, le Munster est particuli\u00e8rement odorant. Cette puissance se transforme au palais en une p\u00e2te et une texture d\u00e9licate. On y retrouve des saveurs florales, sal\u00e9es et acidul\u00e9es, avec une belle longueur en bouche.\" \/>\n<meta property=\"og:url\" content=\"https:\/\/fromagesenbalade.com\/index.php\/produit\/munster-220g\/\" \/>\n<meta property=\"og:site_name\" content=\"fromagesenbalade.com\" \/>\n<meta property=\"og:image\" content=\"https:\/\/fromagesenbalade.com\/wp-content\/uploads\/2024\/03\/munster.jpg\" \/>\n\t<meta property=\"og:image:width\" content=\"308\" \/>\n\t<meta property=\"og:image:height\" content=\"250\" \/>\n\t<meta property=\"og:image:type\" content=\"image\/jpeg\" \/>\n<meta name=\"twitter:card\" content=\"summary_large_image\" \/>\n<meta name=\"twitter:label1\" content=\"Dur\u00e9e de lecture estim\u00e9e\" \/>\n\t<meta name=\"twitter:data1\" content=\"1 minute\" \/>\n<script type=\"application\/ld+json\" class=\"yoast-schema-graph\">{\"@context\":\"https:\/\/schema.org\",\"@graph\":[{\"@type\":\"WebPage\",\"@id\":\"https:\/\/fromagesenbalade.com\/index.php\/produit\/munster-220g\/\",\"url\":\"https:\/\/fromagesenbalade.com\/index.php\/produit\/munster-220g\/\",\"name\":\"Munster 220g - fromagesenbalade.com\",\"isPartOf\":{\"@id\":\"https:\/\/fromagesenbalade.com\/#website\"},\"primaryImageOfPage\":{\"@id\":\"https:\/\/fromagesenbalade.com\/index.php\/produit\/munster-220g\/#primaryimage\"},\"image\":{\"@id\":\"https:\/\/fromagesenbalade.com\/index.php\/produit\/munster-220g\/#primaryimage\"},\"thumbnailUrl\":\"https:\/\/fromagesenbalade.com\/wp-content\/uploads\/2024\/03\/munster.jpg\",\"datePublished\":\"2024-03-09T20:10:36+00:00\",\"dateModified\":\"2024-03-09T20:10:36+00:00\",\"description\":\"Fromage AOP au lait cru de vache, fabriqu\u00e9 en Alsace. Tout comme le Maroilles, le Munster est particuli\u00e8rement odorant. Cette puissance se transforme au palais en une p\u00e2te et une texture d\u00e9licate. On y retrouve des saveurs florales, sal\u00e9es et acidul\u00e9es, avec une belle longueur en bouche.\",\"breadcrumb\":{\"@id\":\"https:\/\/fromagesenbalade.com\/index.php\/produit\/munster-220g\/#breadcrumb\"},\"inLanguage\":\"fr-FR\",\"potentialAction\":[{\"@type\":\"ReadAction\",\"target\":[\"https:\/\/fromagesenbalade.com\/index.php\/produit\/munster-220g\/\"]}]},{\"@type\":\"ImageObject\",\"inLanguage\":\"fr-FR\",\"@id\":\"https:\/\/fromagesenbalade.com\/index.php\/produit\/munster-220g\/#primaryimage\",\"url\":\"https:\/\/fromagesenbalade.com\/wp-content\/uploads\/2024\/03\/munster.jpg\",\"contentUrl\":\"https:\/\/fromagesenbalade.com\/wp-content\/uploads\/2024\/03\/munster.jpg\",\"width\":308,\"height\":250},{\"@type\":\"BreadcrumbList\",\"@id\":\"https:\/\/fromagesenbalade.com\/index.php\/produit\/munster-220g\/#breadcrumb\",\"itemListElement\":[{\"@type\":\"ListItem\",\"position\":1,\"name\":\"Accueil\",\"item\":\"https:\/\/fromagesenbalade.com\/\"},{\"@type\":\"ListItem\",\"position\":2,\"name\":\"Mes produits\",\"item\":\"https:\/\/fromagesenbalade.com\/index.php\/produits\/\"},{\"@type\":\"ListItem\",\"position\":3,\"name\":\"Munster 220g\"}]},{\"@type\":\"WebSite\",\"@id\":\"https:\/\/fromagesenbalade.com\/#website\",\"url\":\"https:\/\/fromagesenbalade.com\/\",\"name\":\"fromagesenbalade.com\",\"description\":\"\",\"publisher\":{\"@id\":\"https:\/\/fromagesenbalade.com\/#organization\"},\"potentialAction\":[{\"@type\":\"SearchAction\",\"target\":{\"@type\":\"EntryPoint\",\"urlTemplate\":\"https:\/\/fromagesenbalade.com\/?s={search_term_string}\"},\"query-input\":\"required name=search_term_string\"}],\"inLanguage\":\"fr-FR\"},{\"@type\":\"Organization\",\"@id\":\"https:\/\/fromagesenbalade.com\/#organization\",\"name\":\"fromagesenbalade.com\",\"url\":\"https:\/\/fromagesenbalade.com\/\",\"logo\":{\"@type\":\"ImageObject\",\"inLanguage\":\"fr-FR\",\"@id\":\"https:\/\/fromagesenbalade.com\/#\/schema\/logo\/image\/\",\"url\":\"https:\/\/fromagesenbalade.com\/wp-content\/uploads\/2024\/01\/01-FEB-Logo-Declinaison01.png\",\"contentUrl\":\"https:\/\/fromagesenbalade.com\/wp-content\/uploads\/2024\/01\/01-FEB-Logo-Declinaison01.png\",\"width\":4588,\"height\":2481,\"caption\":\"fromagesenbalade.com\"},\"image\":{\"@id\":\"https:\/\/fromagesenbalade.com\/#\/schema\/logo\/image\/\"}}]}<\/script>\n<!-- \/ Yoast SEO plugin. -->","yoast_head_json":{"title":"Munster 220g - fromagesenbalade.com","description":"Fromage AOP au lait cru de vache, fabriqu\u00e9 en Alsace. Tout comme le Maroilles, le Munster est particuli\u00e8rement odorant. Cette puissance se transforme au palais en une p\u00e2te et une texture d\u00e9licate. On y retrouve des saveurs florales, sal\u00e9es et acidul\u00e9es, avec une belle longueur en bouche.","robots":{"index":"index","follow":"follow","max-snippet":"max-snippet:-1","max-image-preview":"max-image-preview:large","max-video-preview":"max-video-preview:-1"},"canonical":"https:\/\/fromagesenbalade.com\/index.php\/produit\/munster-220g\/","og_locale":"fr_FR","og_type":"article","og_title":"Munster 220g - fromagesenbalade.com","og_description":"Fromage AOP au lait cru de vache, fabriqu\u00e9 en Alsace. Tout comme le Maroilles, le Munster est particuli\u00e8rement odorant. Cette puissance se transforme au palais en une p\u00e2te et une texture d\u00e9licate. On y retrouve des saveurs florales, sal\u00e9es et acidul\u00e9es, avec une belle longueur en bouche.","og_url":"https:\/\/fromagesenbalade.com\/index.php\/produit\/munster-220g\/","og_site_name":"fromagesenbalade.com","og_image":[{"width":308,"height":250,"url":"https:\/\/fromagesenbalade.com\/wp-content\/uploads\/2024\/03\/munster.jpg","type":"image\/jpeg"}],"twitter_card":"summary_large_image","twitter_misc":{"Dur\u00e9e de lecture estim\u00e9e":"1 minute"},"schema":{"@context":"https:\/\/schema.org","@graph":[{"@type":"WebPage","@id":"https:\/\/fromagesenbalade.com\/index.php\/produit\/munster-220g\/","url":"https:\/\/fromagesenbalade.com\/index.php\/produit\/munster-220g\/","name":"Munster 220g - fromagesenbalade.com","isPartOf":{"@id":"https:\/\/fromagesenbalade.com\/#website"},"primaryImageOfPage":{"@id":"https:\/\/fromagesenbalade.com\/index.php\/produit\/munster-220g\/#primaryimage"},"image":{"@id":"https:\/\/fromagesenbalade.com\/index.php\/produit\/munster-220g\/#primaryimage"},"thumbnailUrl":"https:\/\/fromagesenbalade.com\/wp-content\/uploads\/2024\/03\/munster.jpg","datePublished":"2024-03-09T20:10:36+00:00","dateModified":"2024-03-09T20:10:36+00:00","description":"Fromage AOP au lait cru de vache, fabriqu\u00e9 en Alsace. Tout comme le Maroilles, le Munster est particuli\u00e8rement odorant. Cette puissance se transforme au palais en une p\u00e2te et une texture d\u00e9licate. On y retrouve des saveurs florales, sal\u00e9es et acidul\u00e9es, avec une belle longueur en bouche.","breadcrumb":{"@id":"https:\/\/fromagesenbalade.com\/index.php\/produit\/munster-220g\/#breadcrumb"},"inLanguage":"fr-FR","potentialAction":[{"@type":"ReadAction","target":["https:\/\/fromagesenbalade.com\/index.php\/produit\/munster-220g\/"]}]},{"@type":"ImageObject","inLanguage":"fr-FR","@id":"https:\/\/fromagesenbalade.com\/index.php\/produit\/munster-220g\/#primaryimage","url":"https:\/\/fromagesenbalade.com\/wp-content\/uploads\/2024\/03\/munster.jpg","contentUrl":"https:\/\/fromagesenbalade.com\/wp-content\/uploads\/2024\/03\/munster.jpg","width":308,"height":250},{"@type":"BreadcrumbList","@id":"https:\/\/fromagesenbalade.com\/index.php\/produit\/munster-220g\/#breadcrumb","itemListElement":[{"@type":"ListItem","position":1,"name":"Accueil","item":"https:\/\/fromagesenbalade.com\/"},{"@type":"ListItem","position":2,"name":"Mes produits","item":"https:\/\/fromagesenbalade.com\/index.php\/produits\/"},{"@type":"ListItem","position":3,"name":"Munster 220g"}]},{"@type":"WebSite","@id":"https:\/\/fromagesenbalade.com\/#website","url":"https:\/\/fromagesenbalade.com\/","name":"fromagesenbalade.com","description":"","publisher":{"@id":"https:\/\/fromagesenbalade.com\/#organization"},"potentialAction":[{"@type":"SearchAction","target":{"@type":"EntryPoint","urlTemplate":"https:\/\/fromagesenbalade.com\/?s={search_term_string}"},"query-input":"required name=search_term_string"}],"inLanguage":"fr-FR"},{"@type":"Organization","@id":"https:\/\/fromagesenbalade.com\/#organization","name":"fromagesenbalade.com","url":"https:\/\/fromagesenbalade.com\/","logo":{"@type":"ImageObject","inLanguage":"fr-FR","@id":"https:\/\/fromagesenbalade.com\/#\/schema\/logo\/image\/","url":"https:\/\/fromagesenbalade.com\/wp-content\/uploads\/2024\/01\/01-FEB-Logo-Declinaison01.png","contentUrl":"https:\/\/fromagesenbalade.com\/wp-content\/uploads\/2024\/01\/01-FEB-Logo-Declinaison01.png","width":4588,"height":2481,"caption":"fromagesenbalade.com"},"image":{"@id":"https:\/\/fromagesenbalade.com\/#\/schema\/logo\/image\/"}}]}},"_links":{"self":[{"href":"https:\/\/fromagesenbalade.com\/index.php\/wp-json\/wp\/v2\/product\/289"}],"collection":[{"href":"https:\/\/fromagesenbalade.com\/index.php\/wp-json\/wp\/v2\/product"}],"about":[{"href":"https:\/\/fromagesenbalade.com\/index.php\/wp-json\/wp\/v2\/types\/product"}],"replies":[{"embeddable":true,"href":"https:\/\/fromagesenbalade.com\/index.php\/wp-json\/wp\/v2\/comments?post=289"}],"wp:featuredmedia":[{"embeddable":true,"href":"https:\/\/fromagesenbalade.com\/index.php\/wp-json\/wp\/v2\/media\/238"}],"wp:attachment":[{"href":"https:\/\/fromagesenbalade.com\/index.php\/wp-json\/wp\/v2\/media?parent=289"}],"wp:term":[{"taxonomy":"product_cat","embeddable":true,"href":"https:\/\/fromagesenbalade.com\/index.php\/wp-json\/wp\/v2\/product_cat?post=289"},{"taxonomy":"product_tag","embeddable":true,"href":"https:\/\/fromagesenbalade.com\/index.php\/wp-json\/wp\/v2\/product_tag?post=289"}],"curies":[{"name":"wp","href":"https:\/\/api.w.org\/{rel}","templated":true}]}}