{"id":275,"date":"2024-03-09T15:23:10","date_gmt":"2024-03-09T14:23:10","guid":{"rendered":"https:\/\/fromagesenbalade.com\/?post_type=product&#038;p=275"},"modified":"2025-07-01T01:16:11","modified_gmt":"2025-06-30T23:16:11","slug":"langres","status":"publish","type":"product","link":"https:\/\/fromagesenbalade.com\/index.php\/produit\/langres\/","title":{"rendered":"Langres"},"content":{"rendered":"<p>Fromage AOP fermier au lait cru de vache, fabriqu\u00e9 en Haute Marne. Il pr\u00e9sente au nez des notes plut\u00f4t prononc\u00e9es mais conservant une certaine fraicheur. La texture est souple et fondante et offre des notes de fruits secs, d&rsquo;herbe fraiches et de cr\u00e8me.<\/p>\n","protected":false},"excerpt":{"rendered":"<p>Fromage AOP fermier au lait cru de vache, fabriqu\u00e9 en Haute Marne. Il pr\u00e9sente au nez des notes plut\u00f4t prononc\u00e9es mais conservant une certaine fraicheur. La texture est souple et fondante et offre des notes de fruits secs, d&rsquo;herbe fraiches et de cr\u00e8me.<\/p>\n","protected":false},"featured_media":230,"comment_status":"open","ping_status":"closed","template":"","meta":{"_et_pb_use_builder":"","_et_pb_old_content":"","_et_gb_content_width":""},"product_cat":[19,31],"product_tag":[56],"yoast_head":"<!-- This site is optimized with the Yoast SEO plugin v22.2 - https:\/\/yoast.com\/wordpress\/plugins\/seo\/ -->\n<title>Langres - fromagesenbalade.com<\/title>\n<meta name=\"description\" content=\"Fromage AOP fermier au lait cru de vache, fabriqu\u00e9 en Haute Marne. Il pr\u00e9sente au nez des notes plut\u00f4t prononc\u00e9es mais conservant une certaine fraicheur. La texture est souple et fondante et offre des notes de fruits secs, d&#039;herbe fraiches et de cr\u00e8me.\" \/>\n<meta name=\"robots\" content=\"index, follow, max-snippet:-1, max-image-preview:large, max-video-preview:-1\" \/>\n<link rel=\"canonical\" href=\"https:\/\/fromagesenbalade.com\/index.php\/produit\/langres\/\" \/>\n<meta property=\"og:locale\" content=\"fr_FR\" \/>\n<meta property=\"og:type\" content=\"article\" \/>\n<meta property=\"og:title\" content=\"Langres - fromagesenbalade.com\" \/>\n<meta property=\"og:description\" content=\"Fromage AOP fermier au lait cru de vache, fabriqu\u00e9 en Haute Marne. Il pr\u00e9sente au nez des notes plut\u00f4t prononc\u00e9es mais conservant une certaine fraicheur. La texture est souple et fondante et offre des notes de fruits secs, d&#039;herbe fraiches et de cr\u00e8me.\" \/>\n<meta property=\"og:url\" content=\"https:\/\/fromagesenbalade.com\/index.php\/produit\/langres\/\" \/>\n<meta property=\"og:site_name\" content=\"fromagesenbalade.com\" \/>\n<meta property=\"article:modified_time\" content=\"2025-06-30T23:16:11+00:00\" \/>\n<meta property=\"og:image\" content=\"https:\/\/fromagesenbalade.com\/wp-content\/uploads\/2024\/03\/langres.jpg\" \/>\n\t<meta property=\"og:image:width\" content=\"301\" \/>\n\t<meta property=\"og:image:height\" content=\"247\" \/>\n\t<meta property=\"og:image:type\" content=\"image\/jpeg\" \/>\n<meta name=\"twitter:card\" content=\"summary_large_image\" \/>\n<meta name=\"twitter:label1\" content=\"Dur\u00e9e de lecture estim\u00e9e\" \/>\n\t<meta name=\"twitter:data1\" content=\"1 minute\" \/>\n<script type=\"application\/ld+json\" class=\"yoast-schema-graph\">{\"@context\":\"https:\/\/schema.org\",\"@graph\":[{\"@type\":\"WebPage\",\"@id\":\"https:\/\/fromagesenbalade.com\/index.php\/produit\/langres\/\",\"url\":\"https:\/\/fromagesenbalade.com\/index.php\/produit\/langres\/\",\"name\":\"Langres - fromagesenbalade.com\",\"isPartOf\":{\"@id\":\"https:\/\/fromagesenbalade.com\/#website\"},\"primaryImageOfPage\":{\"@id\":\"https:\/\/fromagesenbalade.com\/index.php\/produit\/langres\/#primaryimage\"},\"image\":{\"@id\":\"https:\/\/fromagesenbalade.com\/index.php\/produit\/langres\/#primaryimage\"},\"thumbnailUrl\":\"https:\/\/fromagesenbalade.com\/wp-content\/uploads\/2024\/03\/langres.jpg\",\"datePublished\":\"2024-03-09T14:23:10+00:00\",\"dateModified\":\"2025-06-30T23:16:11+00:00\",\"description\":\"Fromage AOP fermier au lait cru de vache, fabriqu\u00e9 en Haute Marne. Il pr\u00e9sente au nez des notes plut\u00f4t prononc\u00e9es mais conservant une certaine fraicheur. La texture est souple et fondante et offre des notes de fruits secs, d'herbe fraiches et de cr\u00e8me.\",\"breadcrumb\":{\"@id\":\"https:\/\/fromagesenbalade.com\/index.php\/produit\/langres\/#breadcrumb\"},\"inLanguage\":\"fr-FR\",\"potentialAction\":[{\"@type\":\"ReadAction\",\"target\":[\"https:\/\/fromagesenbalade.com\/index.php\/produit\/langres\/\"]}]},{\"@type\":\"ImageObject\",\"inLanguage\":\"fr-FR\",\"@id\":\"https:\/\/fromagesenbalade.com\/index.php\/produit\/langres\/#primaryimage\",\"url\":\"https:\/\/fromagesenbalade.com\/wp-content\/uploads\/2024\/03\/langres.jpg\",\"contentUrl\":\"https:\/\/fromagesenbalade.com\/wp-content\/uploads\/2024\/03\/langres.jpg\",\"width\":301,\"height\":247},{\"@type\":\"BreadcrumbList\",\"@id\":\"https:\/\/fromagesenbalade.com\/index.php\/produit\/langres\/#breadcrumb\",\"itemListElement\":[{\"@type\":\"ListItem\",\"position\":1,\"name\":\"Accueil\",\"item\":\"https:\/\/fromagesenbalade.com\/\"},{\"@type\":\"ListItem\",\"position\":2,\"name\":\"Mes produits\",\"item\":\"https:\/\/fromagesenbalade.com\/index.php\/produits\/\"},{\"@type\":\"ListItem\",\"position\":3,\"name\":\"Langres\"}]},{\"@type\":\"WebSite\",\"@id\":\"https:\/\/fromagesenbalade.com\/#website\",\"url\":\"https:\/\/fromagesenbalade.com\/\",\"name\":\"fromagesenbalade.com\",\"description\":\"\",\"publisher\":{\"@id\":\"https:\/\/fromagesenbalade.com\/#organization\"},\"potentialAction\":[{\"@type\":\"SearchAction\",\"target\":{\"@type\":\"EntryPoint\",\"urlTemplate\":\"https:\/\/fromagesenbalade.com\/?s={search_term_string}\"},\"query-input\":\"required name=search_term_string\"}],\"inLanguage\":\"fr-FR\"},{\"@type\":\"Organization\",\"@id\":\"https:\/\/fromagesenbalade.com\/#organization\",\"name\":\"fromagesenbalade.com\",\"url\":\"https:\/\/fromagesenbalade.com\/\",\"logo\":{\"@type\":\"ImageObject\",\"inLanguage\":\"fr-FR\",\"@id\":\"https:\/\/fromagesenbalade.com\/#\/schema\/logo\/image\/\",\"url\":\"https:\/\/fromagesenbalade.com\/wp-content\/uploads\/2024\/01\/01-FEB-Logo-Declinaison01.png\",\"contentUrl\":\"https:\/\/fromagesenbalade.com\/wp-content\/uploads\/2024\/01\/01-FEB-Logo-Declinaison01.png\",\"width\":4588,\"height\":2481,\"caption\":\"fromagesenbalade.com\"},\"image\":{\"@id\":\"https:\/\/fromagesenbalade.com\/#\/schema\/logo\/image\/\"}}]}<\/script>\n<!-- \/ Yoast SEO plugin. -->","yoast_head_json":{"title":"Langres - fromagesenbalade.com","description":"Fromage AOP fermier au lait cru de vache, fabriqu\u00e9 en Haute Marne. Il pr\u00e9sente au nez des notes plut\u00f4t prononc\u00e9es mais conservant une certaine fraicheur. La texture est souple et fondante et offre des notes de fruits secs, d'herbe fraiches et de cr\u00e8me.","robots":{"index":"index","follow":"follow","max-snippet":"max-snippet:-1","max-image-preview":"max-image-preview:large","max-video-preview":"max-video-preview:-1"},"canonical":"https:\/\/fromagesenbalade.com\/index.php\/produit\/langres\/","og_locale":"fr_FR","og_type":"article","og_title":"Langres - fromagesenbalade.com","og_description":"Fromage AOP fermier au lait cru de vache, fabriqu\u00e9 en Haute Marne. Il pr\u00e9sente au nez des notes plut\u00f4t prononc\u00e9es mais conservant une certaine fraicheur. La texture est souple et fondante et offre des notes de fruits secs, d'herbe fraiches et de cr\u00e8me.","og_url":"https:\/\/fromagesenbalade.com\/index.php\/produit\/langres\/","og_site_name":"fromagesenbalade.com","article_modified_time":"2025-06-30T23:16:11+00:00","og_image":[{"width":301,"height":247,"url":"https:\/\/fromagesenbalade.com\/wp-content\/uploads\/2024\/03\/langres.jpg","type":"image\/jpeg"}],"twitter_card":"summary_large_image","twitter_misc":{"Dur\u00e9e de lecture estim\u00e9e":"1 minute"},"schema":{"@context":"https:\/\/schema.org","@graph":[{"@type":"WebPage","@id":"https:\/\/fromagesenbalade.com\/index.php\/produit\/langres\/","url":"https:\/\/fromagesenbalade.com\/index.php\/produit\/langres\/","name":"Langres - fromagesenbalade.com","isPartOf":{"@id":"https:\/\/fromagesenbalade.com\/#website"},"primaryImageOfPage":{"@id":"https:\/\/fromagesenbalade.com\/index.php\/produit\/langres\/#primaryimage"},"image":{"@id":"https:\/\/fromagesenbalade.com\/index.php\/produit\/langres\/#primaryimage"},"thumbnailUrl":"https:\/\/fromagesenbalade.com\/wp-content\/uploads\/2024\/03\/langres.jpg","datePublished":"2024-03-09T14:23:10+00:00","dateModified":"2025-06-30T23:16:11+00:00","description":"Fromage AOP fermier au lait cru de vache, fabriqu\u00e9 en Haute Marne. Il pr\u00e9sente au nez des notes plut\u00f4t prononc\u00e9es mais conservant une certaine fraicheur. La texture est souple et fondante et offre des notes de fruits secs, d'herbe fraiches et de cr\u00e8me.","breadcrumb":{"@id":"https:\/\/fromagesenbalade.com\/index.php\/produit\/langres\/#breadcrumb"},"inLanguage":"fr-FR","potentialAction":[{"@type":"ReadAction","target":["https:\/\/fromagesenbalade.com\/index.php\/produit\/langres\/"]}]},{"@type":"ImageObject","inLanguage":"fr-FR","@id":"https:\/\/fromagesenbalade.com\/index.php\/produit\/langres\/#primaryimage","url":"https:\/\/fromagesenbalade.com\/wp-content\/uploads\/2024\/03\/langres.jpg","contentUrl":"https:\/\/fromagesenbalade.com\/wp-content\/uploads\/2024\/03\/langres.jpg","width":301,"height":247},{"@type":"BreadcrumbList","@id":"https:\/\/fromagesenbalade.com\/index.php\/produit\/langres\/#breadcrumb","itemListElement":[{"@type":"ListItem","position":1,"name":"Accueil","item":"https:\/\/fromagesenbalade.com\/"},{"@type":"ListItem","position":2,"name":"Mes produits","item":"https:\/\/fromagesenbalade.com\/index.php\/produits\/"},{"@type":"ListItem","position":3,"name":"Langres"}]},{"@type":"WebSite","@id":"https:\/\/fromagesenbalade.com\/#website","url":"https:\/\/fromagesenbalade.com\/","name":"fromagesenbalade.com","description":"","publisher":{"@id":"https:\/\/fromagesenbalade.com\/#organization"},"potentialAction":[{"@type":"SearchAction","target":{"@type":"EntryPoint","urlTemplate":"https:\/\/fromagesenbalade.com\/?s={search_term_string}"},"query-input":"required name=search_term_string"}],"inLanguage":"fr-FR"},{"@type":"Organization","@id":"https:\/\/fromagesenbalade.com\/#organization","name":"fromagesenbalade.com","url":"https:\/\/fromagesenbalade.com\/","logo":{"@type":"ImageObject","inLanguage":"fr-FR","@id":"https:\/\/fromagesenbalade.com\/#\/schema\/logo\/image\/","url":"https:\/\/fromagesenbalade.com\/wp-content\/uploads\/2024\/01\/01-FEB-Logo-Declinaison01.png","contentUrl":"https:\/\/fromagesenbalade.com\/wp-content\/uploads\/2024\/01\/01-FEB-Logo-Declinaison01.png","width":4588,"height":2481,"caption":"fromagesenbalade.com"},"image":{"@id":"https:\/\/fromagesenbalade.com\/#\/schema\/logo\/image\/"}}]}},"_links":{"self":[{"href":"https:\/\/fromagesenbalade.com\/index.php\/wp-json\/wp\/v2\/product\/275"}],"collection":[{"href":"https:\/\/fromagesenbalade.com\/index.php\/wp-json\/wp\/v2\/product"}],"about":[{"href":"https:\/\/fromagesenbalade.com\/index.php\/wp-json\/wp\/v2\/types\/product"}],"replies":[{"embeddable":true,"href":"https:\/\/fromagesenbalade.com\/index.php\/wp-json\/wp\/v2\/comments?post=275"}],"wp:featuredmedia":[{"embeddable":true,"href":"https:\/\/fromagesenbalade.com\/index.php\/wp-json\/wp\/v2\/media\/230"}],"wp:attachment":[{"href":"https:\/\/fromagesenbalade.com\/index.php\/wp-json\/wp\/v2\/media?parent=275"}],"wp:term":[{"taxonomy":"product_cat","embeddable":true,"href":"https:\/\/fromagesenbalade.com\/index.php\/wp-json\/wp\/v2\/product_cat?post=275"},{"taxonomy":"product_tag","embeddable":true,"href":"https:\/\/fromagesenbalade.com\/index.php\/wp-json\/wp\/v2\/product_tag?post=275"}],"curies":[{"name":"wp","href":"https:\/\/api.w.org\/{rel}","templated":true}]}}