{"id":274,"date":"2024-03-09T15:19:20","date_gmt":"2024-03-09T14:19:20","guid":{"rendered":"https:\/\/fromagesenbalade.com\/?post_type=product&#038;p=274"},"modified":"2024-03-09T15:19:20","modified_gmt":"2024-03-09T14:19:20","slug":"laguiole-200g","status":"publish","type":"product","link":"https:\/\/fromagesenbalade.com\/index.php\/produit\/laguiole-200g\/","title":{"rendered":"Laguiole 200g"},"content":{"rendered":"<p>Fromage AOP au lait cru de vache affin\u00e9 10 \u00e0 15 mois et fabriqu\u00e9 dans l&rsquo;Aveyron. Son apparente rusticit\u00e9 \u00e0 l&rsquo;oeil et au nez cache en r\u00e9alit\u00e9 un fromage fin, typ\u00e9 mais d\u00e9licat, avec une texture fondante et des saveurs en bouche lact\u00e9es et herbac\u00e9es ainsi que des ar\u00f4mes de fruits secs.<\/p>\n","protected":false},"excerpt":{"rendered":"<p>Fromage AOP au lait cru de vache affin\u00e9 10 \u00e0 15 mois et fabriqu\u00e9 dans l&rsquo;Aveyron. Son apparente rusticit\u00e9 \u00e0 l&rsquo;oeil et au nez cache en r\u00e9alit\u00e9 un fromage fin, typ\u00e9 mais d\u00e9licat, avec une texture fondante et des saveurs en bouche lact\u00e9es et herbac\u00e9es ainsi que des ar\u00f4mes de fruits secs.<\/p>\n","protected":false},"featured_media":229,"comment_status":"open","ping_status":"closed","template":"","meta":{"_et_pb_use_builder":"","_et_pb_old_content":"","_et_gb_content_width":""},"product_cat":[19,26],"product_tag":[55],"yoast_head":"<!-- This site is optimized with the Yoast SEO plugin v22.2 - https:\/\/yoast.com\/wordpress\/plugins\/seo\/ -->\n<title>Laguiole 200g - fromagesenbalade.com<\/title>\n<meta name=\"description\" content=\"Fromage AOP au lait cru de vache affin\u00e9 10 \u00e0 15 mois et fabriqu\u00e9 dans l&#039;Aveyron. Son apparente rusticit\u00e9 \u00e0 l&#039;oeil et au nez cache en r\u00e9alit\u00e9 un fromage fin, typ\u00e9 mais d\u00e9licat, avec une texture fondante et des saveurs en bouche lact\u00e9es et herbac\u00e9es ainsi que des ar\u00f4mes de fruits secs.\" \/>\n<meta name=\"robots\" content=\"index, follow, max-snippet:-1, max-image-preview:large, max-video-preview:-1\" \/>\n<link rel=\"canonical\" href=\"https:\/\/fromagesenbalade.com\/index.php\/produit\/laguiole-200g\/\" \/>\n<meta property=\"og:locale\" content=\"fr_FR\" \/>\n<meta property=\"og:type\" content=\"article\" \/>\n<meta property=\"og:title\" content=\"Laguiole 200g - fromagesenbalade.com\" \/>\n<meta property=\"og:description\" content=\"Fromage AOP au lait cru de vache affin\u00e9 10 \u00e0 15 mois et fabriqu\u00e9 dans l&#039;Aveyron. Son apparente rusticit\u00e9 \u00e0 l&#039;oeil et au nez cache en r\u00e9alit\u00e9 un fromage fin, typ\u00e9 mais d\u00e9licat, avec une texture fondante et des saveurs en bouche lact\u00e9es et herbac\u00e9es ainsi que des ar\u00f4mes de fruits secs.\" \/>\n<meta property=\"og:url\" content=\"https:\/\/fromagesenbalade.com\/index.php\/produit\/laguiole-200g\/\" \/>\n<meta property=\"og:site_name\" content=\"fromagesenbalade.com\" \/>\n<meta property=\"og:image\" content=\"https:\/\/fromagesenbalade.com\/wp-content\/uploads\/2024\/03\/lagiole.jpg\" \/>\n\t<meta property=\"og:image:width\" content=\"293\" \/>\n\t<meta property=\"og:image:height\" content=\"236\" \/>\n\t<meta property=\"og:image:type\" content=\"image\/jpeg\" \/>\n<meta name=\"twitter:card\" content=\"summary_large_image\" \/>\n<meta name=\"twitter:label1\" content=\"Dur\u00e9e de lecture estim\u00e9e\" \/>\n\t<meta name=\"twitter:data1\" content=\"1 minute\" \/>\n<script type=\"application\/ld+json\" class=\"yoast-schema-graph\">{\"@context\":\"https:\/\/schema.org\",\"@graph\":[{\"@type\":\"WebPage\",\"@id\":\"https:\/\/fromagesenbalade.com\/index.php\/produit\/laguiole-200g\/\",\"url\":\"https:\/\/fromagesenbalade.com\/index.php\/produit\/laguiole-200g\/\",\"name\":\"Laguiole 200g - fromagesenbalade.com\",\"isPartOf\":{\"@id\":\"https:\/\/fromagesenbalade.com\/#website\"},\"primaryImageOfPage\":{\"@id\":\"https:\/\/fromagesenbalade.com\/index.php\/produit\/laguiole-200g\/#primaryimage\"},\"image\":{\"@id\":\"https:\/\/fromagesenbalade.com\/index.php\/produit\/laguiole-200g\/#primaryimage\"},\"thumbnailUrl\":\"https:\/\/fromagesenbalade.com\/wp-content\/uploads\/2024\/03\/lagiole.jpg\",\"datePublished\":\"2024-03-09T14:19:20+00:00\",\"dateModified\":\"2024-03-09T14:19:20+00:00\",\"description\":\"Fromage AOP au lait cru de vache affin\u00e9 10 \u00e0 15 mois et fabriqu\u00e9 dans l'Aveyron. Son apparente rusticit\u00e9 \u00e0 l'oeil et au nez cache en r\u00e9alit\u00e9 un fromage fin, typ\u00e9 mais d\u00e9licat, avec une texture fondante et des saveurs en bouche lact\u00e9es et herbac\u00e9es ainsi que des ar\u00f4mes de fruits secs.\",\"breadcrumb\":{\"@id\":\"https:\/\/fromagesenbalade.com\/index.php\/produit\/laguiole-200g\/#breadcrumb\"},\"inLanguage\":\"fr-FR\",\"potentialAction\":[{\"@type\":\"ReadAction\",\"target\":[\"https:\/\/fromagesenbalade.com\/index.php\/produit\/laguiole-200g\/\"]}]},{\"@type\":\"ImageObject\",\"inLanguage\":\"fr-FR\",\"@id\":\"https:\/\/fromagesenbalade.com\/index.php\/produit\/laguiole-200g\/#primaryimage\",\"url\":\"https:\/\/fromagesenbalade.com\/wp-content\/uploads\/2024\/03\/lagiole.jpg\",\"contentUrl\":\"https:\/\/fromagesenbalade.com\/wp-content\/uploads\/2024\/03\/lagiole.jpg\",\"width\":293,\"height\":236},{\"@type\":\"BreadcrumbList\",\"@id\":\"https:\/\/fromagesenbalade.com\/index.php\/produit\/laguiole-200g\/#breadcrumb\",\"itemListElement\":[{\"@type\":\"ListItem\",\"position\":1,\"name\":\"Accueil\",\"item\":\"https:\/\/fromagesenbalade.com\/\"},{\"@type\":\"ListItem\",\"position\":2,\"name\":\"Mes produits\",\"item\":\"https:\/\/fromagesenbalade.com\/index.php\/produits\/\"},{\"@type\":\"ListItem\",\"position\":3,\"name\":\"Laguiole 200g\"}]},{\"@type\":\"WebSite\",\"@id\":\"https:\/\/fromagesenbalade.com\/#website\",\"url\":\"https:\/\/fromagesenbalade.com\/\",\"name\":\"fromagesenbalade.com\",\"description\":\"\",\"publisher\":{\"@id\":\"https:\/\/fromagesenbalade.com\/#organization\"},\"potentialAction\":[{\"@type\":\"SearchAction\",\"target\":{\"@type\":\"EntryPoint\",\"urlTemplate\":\"https:\/\/fromagesenbalade.com\/?s={search_term_string}\"},\"query-input\":\"required name=search_term_string\"}],\"inLanguage\":\"fr-FR\"},{\"@type\":\"Organization\",\"@id\":\"https:\/\/fromagesenbalade.com\/#organization\",\"name\":\"fromagesenbalade.com\",\"url\":\"https:\/\/fromagesenbalade.com\/\",\"logo\":{\"@type\":\"ImageObject\",\"inLanguage\":\"fr-FR\",\"@id\":\"https:\/\/fromagesenbalade.com\/#\/schema\/logo\/image\/\",\"url\":\"https:\/\/fromagesenbalade.com\/wp-content\/uploads\/2024\/01\/01-FEB-Logo-Declinaison01.png\",\"contentUrl\":\"https:\/\/fromagesenbalade.com\/wp-content\/uploads\/2024\/01\/01-FEB-Logo-Declinaison01.png\",\"width\":4588,\"height\":2481,\"caption\":\"fromagesenbalade.com\"},\"image\":{\"@id\":\"https:\/\/fromagesenbalade.com\/#\/schema\/logo\/image\/\"}}]}<\/script>\n<!-- \/ Yoast SEO plugin. -->","yoast_head_json":{"title":"Laguiole 200g - fromagesenbalade.com","description":"Fromage AOP au lait cru de vache affin\u00e9 10 \u00e0 15 mois et fabriqu\u00e9 dans l'Aveyron. Son apparente rusticit\u00e9 \u00e0 l'oeil et au nez cache en r\u00e9alit\u00e9 un fromage fin, typ\u00e9 mais d\u00e9licat, avec une texture fondante et des saveurs en bouche lact\u00e9es et herbac\u00e9es ainsi que des ar\u00f4mes de fruits secs.","robots":{"index":"index","follow":"follow","max-snippet":"max-snippet:-1","max-image-preview":"max-image-preview:large","max-video-preview":"max-video-preview:-1"},"canonical":"https:\/\/fromagesenbalade.com\/index.php\/produit\/laguiole-200g\/","og_locale":"fr_FR","og_type":"article","og_title":"Laguiole 200g - fromagesenbalade.com","og_description":"Fromage AOP au lait cru de vache affin\u00e9 10 \u00e0 15 mois et fabriqu\u00e9 dans l'Aveyron. Son apparente rusticit\u00e9 \u00e0 l'oeil et au nez cache en r\u00e9alit\u00e9 un fromage fin, typ\u00e9 mais d\u00e9licat, avec une texture fondante et des saveurs en bouche lact\u00e9es et herbac\u00e9es ainsi que des ar\u00f4mes de fruits secs.","og_url":"https:\/\/fromagesenbalade.com\/index.php\/produit\/laguiole-200g\/","og_site_name":"fromagesenbalade.com","og_image":[{"width":293,"height":236,"url":"https:\/\/fromagesenbalade.com\/wp-content\/uploads\/2024\/03\/lagiole.jpg","type":"image\/jpeg"}],"twitter_card":"summary_large_image","twitter_misc":{"Dur\u00e9e de lecture estim\u00e9e":"1 minute"},"schema":{"@context":"https:\/\/schema.org","@graph":[{"@type":"WebPage","@id":"https:\/\/fromagesenbalade.com\/index.php\/produit\/laguiole-200g\/","url":"https:\/\/fromagesenbalade.com\/index.php\/produit\/laguiole-200g\/","name":"Laguiole 200g - fromagesenbalade.com","isPartOf":{"@id":"https:\/\/fromagesenbalade.com\/#website"},"primaryImageOfPage":{"@id":"https:\/\/fromagesenbalade.com\/index.php\/produit\/laguiole-200g\/#primaryimage"},"image":{"@id":"https:\/\/fromagesenbalade.com\/index.php\/produit\/laguiole-200g\/#primaryimage"},"thumbnailUrl":"https:\/\/fromagesenbalade.com\/wp-content\/uploads\/2024\/03\/lagiole.jpg","datePublished":"2024-03-09T14:19:20+00:00","dateModified":"2024-03-09T14:19:20+00:00","description":"Fromage AOP au lait cru de vache affin\u00e9 10 \u00e0 15 mois et fabriqu\u00e9 dans l'Aveyron. Son apparente rusticit\u00e9 \u00e0 l'oeil et au nez cache en r\u00e9alit\u00e9 un fromage fin, typ\u00e9 mais d\u00e9licat, avec une texture fondante et des saveurs en bouche lact\u00e9es et herbac\u00e9es ainsi que des ar\u00f4mes de fruits secs.","breadcrumb":{"@id":"https:\/\/fromagesenbalade.com\/index.php\/produit\/laguiole-200g\/#breadcrumb"},"inLanguage":"fr-FR","potentialAction":[{"@type":"ReadAction","target":["https:\/\/fromagesenbalade.com\/index.php\/produit\/laguiole-200g\/"]}]},{"@type":"ImageObject","inLanguage":"fr-FR","@id":"https:\/\/fromagesenbalade.com\/index.php\/produit\/laguiole-200g\/#primaryimage","url":"https:\/\/fromagesenbalade.com\/wp-content\/uploads\/2024\/03\/lagiole.jpg","contentUrl":"https:\/\/fromagesenbalade.com\/wp-content\/uploads\/2024\/03\/lagiole.jpg","width":293,"height":236},{"@type":"BreadcrumbList","@id":"https:\/\/fromagesenbalade.com\/index.php\/produit\/laguiole-200g\/#breadcrumb","itemListElement":[{"@type":"ListItem","position":1,"name":"Accueil","item":"https:\/\/fromagesenbalade.com\/"},{"@type":"ListItem","position":2,"name":"Mes produits","item":"https:\/\/fromagesenbalade.com\/index.php\/produits\/"},{"@type":"ListItem","position":3,"name":"Laguiole 200g"}]},{"@type":"WebSite","@id":"https:\/\/fromagesenbalade.com\/#website","url":"https:\/\/fromagesenbalade.com\/","name":"fromagesenbalade.com","description":"","publisher":{"@id":"https:\/\/fromagesenbalade.com\/#organization"},"potentialAction":[{"@type":"SearchAction","target":{"@type":"EntryPoint","urlTemplate":"https:\/\/fromagesenbalade.com\/?s={search_term_string}"},"query-input":"required name=search_term_string"}],"inLanguage":"fr-FR"},{"@type":"Organization","@id":"https:\/\/fromagesenbalade.com\/#organization","name":"fromagesenbalade.com","url":"https:\/\/fromagesenbalade.com\/","logo":{"@type":"ImageObject","inLanguage":"fr-FR","@id":"https:\/\/fromagesenbalade.com\/#\/schema\/logo\/image\/","url":"https:\/\/fromagesenbalade.com\/wp-content\/uploads\/2024\/01\/01-FEB-Logo-Declinaison01.png","contentUrl":"https:\/\/fromagesenbalade.com\/wp-content\/uploads\/2024\/01\/01-FEB-Logo-Declinaison01.png","width":4588,"height":2481,"caption":"fromagesenbalade.com"},"image":{"@id":"https:\/\/fromagesenbalade.com\/#\/schema\/logo\/image\/"}}]}},"_links":{"self":[{"href":"https:\/\/fromagesenbalade.com\/index.php\/wp-json\/wp\/v2\/product\/274"}],"collection":[{"href":"https:\/\/fromagesenbalade.com\/index.php\/wp-json\/wp\/v2\/product"}],"about":[{"href":"https:\/\/fromagesenbalade.com\/index.php\/wp-json\/wp\/v2\/types\/product"}],"replies":[{"embeddable":true,"href":"https:\/\/fromagesenbalade.com\/index.php\/wp-json\/wp\/v2\/comments?post=274"}],"wp:featuredmedia":[{"embeddable":true,"href":"https:\/\/fromagesenbalade.com\/index.php\/wp-json\/wp\/v2\/media\/229"}],"wp:attachment":[{"href":"https:\/\/fromagesenbalade.com\/index.php\/wp-json\/wp\/v2\/media?parent=274"}],"wp:term":[{"taxonomy":"product_cat","embeddable":true,"href":"https:\/\/fromagesenbalade.com\/index.php\/wp-json\/wp\/v2\/product_cat?post=274"},{"taxonomy":"product_tag","embeddable":true,"href":"https:\/\/fromagesenbalade.com\/index.php\/wp-json\/wp\/v2\/product_tag?post=274"}],"curies":[{"name":"wp","href":"https:\/\/api.w.org\/{rel}","templated":true}]}}