{"id":267,"date":"2024-03-09T14:48:17","date_gmt":"2024-03-09T13:48:17","guid":{"rendered":"https:\/\/fromagesenbalade.com\/?post_type=product&#038;p=267"},"modified":"2024-03-09T14:48:17","modified_gmt":"2024-03-09T13:48:17","slug":"fourme-dambert-200g","status":"publish","type":"product","link":"https:\/\/fromagesenbalade.com\/index.php\/produit\/fourme-dambert-200g\/","title":{"rendered":"Fourme d&rsquo;Ambert 200g"},"content":{"rendered":"<p>Fromage AOP fermier au lait cru de vache, fabriqu\u00e9 en Auvergne. La texture est souple et fondante. Elle r\u00e9v\u00e8le au nez des ar\u00f4mes de cave et de beurre frais. Plus le fromage est affin\u00e9, plus ces effluves deviennent \u00e9pic\u00e9es. En bouche, c&rsquo;est un fromage doux, marqu\u00e9 par des saveurs de cr\u00e8me et de sous-bois.<\/p>\n","protected":false},"excerpt":{"rendered":"<p>Fromage AOP fermier au lait cru de vache, fabriqu\u00e9 en Auvergne. La texture est souple et fondante. Elle r\u00e9v\u00e8le au nez des ar\u00f4mes de cave et de beurre frais. Plus le fromage est affin\u00e9, plus ces effluves deviennent \u00e9pic\u00e9es. En bouche, c&rsquo;est un fromage doux, marqu\u00e9 par des saveurs de cr\u00e8me et de sous-bois.<\/p>\n","protected":false},"featured_media":222,"comment_status":"open","ping_status":"closed","template":"","meta":{"_et_pb_use_builder":"","_et_pb_old_content":"","_et_gb_content_width":""},"product_cat":[19,27],"product_tag":[],"yoast_head":"<!-- This site is optimized with the Yoast SEO plugin v22.2 - https:\/\/yoast.com\/wordpress\/plugins\/seo\/ -->\n<title>Fourme d&#039;Ambert 200g - fromagesenbalade.com<\/title>\n<meta name=\"description\" content=\"Fromage AOP fermier au lait cru de vache, fabriqu\u00e9 en Auvergne. La texture est souple et fondante. Elle r\u00e9v\u00e8le au nez des ar\u00f4mes de cave et de beurre frais. Plus le fromage est affin\u00e9, plus ces effluves deviennent \u00e9pic\u00e9es. En bouche, c&#039;est un fromage doux, marqu\u00e9 par des saveurs de cr\u00e8me et de sous-bois.\" \/>\n<meta name=\"robots\" content=\"index, follow, max-snippet:-1, max-image-preview:large, max-video-preview:-1\" \/>\n<link rel=\"canonical\" href=\"https:\/\/fromagesenbalade.com\/index.php\/produit\/fourme-dambert-200g\/\" \/>\n<meta property=\"og:locale\" content=\"fr_FR\" \/>\n<meta property=\"og:type\" content=\"article\" \/>\n<meta property=\"og:title\" content=\"Fourme d&#039;Ambert 200g - fromagesenbalade.com\" \/>\n<meta property=\"og:description\" content=\"Fromage AOP fermier au lait cru de vache, fabriqu\u00e9 en Auvergne. La texture est souple et fondante. Elle r\u00e9v\u00e8le au nez des ar\u00f4mes de cave et de beurre frais. Plus le fromage est affin\u00e9, plus ces effluves deviennent \u00e9pic\u00e9es. En bouche, c&#039;est un fromage doux, marqu\u00e9 par des saveurs de cr\u00e8me et de sous-bois.\" \/>\n<meta property=\"og:url\" content=\"https:\/\/fromagesenbalade.com\/index.php\/produit\/fourme-dambert-200g\/\" \/>\n<meta property=\"og:site_name\" content=\"fromagesenbalade.com\" \/>\n<meta property=\"og:image\" content=\"https:\/\/fromagesenbalade.com\/wp-content\/uploads\/2024\/03\/fourme-ambert.jpg\" \/>\n\t<meta property=\"og:image:width\" content=\"371\" \/>\n\t<meta property=\"og:image:height\" content=\"291\" \/>\n\t<meta property=\"og:image:type\" content=\"image\/jpeg\" \/>\n<meta name=\"twitter:card\" content=\"summary_large_image\" \/>\n<meta name=\"twitter:label1\" content=\"Dur\u00e9e de lecture estim\u00e9e\" \/>\n\t<meta name=\"twitter:data1\" content=\"1 minute\" \/>\n<script type=\"application\/ld+json\" class=\"yoast-schema-graph\">{\"@context\":\"https:\/\/schema.org\",\"@graph\":[{\"@type\":\"WebPage\",\"@id\":\"https:\/\/fromagesenbalade.com\/index.php\/produit\/fourme-dambert-200g\/\",\"url\":\"https:\/\/fromagesenbalade.com\/index.php\/produit\/fourme-dambert-200g\/\",\"name\":\"Fourme d'Ambert 200g - fromagesenbalade.com\",\"isPartOf\":{\"@id\":\"https:\/\/fromagesenbalade.com\/#website\"},\"primaryImageOfPage\":{\"@id\":\"https:\/\/fromagesenbalade.com\/index.php\/produit\/fourme-dambert-200g\/#primaryimage\"},\"image\":{\"@id\":\"https:\/\/fromagesenbalade.com\/index.php\/produit\/fourme-dambert-200g\/#primaryimage\"},\"thumbnailUrl\":\"https:\/\/fromagesenbalade.com\/wp-content\/uploads\/2024\/03\/fourme-ambert.jpg\",\"datePublished\":\"2024-03-09T13:48:17+00:00\",\"dateModified\":\"2024-03-09T13:48:17+00:00\",\"description\":\"Fromage AOP fermier au lait cru de vache, fabriqu\u00e9 en Auvergne. La texture est souple et fondante. Elle r\u00e9v\u00e8le au nez des ar\u00f4mes de cave et de beurre frais. Plus le fromage est affin\u00e9, plus ces effluves deviennent \u00e9pic\u00e9es. En bouche, c'est un fromage doux, marqu\u00e9 par des saveurs de cr\u00e8me et de sous-bois.\",\"breadcrumb\":{\"@id\":\"https:\/\/fromagesenbalade.com\/index.php\/produit\/fourme-dambert-200g\/#breadcrumb\"},\"inLanguage\":\"fr-FR\",\"potentialAction\":[{\"@type\":\"ReadAction\",\"target\":[\"https:\/\/fromagesenbalade.com\/index.php\/produit\/fourme-dambert-200g\/\"]}]},{\"@type\":\"ImageObject\",\"inLanguage\":\"fr-FR\",\"@id\":\"https:\/\/fromagesenbalade.com\/index.php\/produit\/fourme-dambert-200g\/#primaryimage\",\"url\":\"https:\/\/fromagesenbalade.com\/wp-content\/uploads\/2024\/03\/fourme-ambert.jpg\",\"contentUrl\":\"https:\/\/fromagesenbalade.com\/wp-content\/uploads\/2024\/03\/fourme-ambert.jpg\",\"width\":371,\"height\":291},{\"@type\":\"BreadcrumbList\",\"@id\":\"https:\/\/fromagesenbalade.com\/index.php\/produit\/fourme-dambert-200g\/#breadcrumb\",\"itemListElement\":[{\"@type\":\"ListItem\",\"position\":1,\"name\":\"Accueil\",\"item\":\"https:\/\/fromagesenbalade.com\/\"},{\"@type\":\"ListItem\",\"position\":2,\"name\":\"Mes produits\",\"item\":\"https:\/\/fromagesenbalade.com\/index.php\/produits\/\"},{\"@type\":\"ListItem\",\"position\":3,\"name\":\"Fourme d&rsquo;Ambert 200g\"}]},{\"@type\":\"WebSite\",\"@id\":\"https:\/\/fromagesenbalade.com\/#website\",\"url\":\"https:\/\/fromagesenbalade.com\/\",\"name\":\"fromagesenbalade.com\",\"description\":\"\",\"publisher\":{\"@id\":\"https:\/\/fromagesenbalade.com\/#organization\"},\"potentialAction\":[{\"@type\":\"SearchAction\",\"target\":{\"@type\":\"EntryPoint\",\"urlTemplate\":\"https:\/\/fromagesenbalade.com\/?s={search_term_string}\"},\"query-input\":\"required name=search_term_string\"}],\"inLanguage\":\"fr-FR\"},{\"@type\":\"Organization\",\"@id\":\"https:\/\/fromagesenbalade.com\/#organization\",\"name\":\"fromagesenbalade.com\",\"url\":\"https:\/\/fromagesenbalade.com\/\",\"logo\":{\"@type\":\"ImageObject\",\"inLanguage\":\"fr-FR\",\"@id\":\"https:\/\/fromagesenbalade.com\/#\/schema\/logo\/image\/\",\"url\":\"https:\/\/fromagesenbalade.com\/wp-content\/uploads\/2024\/01\/01-FEB-Logo-Declinaison01.png\",\"contentUrl\":\"https:\/\/fromagesenbalade.com\/wp-content\/uploads\/2024\/01\/01-FEB-Logo-Declinaison01.png\",\"width\":4588,\"height\":2481,\"caption\":\"fromagesenbalade.com\"},\"image\":{\"@id\":\"https:\/\/fromagesenbalade.com\/#\/schema\/logo\/image\/\"}}]}<\/script>\n<!-- \/ Yoast SEO plugin. -->","yoast_head_json":{"title":"Fourme d'Ambert 200g - fromagesenbalade.com","description":"Fromage AOP fermier au lait cru de vache, fabriqu\u00e9 en Auvergne. La texture est souple et fondante. Elle r\u00e9v\u00e8le au nez des ar\u00f4mes de cave et de beurre frais. Plus le fromage est affin\u00e9, plus ces effluves deviennent \u00e9pic\u00e9es. En bouche, c'est un fromage doux, marqu\u00e9 par des saveurs de cr\u00e8me et de sous-bois.","robots":{"index":"index","follow":"follow","max-snippet":"max-snippet:-1","max-image-preview":"max-image-preview:large","max-video-preview":"max-video-preview:-1"},"canonical":"https:\/\/fromagesenbalade.com\/index.php\/produit\/fourme-dambert-200g\/","og_locale":"fr_FR","og_type":"article","og_title":"Fourme d'Ambert 200g - fromagesenbalade.com","og_description":"Fromage AOP fermier au lait cru de vache, fabriqu\u00e9 en Auvergne. La texture est souple et fondante. Elle r\u00e9v\u00e8le au nez des ar\u00f4mes de cave et de beurre frais. Plus le fromage est affin\u00e9, plus ces effluves deviennent \u00e9pic\u00e9es. En bouche, c'est un fromage doux, marqu\u00e9 par des saveurs de cr\u00e8me et de sous-bois.","og_url":"https:\/\/fromagesenbalade.com\/index.php\/produit\/fourme-dambert-200g\/","og_site_name":"fromagesenbalade.com","og_image":[{"width":371,"height":291,"url":"https:\/\/fromagesenbalade.com\/wp-content\/uploads\/2024\/03\/fourme-ambert.jpg","type":"image\/jpeg"}],"twitter_card":"summary_large_image","twitter_misc":{"Dur\u00e9e de lecture estim\u00e9e":"1 minute"},"schema":{"@context":"https:\/\/schema.org","@graph":[{"@type":"WebPage","@id":"https:\/\/fromagesenbalade.com\/index.php\/produit\/fourme-dambert-200g\/","url":"https:\/\/fromagesenbalade.com\/index.php\/produit\/fourme-dambert-200g\/","name":"Fourme d'Ambert 200g - fromagesenbalade.com","isPartOf":{"@id":"https:\/\/fromagesenbalade.com\/#website"},"primaryImageOfPage":{"@id":"https:\/\/fromagesenbalade.com\/index.php\/produit\/fourme-dambert-200g\/#primaryimage"},"image":{"@id":"https:\/\/fromagesenbalade.com\/index.php\/produit\/fourme-dambert-200g\/#primaryimage"},"thumbnailUrl":"https:\/\/fromagesenbalade.com\/wp-content\/uploads\/2024\/03\/fourme-ambert.jpg","datePublished":"2024-03-09T13:48:17+00:00","dateModified":"2024-03-09T13:48:17+00:00","description":"Fromage AOP fermier au lait cru de vache, fabriqu\u00e9 en Auvergne. La texture est souple et fondante. Elle r\u00e9v\u00e8le au nez des ar\u00f4mes de cave et de beurre frais. Plus le fromage est affin\u00e9, plus ces effluves deviennent \u00e9pic\u00e9es. En bouche, c'est un fromage doux, marqu\u00e9 par des saveurs de cr\u00e8me et de sous-bois.","breadcrumb":{"@id":"https:\/\/fromagesenbalade.com\/index.php\/produit\/fourme-dambert-200g\/#breadcrumb"},"inLanguage":"fr-FR","potentialAction":[{"@type":"ReadAction","target":["https:\/\/fromagesenbalade.com\/index.php\/produit\/fourme-dambert-200g\/"]}]},{"@type":"ImageObject","inLanguage":"fr-FR","@id":"https:\/\/fromagesenbalade.com\/index.php\/produit\/fourme-dambert-200g\/#primaryimage","url":"https:\/\/fromagesenbalade.com\/wp-content\/uploads\/2024\/03\/fourme-ambert.jpg","contentUrl":"https:\/\/fromagesenbalade.com\/wp-content\/uploads\/2024\/03\/fourme-ambert.jpg","width":371,"height":291},{"@type":"BreadcrumbList","@id":"https:\/\/fromagesenbalade.com\/index.php\/produit\/fourme-dambert-200g\/#breadcrumb","itemListElement":[{"@type":"ListItem","position":1,"name":"Accueil","item":"https:\/\/fromagesenbalade.com\/"},{"@type":"ListItem","position":2,"name":"Mes produits","item":"https:\/\/fromagesenbalade.com\/index.php\/produits\/"},{"@type":"ListItem","position":3,"name":"Fourme d&rsquo;Ambert 200g"}]},{"@type":"WebSite","@id":"https:\/\/fromagesenbalade.com\/#website","url":"https:\/\/fromagesenbalade.com\/","name":"fromagesenbalade.com","description":"","publisher":{"@id":"https:\/\/fromagesenbalade.com\/#organization"},"potentialAction":[{"@type":"SearchAction","target":{"@type":"EntryPoint","urlTemplate":"https:\/\/fromagesenbalade.com\/?s={search_term_string}"},"query-input":"required name=search_term_string"}],"inLanguage":"fr-FR"},{"@type":"Organization","@id":"https:\/\/fromagesenbalade.com\/#organization","name":"fromagesenbalade.com","url":"https:\/\/fromagesenbalade.com\/","logo":{"@type":"ImageObject","inLanguage":"fr-FR","@id":"https:\/\/fromagesenbalade.com\/#\/schema\/logo\/image\/","url":"https:\/\/fromagesenbalade.com\/wp-content\/uploads\/2024\/01\/01-FEB-Logo-Declinaison01.png","contentUrl":"https:\/\/fromagesenbalade.com\/wp-content\/uploads\/2024\/01\/01-FEB-Logo-Declinaison01.png","width":4588,"height":2481,"caption":"fromagesenbalade.com"},"image":{"@id":"https:\/\/fromagesenbalade.com\/#\/schema\/logo\/image\/"}}]}},"_links":{"self":[{"href":"https:\/\/fromagesenbalade.com\/index.php\/wp-json\/wp\/v2\/product\/267"}],"collection":[{"href":"https:\/\/fromagesenbalade.com\/index.php\/wp-json\/wp\/v2\/product"}],"about":[{"href":"https:\/\/fromagesenbalade.com\/index.php\/wp-json\/wp\/v2\/types\/product"}],"replies":[{"embeddable":true,"href":"https:\/\/fromagesenbalade.com\/index.php\/wp-json\/wp\/v2\/comments?post=267"}],"wp:featuredmedia":[{"embeddable":true,"href":"https:\/\/fromagesenbalade.com\/index.php\/wp-json\/wp\/v2\/media\/222"}],"wp:attachment":[{"href":"https:\/\/fromagesenbalade.com\/index.php\/wp-json\/wp\/v2\/media?parent=267"}],"wp:term":[{"taxonomy":"product_cat","embeddable":true,"href":"https:\/\/fromagesenbalade.com\/index.php\/wp-json\/wp\/v2\/product_cat?post=267"},{"taxonomy":"product_tag","embeddable":true,"href":"https:\/\/fromagesenbalade.com\/index.php\/wp-json\/wp\/v2\/product_tag?post=267"}],"curies":[{"name":"wp","href":"https:\/\/api.w.org\/{rel}","templated":true}]}}