{"id":260,"date":"2024-03-09T14:20:54","date_gmt":"2024-03-09T13:20:54","guid":{"rendered":"https:\/\/fromagesenbalade.com\/?post_type=product&#038;p=260"},"modified":"2024-03-09T14:20:54","modified_gmt":"2024-03-09T13:20:54","slug":"emmental-de-savoie-250g","status":"publish","type":"product","link":"https:\/\/fromagesenbalade.com\/index.php\/produit\/emmental-de-savoie-250g\/","title":{"rendered":"Emmental de Savoie 250g"},"content":{"rendered":"<p>Fromage au lait cru de vache, affin\u00e9 75 jours et fabriqu\u00e9 en Savoie. En bouche, il r\u00e9v\u00e8le des saveurs lact\u00e9es, doux et fruit\u00e9, l\u00e9g\u00e8rement acidul\u00e9.<\/p>\n","protected":false},"excerpt":{"rendered":"<p>Fromage au lait cru de vache, affin\u00e9 75 jours et fabriqu\u00e9 en Savoie. En bouche, il r\u00e9v\u00e8le des saveurs lact\u00e9es, doux et fruit\u00e9, l\u00e9g\u00e8rement acidul\u00e9.<\/p>\n","protected":false},"featured_media":217,"comment_status":"open","ping_status":"closed","template":"","meta":{"_et_pb_use_builder":"","_et_pb_old_content":"","_et_gb_content_width":""},"product_cat":[19,25],"product_tag":[46],"yoast_head":"<!-- This site is optimized with the Yoast SEO plugin v22.2 - https:\/\/yoast.com\/wordpress\/plugins\/seo\/ -->\n<title>Emmental de Savoie 250g - fromagesenbalade.com<\/title>\n<meta name=\"description\" content=\"Fromage au lait cru de vache, affin\u00e9 75 jours et fabriqu\u00e9 en Savoie. En bouche, il r\u00e9v\u00e8le des saveurs lact\u00e9es, doux et fruit\u00e9, l\u00e9g\u00e8rement acidul\u00e9.\" \/>\n<meta name=\"robots\" content=\"index, follow, max-snippet:-1, max-image-preview:large, max-video-preview:-1\" \/>\n<link rel=\"canonical\" href=\"https:\/\/fromagesenbalade.com\/index.php\/produit\/emmental-de-savoie-250g\/\" \/>\n<meta property=\"og:locale\" content=\"fr_FR\" \/>\n<meta property=\"og:type\" content=\"article\" \/>\n<meta property=\"og:title\" content=\"Emmental de Savoie 250g - fromagesenbalade.com\" \/>\n<meta property=\"og:description\" content=\"Fromage au lait cru de vache, affin\u00e9 75 jours et fabriqu\u00e9 en Savoie. En bouche, il r\u00e9v\u00e8le des saveurs lact\u00e9es, doux et fruit\u00e9, l\u00e9g\u00e8rement acidul\u00e9.\" \/>\n<meta property=\"og:url\" content=\"https:\/\/fromagesenbalade.com\/index.php\/produit\/emmental-de-savoie-250g\/\" \/>\n<meta property=\"og:site_name\" content=\"fromagesenbalade.com\" \/>\n<meta property=\"og:image\" content=\"https:\/\/fromagesenbalade.com\/wp-content\/uploads\/2024\/03\/emmental-savoie.jpg\" \/>\n\t<meta property=\"og:image:width\" content=\"225\" \/>\n\t<meta property=\"og:image:height\" content=\"225\" \/>\n\t<meta property=\"og:image:type\" content=\"image\/jpeg\" \/>\n<meta name=\"twitter:card\" content=\"summary_large_image\" \/>\n<meta name=\"twitter:label1\" content=\"Dur\u00e9e de lecture estim\u00e9e\" \/>\n\t<meta name=\"twitter:data1\" content=\"1 minute\" \/>\n<script type=\"application\/ld+json\" class=\"yoast-schema-graph\">{\"@context\":\"https:\/\/schema.org\",\"@graph\":[{\"@type\":\"WebPage\",\"@id\":\"https:\/\/fromagesenbalade.com\/index.php\/produit\/emmental-de-savoie-250g\/\",\"url\":\"https:\/\/fromagesenbalade.com\/index.php\/produit\/emmental-de-savoie-250g\/\",\"name\":\"Emmental de Savoie 250g - fromagesenbalade.com\",\"isPartOf\":{\"@id\":\"https:\/\/fromagesenbalade.com\/#website\"},\"primaryImageOfPage\":{\"@id\":\"https:\/\/fromagesenbalade.com\/index.php\/produit\/emmental-de-savoie-250g\/#primaryimage\"},\"image\":{\"@id\":\"https:\/\/fromagesenbalade.com\/index.php\/produit\/emmental-de-savoie-250g\/#primaryimage\"},\"thumbnailUrl\":\"https:\/\/fromagesenbalade.com\/wp-content\/uploads\/2024\/03\/emmental-savoie.jpg\",\"datePublished\":\"2024-03-09T13:20:54+00:00\",\"dateModified\":\"2024-03-09T13:20:54+00:00\",\"description\":\"Fromage au lait cru de vache, affin\u00e9 75 jours et fabriqu\u00e9 en Savoie. En bouche, il r\u00e9v\u00e8le des saveurs lact\u00e9es, doux et fruit\u00e9, l\u00e9g\u00e8rement acidul\u00e9.\",\"breadcrumb\":{\"@id\":\"https:\/\/fromagesenbalade.com\/index.php\/produit\/emmental-de-savoie-250g\/#breadcrumb\"},\"inLanguage\":\"fr-FR\",\"potentialAction\":[{\"@type\":\"ReadAction\",\"target\":[\"https:\/\/fromagesenbalade.com\/index.php\/produit\/emmental-de-savoie-250g\/\"]}]},{\"@type\":\"ImageObject\",\"inLanguage\":\"fr-FR\",\"@id\":\"https:\/\/fromagesenbalade.com\/index.php\/produit\/emmental-de-savoie-250g\/#primaryimage\",\"url\":\"https:\/\/fromagesenbalade.com\/wp-content\/uploads\/2024\/03\/emmental-savoie.jpg\",\"contentUrl\":\"https:\/\/fromagesenbalade.com\/wp-content\/uploads\/2024\/03\/emmental-savoie.jpg\",\"width\":225,\"height\":225},{\"@type\":\"BreadcrumbList\",\"@id\":\"https:\/\/fromagesenbalade.com\/index.php\/produit\/emmental-de-savoie-250g\/#breadcrumb\",\"itemListElement\":[{\"@type\":\"ListItem\",\"position\":1,\"name\":\"Accueil\",\"item\":\"https:\/\/fromagesenbalade.com\/\"},{\"@type\":\"ListItem\",\"position\":2,\"name\":\"Mes produits\",\"item\":\"https:\/\/fromagesenbalade.com\/index.php\/produits\/\"},{\"@type\":\"ListItem\",\"position\":3,\"name\":\"Emmental de Savoie 250g\"}]},{\"@type\":\"WebSite\",\"@id\":\"https:\/\/fromagesenbalade.com\/#website\",\"url\":\"https:\/\/fromagesenbalade.com\/\",\"name\":\"fromagesenbalade.com\",\"description\":\"\",\"publisher\":{\"@id\":\"https:\/\/fromagesenbalade.com\/#organization\"},\"potentialAction\":[{\"@type\":\"SearchAction\",\"target\":{\"@type\":\"EntryPoint\",\"urlTemplate\":\"https:\/\/fromagesenbalade.com\/?s={search_term_string}\"},\"query-input\":\"required name=search_term_string\"}],\"inLanguage\":\"fr-FR\"},{\"@type\":\"Organization\",\"@id\":\"https:\/\/fromagesenbalade.com\/#organization\",\"name\":\"fromagesenbalade.com\",\"url\":\"https:\/\/fromagesenbalade.com\/\",\"logo\":{\"@type\":\"ImageObject\",\"inLanguage\":\"fr-FR\",\"@id\":\"https:\/\/fromagesenbalade.com\/#\/schema\/logo\/image\/\",\"url\":\"https:\/\/fromagesenbalade.com\/wp-content\/uploads\/2024\/01\/01-FEB-Logo-Declinaison01.png\",\"contentUrl\":\"https:\/\/fromagesenbalade.com\/wp-content\/uploads\/2024\/01\/01-FEB-Logo-Declinaison01.png\",\"width\":4588,\"height\":2481,\"caption\":\"fromagesenbalade.com\"},\"image\":{\"@id\":\"https:\/\/fromagesenbalade.com\/#\/schema\/logo\/image\/\"}}]}<\/script>\n<!-- \/ Yoast SEO plugin. -->","yoast_head_json":{"title":"Emmental de Savoie 250g - fromagesenbalade.com","description":"Fromage au lait cru de vache, affin\u00e9 75 jours et fabriqu\u00e9 en Savoie. En bouche, il r\u00e9v\u00e8le des saveurs lact\u00e9es, doux et fruit\u00e9, l\u00e9g\u00e8rement acidul\u00e9.","robots":{"index":"index","follow":"follow","max-snippet":"max-snippet:-1","max-image-preview":"max-image-preview:large","max-video-preview":"max-video-preview:-1"},"canonical":"https:\/\/fromagesenbalade.com\/index.php\/produit\/emmental-de-savoie-250g\/","og_locale":"fr_FR","og_type":"article","og_title":"Emmental de Savoie 250g - fromagesenbalade.com","og_description":"Fromage au lait cru de vache, affin\u00e9 75 jours et fabriqu\u00e9 en Savoie. En bouche, il r\u00e9v\u00e8le des saveurs lact\u00e9es, doux et fruit\u00e9, l\u00e9g\u00e8rement acidul\u00e9.","og_url":"https:\/\/fromagesenbalade.com\/index.php\/produit\/emmental-de-savoie-250g\/","og_site_name":"fromagesenbalade.com","og_image":[{"width":225,"height":225,"url":"https:\/\/fromagesenbalade.com\/wp-content\/uploads\/2024\/03\/emmental-savoie.jpg","type":"image\/jpeg"}],"twitter_card":"summary_large_image","twitter_misc":{"Dur\u00e9e de lecture estim\u00e9e":"1 minute"},"schema":{"@context":"https:\/\/schema.org","@graph":[{"@type":"WebPage","@id":"https:\/\/fromagesenbalade.com\/index.php\/produit\/emmental-de-savoie-250g\/","url":"https:\/\/fromagesenbalade.com\/index.php\/produit\/emmental-de-savoie-250g\/","name":"Emmental de Savoie 250g - fromagesenbalade.com","isPartOf":{"@id":"https:\/\/fromagesenbalade.com\/#website"},"primaryImageOfPage":{"@id":"https:\/\/fromagesenbalade.com\/index.php\/produit\/emmental-de-savoie-250g\/#primaryimage"},"image":{"@id":"https:\/\/fromagesenbalade.com\/index.php\/produit\/emmental-de-savoie-250g\/#primaryimage"},"thumbnailUrl":"https:\/\/fromagesenbalade.com\/wp-content\/uploads\/2024\/03\/emmental-savoie.jpg","datePublished":"2024-03-09T13:20:54+00:00","dateModified":"2024-03-09T13:20:54+00:00","description":"Fromage au lait cru de vache, affin\u00e9 75 jours et fabriqu\u00e9 en Savoie. En bouche, il r\u00e9v\u00e8le des saveurs lact\u00e9es, doux et fruit\u00e9, l\u00e9g\u00e8rement acidul\u00e9.","breadcrumb":{"@id":"https:\/\/fromagesenbalade.com\/index.php\/produit\/emmental-de-savoie-250g\/#breadcrumb"},"inLanguage":"fr-FR","potentialAction":[{"@type":"ReadAction","target":["https:\/\/fromagesenbalade.com\/index.php\/produit\/emmental-de-savoie-250g\/"]}]},{"@type":"ImageObject","inLanguage":"fr-FR","@id":"https:\/\/fromagesenbalade.com\/index.php\/produit\/emmental-de-savoie-250g\/#primaryimage","url":"https:\/\/fromagesenbalade.com\/wp-content\/uploads\/2024\/03\/emmental-savoie.jpg","contentUrl":"https:\/\/fromagesenbalade.com\/wp-content\/uploads\/2024\/03\/emmental-savoie.jpg","width":225,"height":225},{"@type":"BreadcrumbList","@id":"https:\/\/fromagesenbalade.com\/index.php\/produit\/emmental-de-savoie-250g\/#breadcrumb","itemListElement":[{"@type":"ListItem","position":1,"name":"Accueil","item":"https:\/\/fromagesenbalade.com\/"},{"@type":"ListItem","position":2,"name":"Mes produits","item":"https:\/\/fromagesenbalade.com\/index.php\/produits\/"},{"@type":"ListItem","position":3,"name":"Emmental de Savoie 250g"}]},{"@type":"WebSite","@id":"https:\/\/fromagesenbalade.com\/#website","url":"https:\/\/fromagesenbalade.com\/","name":"fromagesenbalade.com","description":"","publisher":{"@id":"https:\/\/fromagesenbalade.com\/#organization"},"potentialAction":[{"@type":"SearchAction","target":{"@type":"EntryPoint","urlTemplate":"https:\/\/fromagesenbalade.com\/?s={search_term_string}"},"query-input":"required name=search_term_string"}],"inLanguage":"fr-FR"},{"@type":"Organization","@id":"https:\/\/fromagesenbalade.com\/#organization","name":"fromagesenbalade.com","url":"https:\/\/fromagesenbalade.com\/","logo":{"@type":"ImageObject","inLanguage":"fr-FR","@id":"https:\/\/fromagesenbalade.com\/#\/schema\/logo\/image\/","url":"https:\/\/fromagesenbalade.com\/wp-content\/uploads\/2024\/01\/01-FEB-Logo-Declinaison01.png","contentUrl":"https:\/\/fromagesenbalade.com\/wp-content\/uploads\/2024\/01\/01-FEB-Logo-Declinaison01.png","width":4588,"height":2481,"caption":"fromagesenbalade.com"},"image":{"@id":"https:\/\/fromagesenbalade.com\/#\/schema\/logo\/image\/"}}]}},"_links":{"self":[{"href":"https:\/\/fromagesenbalade.com\/index.php\/wp-json\/wp\/v2\/product\/260"}],"collection":[{"href":"https:\/\/fromagesenbalade.com\/index.php\/wp-json\/wp\/v2\/product"}],"about":[{"href":"https:\/\/fromagesenbalade.com\/index.php\/wp-json\/wp\/v2\/types\/product"}],"replies":[{"embeddable":true,"href":"https:\/\/fromagesenbalade.com\/index.php\/wp-json\/wp\/v2\/comments?post=260"}],"wp:featuredmedia":[{"embeddable":true,"href":"https:\/\/fromagesenbalade.com\/index.php\/wp-json\/wp\/v2\/media\/217"}],"wp:attachment":[{"href":"https:\/\/fromagesenbalade.com\/index.php\/wp-json\/wp\/v2\/media?parent=260"}],"wp:term":[{"taxonomy":"product_cat","embeddable":true,"href":"https:\/\/fromagesenbalade.com\/index.php\/wp-json\/wp\/v2\/product_cat?post=260"},{"taxonomy":"product_tag","embeddable":true,"href":"https:\/\/fromagesenbalade.com\/index.php\/wp-json\/wp\/v2\/product_tag?post=260"}],"curies":[{"name":"wp","href":"https:\/\/api.w.org\/{rel}","templated":true}]}}