{"id":247,"date":"2024-03-09T12:54:22","date_gmt":"2024-03-09T11:54:22","guid":{"rendered":"https:\/\/fromagesenbalade.com\/?post_type=product&#038;p=247"},"modified":"2024-03-09T12:54:22","modified_gmt":"2024-03-09T11:54:22","slug":"camembert-de-normandie","status":"publish","type":"product","link":"https:\/\/fromagesenbalade.com\/index.php\/produit\/camembert-de-normandie\/","title":{"rendered":"Camembert de Normandie"},"content":{"rendered":"<p>Fromage AOP au lait cru de vache, fabriqu\u00e9 en Normandie. Il est aujourd&rsquo;hui l&rsquo;un des fromages les plus connus de la plan\u00e8te, et offre des notes lact\u00e9es et acidul\u00e9es ainsi que des ar\u00f4mes de champignon. Seule la d\u00e9nomination CAMEMBERT DE NORMANDIE assure le respect du cahier des charges et la qualit\u00e9 du produit fini.<\/p>\n","protected":false},"excerpt":{"rendered":"<p>Fromage AOP au lait cru de vache, fabriqu\u00e9 en Normandie. Il est aujourd&rsquo;hui l&rsquo;un des fromages les plus connus de la plan\u00e8te, et offre des notes lact\u00e9es et acidul\u00e9es ainsi que des ar\u00f4mes de champignon. Seule la d\u00e9nomination CAMEMBERT DE NORMANDIE assure le respect du cahier des charges et la qualit\u00e9 du produit fini.<\/p>\n","protected":false},"featured_media":207,"comment_status":"open","ping_status":"closed","template":"","meta":{"_et_pb_use_builder":"","_et_pb_old_content":"","_et_gb_content_width":""},"product_cat":[19,32],"product_tag":[38],"yoast_head":"<!-- This site is optimized with the Yoast SEO plugin v22.2 - https:\/\/yoast.com\/wordpress\/plugins\/seo\/ -->\n<title>Camembert de Normandie - fromagesenbalade.com<\/title>\n<meta name=\"description\" content=\"Fromage AOP au lait cru de vache, fabriqu\u00e9 en Normandie. Il est aujourd&#039;hui l&#039;un des fromages les plus connus de la plan\u00e8te, et offre des notes lact\u00e9es et acidul\u00e9es ainsi que des ar\u00f4mes de champignon.\" \/>\n<meta name=\"robots\" content=\"index, follow, max-snippet:-1, max-image-preview:large, max-video-preview:-1\" \/>\n<link rel=\"canonical\" href=\"https:\/\/fromagesenbalade.com\/index.php\/produit\/camembert-de-normandie\/\" \/>\n<meta property=\"og:locale\" content=\"fr_FR\" \/>\n<meta property=\"og:type\" content=\"article\" \/>\n<meta property=\"og:title\" content=\"Camembert de Normandie - fromagesenbalade.com\" \/>\n<meta property=\"og:description\" content=\"Fromage AOP au lait cru de vache, fabriqu\u00e9 en Normandie. Il est aujourd&#039;hui l&#039;un des fromages les plus connus de la plan\u00e8te, et offre des notes lact\u00e9es et acidul\u00e9es ainsi que des ar\u00f4mes de champignon.\" \/>\n<meta property=\"og:url\" content=\"https:\/\/fromagesenbalade.com\/index.php\/produit\/camembert-de-normandie\/\" \/>\n<meta property=\"og:site_name\" content=\"fromagesenbalade.com\" \/>\n<meta property=\"og:image\" content=\"https:\/\/fromagesenbalade.com\/wp-content\/uploads\/2024\/03\/camembert-de-normandie.jpg\" \/>\n\t<meta property=\"og:image:width\" content=\"317\" \/>\n\t<meta property=\"og:image:height\" content=\"259\" \/>\n\t<meta property=\"og:image:type\" content=\"image\/jpeg\" \/>\n<meta name=\"twitter:card\" content=\"summary_large_image\" \/>\n<meta name=\"twitter:label1\" content=\"Dur\u00e9e de lecture estim\u00e9e\" \/>\n\t<meta name=\"twitter:data1\" content=\"1 minute\" \/>\n<script type=\"application\/ld+json\" class=\"yoast-schema-graph\">{\"@context\":\"https:\/\/schema.org\",\"@graph\":[{\"@type\":\"WebPage\",\"@id\":\"https:\/\/fromagesenbalade.com\/index.php\/produit\/camembert-de-normandie\/\",\"url\":\"https:\/\/fromagesenbalade.com\/index.php\/produit\/camembert-de-normandie\/\",\"name\":\"Camembert de Normandie - fromagesenbalade.com\",\"isPartOf\":{\"@id\":\"https:\/\/fromagesenbalade.com\/#website\"},\"primaryImageOfPage\":{\"@id\":\"https:\/\/fromagesenbalade.com\/index.php\/produit\/camembert-de-normandie\/#primaryimage\"},\"image\":{\"@id\":\"https:\/\/fromagesenbalade.com\/index.php\/produit\/camembert-de-normandie\/#primaryimage\"},\"thumbnailUrl\":\"https:\/\/fromagesenbalade.com\/wp-content\/uploads\/2024\/03\/camembert-de-normandie.jpg\",\"datePublished\":\"2024-03-09T11:54:22+00:00\",\"dateModified\":\"2024-03-09T11:54:22+00:00\",\"description\":\"Fromage AOP au lait cru de vache, fabriqu\u00e9 en Normandie. Il est aujourd'hui l'un des fromages les plus connus de la plan\u00e8te, et offre des notes lact\u00e9es et acidul\u00e9es ainsi que des ar\u00f4mes de champignon.\",\"breadcrumb\":{\"@id\":\"https:\/\/fromagesenbalade.com\/index.php\/produit\/camembert-de-normandie\/#breadcrumb\"},\"inLanguage\":\"fr-FR\",\"potentialAction\":[{\"@type\":\"ReadAction\",\"target\":[\"https:\/\/fromagesenbalade.com\/index.php\/produit\/camembert-de-normandie\/\"]}]},{\"@type\":\"ImageObject\",\"inLanguage\":\"fr-FR\",\"@id\":\"https:\/\/fromagesenbalade.com\/index.php\/produit\/camembert-de-normandie\/#primaryimage\",\"url\":\"https:\/\/fromagesenbalade.com\/wp-content\/uploads\/2024\/03\/camembert-de-normandie.jpg\",\"contentUrl\":\"https:\/\/fromagesenbalade.com\/wp-content\/uploads\/2024\/03\/camembert-de-normandie.jpg\",\"width\":317,\"height\":259},{\"@type\":\"BreadcrumbList\",\"@id\":\"https:\/\/fromagesenbalade.com\/index.php\/produit\/camembert-de-normandie\/#breadcrumb\",\"itemListElement\":[{\"@type\":\"ListItem\",\"position\":1,\"name\":\"Accueil\",\"item\":\"https:\/\/fromagesenbalade.com\/\"},{\"@type\":\"ListItem\",\"position\":2,\"name\":\"Mes produits\",\"item\":\"https:\/\/fromagesenbalade.com\/index.php\/produits\/\"},{\"@type\":\"ListItem\",\"position\":3,\"name\":\"Camembert de Normandie\"}]},{\"@type\":\"WebSite\",\"@id\":\"https:\/\/fromagesenbalade.com\/#website\",\"url\":\"https:\/\/fromagesenbalade.com\/\",\"name\":\"fromagesenbalade.com\",\"description\":\"\",\"publisher\":{\"@id\":\"https:\/\/fromagesenbalade.com\/#organization\"},\"potentialAction\":[{\"@type\":\"SearchAction\",\"target\":{\"@type\":\"EntryPoint\",\"urlTemplate\":\"https:\/\/fromagesenbalade.com\/?s={search_term_string}\"},\"query-input\":\"required name=search_term_string\"}],\"inLanguage\":\"fr-FR\"},{\"@type\":\"Organization\",\"@id\":\"https:\/\/fromagesenbalade.com\/#organization\",\"name\":\"fromagesenbalade.com\",\"url\":\"https:\/\/fromagesenbalade.com\/\",\"logo\":{\"@type\":\"ImageObject\",\"inLanguage\":\"fr-FR\",\"@id\":\"https:\/\/fromagesenbalade.com\/#\/schema\/logo\/image\/\",\"url\":\"https:\/\/fromagesenbalade.com\/wp-content\/uploads\/2024\/01\/01-FEB-Logo-Declinaison01.png\",\"contentUrl\":\"https:\/\/fromagesenbalade.com\/wp-content\/uploads\/2024\/01\/01-FEB-Logo-Declinaison01.png\",\"width\":4588,\"height\":2481,\"caption\":\"fromagesenbalade.com\"},\"image\":{\"@id\":\"https:\/\/fromagesenbalade.com\/#\/schema\/logo\/image\/\"}}]}<\/script>\n<!-- \/ Yoast SEO plugin. -->","yoast_head_json":{"title":"Camembert de Normandie - fromagesenbalade.com","description":"Fromage AOP au lait cru de vache, fabriqu\u00e9 en Normandie. Il est aujourd'hui l'un des fromages les plus connus de la plan\u00e8te, et offre des notes lact\u00e9es et acidul\u00e9es ainsi que des ar\u00f4mes de champignon.","robots":{"index":"index","follow":"follow","max-snippet":"max-snippet:-1","max-image-preview":"max-image-preview:large","max-video-preview":"max-video-preview:-1"},"canonical":"https:\/\/fromagesenbalade.com\/index.php\/produit\/camembert-de-normandie\/","og_locale":"fr_FR","og_type":"article","og_title":"Camembert de Normandie - fromagesenbalade.com","og_description":"Fromage AOP au lait cru de vache, fabriqu\u00e9 en Normandie. Il est aujourd'hui l'un des fromages les plus connus de la plan\u00e8te, et offre des notes lact\u00e9es et acidul\u00e9es ainsi que des ar\u00f4mes de champignon.","og_url":"https:\/\/fromagesenbalade.com\/index.php\/produit\/camembert-de-normandie\/","og_site_name":"fromagesenbalade.com","og_image":[{"width":317,"height":259,"url":"https:\/\/fromagesenbalade.com\/wp-content\/uploads\/2024\/03\/camembert-de-normandie.jpg","type":"image\/jpeg"}],"twitter_card":"summary_large_image","twitter_misc":{"Dur\u00e9e de lecture estim\u00e9e":"1 minute"},"schema":{"@context":"https:\/\/schema.org","@graph":[{"@type":"WebPage","@id":"https:\/\/fromagesenbalade.com\/index.php\/produit\/camembert-de-normandie\/","url":"https:\/\/fromagesenbalade.com\/index.php\/produit\/camembert-de-normandie\/","name":"Camembert de Normandie - fromagesenbalade.com","isPartOf":{"@id":"https:\/\/fromagesenbalade.com\/#website"},"primaryImageOfPage":{"@id":"https:\/\/fromagesenbalade.com\/index.php\/produit\/camembert-de-normandie\/#primaryimage"},"image":{"@id":"https:\/\/fromagesenbalade.com\/index.php\/produit\/camembert-de-normandie\/#primaryimage"},"thumbnailUrl":"https:\/\/fromagesenbalade.com\/wp-content\/uploads\/2024\/03\/camembert-de-normandie.jpg","datePublished":"2024-03-09T11:54:22+00:00","dateModified":"2024-03-09T11:54:22+00:00","description":"Fromage AOP au lait cru de vache, fabriqu\u00e9 en Normandie. Il est aujourd'hui l'un des fromages les plus connus de la plan\u00e8te, et offre des notes lact\u00e9es et acidul\u00e9es ainsi que des ar\u00f4mes de champignon.","breadcrumb":{"@id":"https:\/\/fromagesenbalade.com\/index.php\/produit\/camembert-de-normandie\/#breadcrumb"},"inLanguage":"fr-FR","potentialAction":[{"@type":"ReadAction","target":["https:\/\/fromagesenbalade.com\/index.php\/produit\/camembert-de-normandie\/"]}]},{"@type":"ImageObject","inLanguage":"fr-FR","@id":"https:\/\/fromagesenbalade.com\/index.php\/produit\/camembert-de-normandie\/#primaryimage","url":"https:\/\/fromagesenbalade.com\/wp-content\/uploads\/2024\/03\/camembert-de-normandie.jpg","contentUrl":"https:\/\/fromagesenbalade.com\/wp-content\/uploads\/2024\/03\/camembert-de-normandie.jpg","width":317,"height":259},{"@type":"BreadcrumbList","@id":"https:\/\/fromagesenbalade.com\/index.php\/produit\/camembert-de-normandie\/#breadcrumb","itemListElement":[{"@type":"ListItem","position":1,"name":"Accueil","item":"https:\/\/fromagesenbalade.com\/"},{"@type":"ListItem","position":2,"name":"Mes produits","item":"https:\/\/fromagesenbalade.com\/index.php\/produits\/"},{"@type":"ListItem","position":3,"name":"Camembert de Normandie"}]},{"@type":"WebSite","@id":"https:\/\/fromagesenbalade.com\/#website","url":"https:\/\/fromagesenbalade.com\/","name":"fromagesenbalade.com","description":"","publisher":{"@id":"https:\/\/fromagesenbalade.com\/#organization"},"potentialAction":[{"@type":"SearchAction","target":{"@type":"EntryPoint","urlTemplate":"https:\/\/fromagesenbalade.com\/?s={search_term_string}"},"query-input":"required name=search_term_string"}],"inLanguage":"fr-FR"},{"@type":"Organization","@id":"https:\/\/fromagesenbalade.com\/#organization","name":"fromagesenbalade.com","url":"https:\/\/fromagesenbalade.com\/","logo":{"@type":"ImageObject","inLanguage":"fr-FR","@id":"https:\/\/fromagesenbalade.com\/#\/schema\/logo\/image\/","url":"https:\/\/fromagesenbalade.com\/wp-content\/uploads\/2024\/01\/01-FEB-Logo-Declinaison01.png","contentUrl":"https:\/\/fromagesenbalade.com\/wp-content\/uploads\/2024\/01\/01-FEB-Logo-Declinaison01.png","width":4588,"height":2481,"caption":"fromagesenbalade.com"},"image":{"@id":"https:\/\/fromagesenbalade.com\/#\/schema\/logo\/image\/"}}]}},"_links":{"self":[{"href":"https:\/\/fromagesenbalade.com\/index.php\/wp-json\/wp\/v2\/product\/247"}],"collection":[{"href":"https:\/\/fromagesenbalade.com\/index.php\/wp-json\/wp\/v2\/product"}],"about":[{"href":"https:\/\/fromagesenbalade.com\/index.php\/wp-json\/wp\/v2\/types\/product"}],"replies":[{"embeddable":true,"href":"https:\/\/fromagesenbalade.com\/index.php\/wp-json\/wp\/v2\/comments?post=247"}],"wp:featuredmedia":[{"embeddable":true,"href":"https:\/\/fromagesenbalade.com\/index.php\/wp-json\/wp\/v2\/media\/207"}],"wp:attachment":[{"href":"https:\/\/fromagesenbalade.com\/index.php\/wp-json\/wp\/v2\/media?parent=247"}],"wp:term":[{"taxonomy":"product_cat","embeddable":true,"href":"https:\/\/fromagesenbalade.com\/index.php\/wp-json\/wp\/v2\/product_cat?post=247"},{"taxonomy":"product_tag","embeddable":true,"href":"https:\/\/fromagesenbalade.com\/index.php\/wp-json\/wp\/v2\/product_tag?post=247"}],"curies":[{"name":"wp","href":"https:\/\/api.w.org\/{rel}","templated":true}]}}