{"id":246,"date":"2024-03-09T12:48:57","date_gmt":"2024-03-09T11:48:57","guid":{"rendered":"https:\/\/fromagesenbalade.com\/?post_type=product&#038;p=246"},"modified":"2024-03-09T12:48:57","modified_gmt":"2024-03-09T11:48:57","slug":"brie-de-melun-250g","status":"publish","type":"product","link":"https:\/\/fromagesenbalade.com\/index.php\/produit\/brie-de-melun-250g\/","title":{"rendered":"Brie de Melun 250g"},"content":{"rendered":"<p>Fromage AOP au lait cru de vache, fabriqu\u00e9 en Ile de France. Sa cro\u00fbte stri\u00e9e r\u00e9v\u00e8le un affinage sur paillon. Au nez, il offre une forte odeur de terroir et en bouche une saveur tr\u00e8s fruit\u00e9e, o\u00f9 dominent des notes de champignon, le tout dans une texture fondante et cr\u00e9meuse.<\/p>\n","protected":false},"excerpt":{"rendered":"<p>Fromage AOP au lait cru de vache, fabriqu\u00e9 en Ile de France. Sa cro\u00fbte stri\u00e9e r\u00e9v\u00e8le un affinage sur paillon. Au nez, il offre une forte odeur de terroir et en bouche une saveur tr\u00e8s fruit\u00e9e, o\u00f9 dominent des notes de champignon, le tout dans une texture fondante et cr\u00e9meuse.<\/p>\n","protected":false},"featured_media":206,"comment_status":"open","ping_status":"closed","template":"","meta":{"_et_pb_use_builder":"","_et_pb_old_content":"","_et_gb_content_width":""},"product_cat":[19,32],"product_tag":[],"yoast_head":"<!-- This site is optimized with the Yoast SEO plugin v22.2 - https:\/\/yoast.com\/wordpress\/plugins\/seo\/ -->\n<title>Brie de Melun 250g - fromagesenbalade.com<\/title>\n<meta name=\"description\" content=\"Fromage AOP au lait cru de vache, fabriqu\u00e9 en Ile de France. Sa cro\u00fbte stri\u00e9e r\u00e9v\u00e8le un affinage sur paillon. Au nez, il offre une forte odeur de terroir et en bouche une saveur tr\u00e8s fruit\u00e9e, o\u00f9 dominent des notes de champignon, le tout dans une texture fondante et cr\u00e9meuse.\" \/>\n<meta name=\"robots\" content=\"index, follow, max-snippet:-1, max-image-preview:large, max-video-preview:-1\" \/>\n<link rel=\"canonical\" href=\"https:\/\/fromagesenbalade.com\/index.php\/produit\/brie-de-melun-250g\/\" \/>\n<meta property=\"og:locale\" content=\"fr_FR\" \/>\n<meta property=\"og:type\" content=\"article\" \/>\n<meta property=\"og:title\" content=\"Brie de Melun 250g - fromagesenbalade.com\" \/>\n<meta property=\"og:description\" content=\"Fromage AOP au lait cru de vache, fabriqu\u00e9 en Ile de France. Sa cro\u00fbte stri\u00e9e r\u00e9v\u00e8le un affinage sur paillon. Au nez, il offre une forte odeur de terroir et en bouche une saveur tr\u00e8s fruit\u00e9e, o\u00f9 dominent des notes de champignon, le tout dans une texture fondante et cr\u00e9meuse.\" \/>\n<meta property=\"og:url\" content=\"https:\/\/fromagesenbalade.com\/index.php\/produit\/brie-de-melun-250g\/\" \/>\n<meta property=\"og:site_name\" content=\"fromagesenbalade.com\" \/>\n<meta property=\"og:image\" content=\"https:\/\/fromagesenbalade.com\/wp-content\/uploads\/2024\/03\/brie-de-melun.jpg\" \/>\n\t<meta property=\"og:image:width\" content=\"425\" \/>\n\t<meta property=\"og:image:height\" content=\"352\" \/>\n\t<meta property=\"og:image:type\" content=\"image\/jpeg\" \/>\n<meta name=\"twitter:card\" content=\"summary_large_image\" \/>\n<meta name=\"twitter:label1\" content=\"Dur\u00e9e de lecture estim\u00e9e\" \/>\n\t<meta name=\"twitter:data1\" content=\"1 minute\" \/>\n<script type=\"application\/ld+json\" class=\"yoast-schema-graph\">{\"@context\":\"https:\/\/schema.org\",\"@graph\":[{\"@type\":\"WebPage\",\"@id\":\"https:\/\/fromagesenbalade.com\/index.php\/produit\/brie-de-melun-250g\/\",\"url\":\"https:\/\/fromagesenbalade.com\/index.php\/produit\/brie-de-melun-250g\/\",\"name\":\"Brie de Melun 250g - fromagesenbalade.com\",\"isPartOf\":{\"@id\":\"https:\/\/fromagesenbalade.com\/#website\"},\"primaryImageOfPage\":{\"@id\":\"https:\/\/fromagesenbalade.com\/index.php\/produit\/brie-de-melun-250g\/#primaryimage\"},\"image\":{\"@id\":\"https:\/\/fromagesenbalade.com\/index.php\/produit\/brie-de-melun-250g\/#primaryimage\"},\"thumbnailUrl\":\"https:\/\/fromagesenbalade.com\/wp-content\/uploads\/2024\/03\/brie-de-melun.jpg\",\"datePublished\":\"2024-03-09T11:48:57+00:00\",\"dateModified\":\"2024-03-09T11:48:57+00:00\",\"description\":\"Fromage AOP au lait cru de vache, fabriqu\u00e9 en Ile de France. Sa cro\u00fbte stri\u00e9e r\u00e9v\u00e8le un affinage sur paillon. Au nez, il offre une forte odeur de terroir et en bouche une saveur tr\u00e8s fruit\u00e9e, o\u00f9 dominent des notes de champignon, le tout dans une texture fondante et cr\u00e9meuse.\",\"breadcrumb\":{\"@id\":\"https:\/\/fromagesenbalade.com\/index.php\/produit\/brie-de-melun-250g\/#breadcrumb\"},\"inLanguage\":\"fr-FR\",\"potentialAction\":[{\"@type\":\"ReadAction\",\"target\":[\"https:\/\/fromagesenbalade.com\/index.php\/produit\/brie-de-melun-250g\/\"]}]},{\"@type\":\"ImageObject\",\"inLanguage\":\"fr-FR\",\"@id\":\"https:\/\/fromagesenbalade.com\/index.php\/produit\/brie-de-melun-250g\/#primaryimage\",\"url\":\"https:\/\/fromagesenbalade.com\/wp-content\/uploads\/2024\/03\/brie-de-melun.jpg\",\"contentUrl\":\"https:\/\/fromagesenbalade.com\/wp-content\/uploads\/2024\/03\/brie-de-melun.jpg\",\"width\":425,\"height\":352},{\"@type\":\"BreadcrumbList\",\"@id\":\"https:\/\/fromagesenbalade.com\/index.php\/produit\/brie-de-melun-250g\/#breadcrumb\",\"itemListElement\":[{\"@type\":\"ListItem\",\"position\":1,\"name\":\"Accueil\",\"item\":\"https:\/\/fromagesenbalade.com\/\"},{\"@type\":\"ListItem\",\"position\":2,\"name\":\"Mes produits\",\"item\":\"https:\/\/fromagesenbalade.com\/index.php\/produits\/\"},{\"@type\":\"ListItem\",\"position\":3,\"name\":\"Brie de Melun 250g\"}]},{\"@type\":\"WebSite\",\"@id\":\"https:\/\/fromagesenbalade.com\/#website\",\"url\":\"https:\/\/fromagesenbalade.com\/\",\"name\":\"fromagesenbalade.com\",\"description\":\"\",\"publisher\":{\"@id\":\"https:\/\/fromagesenbalade.com\/#organization\"},\"potentialAction\":[{\"@type\":\"SearchAction\",\"target\":{\"@type\":\"EntryPoint\",\"urlTemplate\":\"https:\/\/fromagesenbalade.com\/?s={search_term_string}\"},\"query-input\":\"required name=search_term_string\"}],\"inLanguage\":\"fr-FR\"},{\"@type\":\"Organization\",\"@id\":\"https:\/\/fromagesenbalade.com\/#organization\",\"name\":\"fromagesenbalade.com\",\"url\":\"https:\/\/fromagesenbalade.com\/\",\"logo\":{\"@type\":\"ImageObject\",\"inLanguage\":\"fr-FR\",\"@id\":\"https:\/\/fromagesenbalade.com\/#\/schema\/logo\/image\/\",\"url\":\"https:\/\/fromagesenbalade.com\/wp-content\/uploads\/2024\/01\/01-FEB-Logo-Declinaison01.png\",\"contentUrl\":\"https:\/\/fromagesenbalade.com\/wp-content\/uploads\/2024\/01\/01-FEB-Logo-Declinaison01.png\",\"width\":4588,\"height\":2481,\"caption\":\"fromagesenbalade.com\"},\"image\":{\"@id\":\"https:\/\/fromagesenbalade.com\/#\/schema\/logo\/image\/\"}}]}<\/script>\n<!-- \/ Yoast SEO plugin. -->","yoast_head_json":{"title":"Brie de Melun 250g - fromagesenbalade.com","description":"Fromage AOP au lait cru de vache, fabriqu\u00e9 en Ile de France. Sa cro\u00fbte stri\u00e9e r\u00e9v\u00e8le un affinage sur paillon. Au nez, il offre une forte odeur de terroir et en bouche une saveur tr\u00e8s fruit\u00e9e, o\u00f9 dominent des notes de champignon, le tout dans une texture fondante et cr\u00e9meuse.","robots":{"index":"index","follow":"follow","max-snippet":"max-snippet:-1","max-image-preview":"max-image-preview:large","max-video-preview":"max-video-preview:-1"},"canonical":"https:\/\/fromagesenbalade.com\/index.php\/produit\/brie-de-melun-250g\/","og_locale":"fr_FR","og_type":"article","og_title":"Brie de Melun 250g - fromagesenbalade.com","og_description":"Fromage AOP au lait cru de vache, fabriqu\u00e9 en Ile de France. Sa cro\u00fbte stri\u00e9e r\u00e9v\u00e8le un affinage sur paillon. Au nez, il offre une forte odeur de terroir et en bouche une saveur tr\u00e8s fruit\u00e9e, o\u00f9 dominent des notes de champignon, le tout dans une texture fondante et cr\u00e9meuse.","og_url":"https:\/\/fromagesenbalade.com\/index.php\/produit\/brie-de-melun-250g\/","og_site_name":"fromagesenbalade.com","og_image":[{"width":425,"height":352,"url":"https:\/\/fromagesenbalade.com\/wp-content\/uploads\/2024\/03\/brie-de-melun.jpg","type":"image\/jpeg"}],"twitter_card":"summary_large_image","twitter_misc":{"Dur\u00e9e de lecture estim\u00e9e":"1 minute"},"schema":{"@context":"https:\/\/schema.org","@graph":[{"@type":"WebPage","@id":"https:\/\/fromagesenbalade.com\/index.php\/produit\/brie-de-melun-250g\/","url":"https:\/\/fromagesenbalade.com\/index.php\/produit\/brie-de-melun-250g\/","name":"Brie de Melun 250g - fromagesenbalade.com","isPartOf":{"@id":"https:\/\/fromagesenbalade.com\/#website"},"primaryImageOfPage":{"@id":"https:\/\/fromagesenbalade.com\/index.php\/produit\/brie-de-melun-250g\/#primaryimage"},"image":{"@id":"https:\/\/fromagesenbalade.com\/index.php\/produit\/brie-de-melun-250g\/#primaryimage"},"thumbnailUrl":"https:\/\/fromagesenbalade.com\/wp-content\/uploads\/2024\/03\/brie-de-melun.jpg","datePublished":"2024-03-09T11:48:57+00:00","dateModified":"2024-03-09T11:48:57+00:00","description":"Fromage AOP au lait cru de vache, fabriqu\u00e9 en Ile de France. Sa cro\u00fbte stri\u00e9e r\u00e9v\u00e8le un affinage sur paillon. Au nez, il offre une forte odeur de terroir et en bouche une saveur tr\u00e8s fruit\u00e9e, o\u00f9 dominent des notes de champignon, le tout dans une texture fondante et cr\u00e9meuse.","breadcrumb":{"@id":"https:\/\/fromagesenbalade.com\/index.php\/produit\/brie-de-melun-250g\/#breadcrumb"},"inLanguage":"fr-FR","potentialAction":[{"@type":"ReadAction","target":["https:\/\/fromagesenbalade.com\/index.php\/produit\/brie-de-melun-250g\/"]}]},{"@type":"ImageObject","inLanguage":"fr-FR","@id":"https:\/\/fromagesenbalade.com\/index.php\/produit\/brie-de-melun-250g\/#primaryimage","url":"https:\/\/fromagesenbalade.com\/wp-content\/uploads\/2024\/03\/brie-de-melun.jpg","contentUrl":"https:\/\/fromagesenbalade.com\/wp-content\/uploads\/2024\/03\/brie-de-melun.jpg","width":425,"height":352},{"@type":"BreadcrumbList","@id":"https:\/\/fromagesenbalade.com\/index.php\/produit\/brie-de-melun-250g\/#breadcrumb","itemListElement":[{"@type":"ListItem","position":1,"name":"Accueil","item":"https:\/\/fromagesenbalade.com\/"},{"@type":"ListItem","position":2,"name":"Mes produits","item":"https:\/\/fromagesenbalade.com\/index.php\/produits\/"},{"@type":"ListItem","position":3,"name":"Brie de Melun 250g"}]},{"@type":"WebSite","@id":"https:\/\/fromagesenbalade.com\/#website","url":"https:\/\/fromagesenbalade.com\/","name":"fromagesenbalade.com","description":"","publisher":{"@id":"https:\/\/fromagesenbalade.com\/#organization"},"potentialAction":[{"@type":"SearchAction","target":{"@type":"EntryPoint","urlTemplate":"https:\/\/fromagesenbalade.com\/?s={search_term_string}"},"query-input":"required name=search_term_string"}],"inLanguage":"fr-FR"},{"@type":"Organization","@id":"https:\/\/fromagesenbalade.com\/#organization","name":"fromagesenbalade.com","url":"https:\/\/fromagesenbalade.com\/","logo":{"@type":"ImageObject","inLanguage":"fr-FR","@id":"https:\/\/fromagesenbalade.com\/#\/schema\/logo\/image\/","url":"https:\/\/fromagesenbalade.com\/wp-content\/uploads\/2024\/01\/01-FEB-Logo-Declinaison01.png","contentUrl":"https:\/\/fromagesenbalade.com\/wp-content\/uploads\/2024\/01\/01-FEB-Logo-Declinaison01.png","width":4588,"height":2481,"caption":"fromagesenbalade.com"},"image":{"@id":"https:\/\/fromagesenbalade.com\/#\/schema\/logo\/image\/"}}]}},"_links":{"self":[{"href":"https:\/\/fromagesenbalade.com\/index.php\/wp-json\/wp\/v2\/product\/246"}],"collection":[{"href":"https:\/\/fromagesenbalade.com\/index.php\/wp-json\/wp\/v2\/product"}],"about":[{"href":"https:\/\/fromagesenbalade.com\/index.php\/wp-json\/wp\/v2\/types\/product"}],"replies":[{"embeddable":true,"href":"https:\/\/fromagesenbalade.com\/index.php\/wp-json\/wp\/v2\/comments?post=246"}],"wp:featuredmedia":[{"embeddable":true,"href":"https:\/\/fromagesenbalade.com\/index.php\/wp-json\/wp\/v2\/media\/206"}],"wp:attachment":[{"href":"https:\/\/fromagesenbalade.com\/index.php\/wp-json\/wp\/v2\/media?parent=246"}],"wp:term":[{"taxonomy":"product_cat","embeddable":true,"href":"https:\/\/fromagesenbalade.com\/index.php\/wp-json\/wp\/v2\/product_cat?post=246"},{"taxonomy":"product_tag","embeddable":true,"href":"https:\/\/fromagesenbalade.com\/index.php\/wp-json\/wp\/v2\/product_tag?post=246"}],"curies":[{"name":"wp","href":"https:\/\/api.w.org\/{rel}","templated":true}]}}