{"id":195,"date":"2024-03-09T10:56:40","date_gmt":"2024-03-09T09:56:40","guid":{"rendered":"https:\/\/fromagesenbalade.com\/?post_type=product&#038;p=195"},"modified":"2024-03-09T10:56:40","modified_gmt":"2024-03-09T09:56:40","slug":"beaufort-aop-chalet-dalpage-250g","status":"publish","type":"product","link":"https:\/\/fromagesenbalade.com\/index.php\/produit\/beaufort-aop-chalet-dalpage-250g\/","title":{"rendered":"Beaufort AOP chalet d&rsquo;alpage 250g"},"content":{"rendered":"<p>Fromage au lait cru de vache, fabriqu\u00e9 et affin\u00e9 12 semaines dans les alpages de Savoie. Il pr\u00e9sente des ar\u00f4mes bois\u00e9s, beurr\u00e9s et floraux et une texture ferme et fondante. Son talon concave permettait historiquement de transporter les meules \u00e0 dos de mulet ou d&rsquo;homme<\/p>\n","protected":false},"excerpt":{"rendered":"<p>Fromage au lait cru de vache, fabriqu\u00e9 et affin\u00e9 12 semaines dans les alpages de Savoie. Il pr\u00e9sente des ar\u00f4mes bois\u00e9s, beurr\u00e9s et floraux et une texture ferme et fondante. Son talon concave permettait historiquement de transporter les meules \u00e0 dos de mulet ou d&rsquo;homme<\/p>\n","protected":false},"featured_media":177,"comment_status":"open","ping_status":"closed","template":"","meta":{"_et_pb_use_builder":"","_et_pb_old_content":"","_et_gb_content_width":""},"product_cat":[19,25],"product_tag":[],"yoast_head":"<!-- This site is optimized with the Yoast SEO plugin v22.2 - https:\/\/yoast.com\/wordpress\/plugins\/seo\/ -->\n<title>Beaufort AOP chalet d&#039;alpage 250g - fromagesenbalade.com<\/title>\n<meta name=\"description\" content=\"Fromage au lait cru de vache, fabriqu\u00e9 et affin\u00e9 12 semaines dans les alpages de Savoie. Il pr\u00e9sente des ar\u00f4mes bois\u00e9s, beurr\u00e9s et floraux et une texture ferme et fondante. Son talon concave permettait historiquement de transporter les meules \u00e0 dos de mulet ou d&#039;homme\" \/>\n<meta name=\"robots\" content=\"index, follow, max-snippet:-1, max-image-preview:large, max-video-preview:-1\" \/>\n<link rel=\"canonical\" href=\"https:\/\/fromagesenbalade.com\/index.php\/produit\/beaufort-aop-chalet-dalpage-250g\/\" \/>\n<meta property=\"og:locale\" content=\"fr_FR\" \/>\n<meta property=\"og:type\" content=\"article\" \/>\n<meta property=\"og:title\" content=\"Beaufort AOP chalet d&#039;alpage 250g - fromagesenbalade.com\" \/>\n<meta property=\"og:description\" content=\"Fromage au lait cru de vache, fabriqu\u00e9 et affin\u00e9 12 semaines dans les alpages de Savoie. Il pr\u00e9sente des ar\u00f4mes bois\u00e9s, beurr\u00e9s et floraux et une texture ferme et fondante. Son talon concave permettait historiquement de transporter les meules \u00e0 dos de mulet ou d&#039;homme\" \/>\n<meta property=\"og:url\" content=\"https:\/\/fromagesenbalade.com\/index.php\/produit\/beaufort-aop-chalet-dalpage-250g\/\" \/>\n<meta property=\"og:site_name\" content=\"fromagesenbalade.com\" \/>\n<meta property=\"og:image\" content=\"https:\/\/fromagesenbalade.com\/wp-content\/uploads\/2024\/03\/beaufort.jpg\" \/>\n\t<meta property=\"og:image:width\" content=\"674\" \/>\n\t<meta property=\"og:image:height\" content=\"525\" \/>\n\t<meta property=\"og:image:type\" content=\"image\/jpeg\" \/>\n<meta name=\"twitter:card\" content=\"summary_large_image\" \/>\n<meta name=\"twitter:label1\" content=\"Dur\u00e9e de lecture estim\u00e9e\" \/>\n\t<meta name=\"twitter:data1\" content=\"1 minute\" \/>\n<script type=\"application\/ld+json\" class=\"yoast-schema-graph\">{\"@context\":\"https:\/\/schema.org\",\"@graph\":[{\"@type\":\"WebPage\",\"@id\":\"https:\/\/fromagesenbalade.com\/index.php\/produit\/beaufort-aop-chalet-dalpage-250g\/\",\"url\":\"https:\/\/fromagesenbalade.com\/index.php\/produit\/beaufort-aop-chalet-dalpage-250g\/\",\"name\":\"Beaufort AOP chalet d'alpage 250g - fromagesenbalade.com\",\"isPartOf\":{\"@id\":\"https:\/\/fromagesenbalade.com\/#website\"},\"primaryImageOfPage\":{\"@id\":\"https:\/\/fromagesenbalade.com\/index.php\/produit\/beaufort-aop-chalet-dalpage-250g\/#primaryimage\"},\"image\":{\"@id\":\"https:\/\/fromagesenbalade.com\/index.php\/produit\/beaufort-aop-chalet-dalpage-250g\/#primaryimage\"},\"thumbnailUrl\":\"https:\/\/fromagesenbalade.com\/wp-content\/uploads\/2024\/03\/beaufort.jpg\",\"datePublished\":\"2024-03-09T09:56:40+00:00\",\"dateModified\":\"2024-03-09T09:56:40+00:00\",\"description\":\"Fromage au lait cru de vache, fabriqu\u00e9 et affin\u00e9 12 semaines dans les alpages de Savoie. Il pr\u00e9sente des ar\u00f4mes bois\u00e9s, beurr\u00e9s et floraux et une texture ferme et fondante. Son talon concave permettait historiquement de transporter les meules \u00e0 dos de mulet ou d'homme\",\"breadcrumb\":{\"@id\":\"https:\/\/fromagesenbalade.com\/index.php\/produit\/beaufort-aop-chalet-dalpage-250g\/#breadcrumb\"},\"inLanguage\":\"fr-FR\",\"potentialAction\":[{\"@type\":\"ReadAction\",\"target\":[\"https:\/\/fromagesenbalade.com\/index.php\/produit\/beaufort-aop-chalet-dalpage-250g\/\"]}]},{\"@type\":\"ImageObject\",\"inLanguage\":\"fr-FR\",\"@id\":\"https:\/\/fromagesenbalade.com\/index.php\/produit\/beaufort-aop-chalet-dalpage-250g\/#primaryimage\",\"url\":\"https:\/\/fromagesenbalade.com\/wp-content\/uploads\/2024\/03\/beaufort.jpg\",\"contentUrl\":\"https:\/\/fromagesenbalade.com\/wp-content\/uploads\/2024\/03\/beaufort.jpg\",\"width\":674,\"height\":525},{\"@type\":\"BreadcrumbList\",\"@id\":\"https:\/\/fromagesenbalade.com\/index.php\/produit\/beaufort-aop-chalet-dalpage-250g\/#breadcrumb\",\"itemListElement\":[{\"@type\":\"ListItem\",\"position\":1,\"name\":\"Accueil\",\"item\":\"https:\/\/fromagesenbalade.com\/\"},{\"@type\":\"ListItem\",\"position\":2,\"name\":\"Mes produits\",\"item\":\"https:\/\/fromagesenbalade.com\/index.php\/produits\/\"},{\"@type\":\"ListItem\",\"position\":3,\"name\":\"Beaufort AOP chalet d&rsquo;alpage 250g\"}]},{\"@type\":\"WebSite\",\"@id\":\"https:\/\/fromagesenbalade.com\/#website\",\"url\":\"https:\/\/fromagesenbalade.com\/\",\"name\":\"fromagesenbalade.com\",\"description\":\"\",\"publisher\":{\"@id\":\"https:\/\/fromagesenbalade.com\/#organization\"},\"potentialAction\":[{\"@type\":\"SearchAction\",\"target\":{\"@type\":\"EntryPoint\",\"urlTemplate\":\"https:\/\/fromagesenbalade.com\/?s={search_term_string}\"},\"query-input\":\"required name=search_term_string\"}],\"inLanguage\":\"fr-FR\"},{\"@type\":\"Organization\",\"@id\":\"https:\/\/fromagesenbalade.com\/#organization\",\"name\":\"fromagesenbalade.com\",\"url\":\"https:\/\/fromagesenbalade.com\/\",\"logo\":{\"@type\":\"ImageObject\",\"inLanguage\":\"fr-FR\",\"@id\":\"https:\/\/fromagesenbalade.com\/#\/schema\/logo\/image\/\",\"url\":\"https:\/\/fromagesenbalade.com\/wp-content\/uploads\/2024\/01\/01-FEB-Logo-Declinaison01.png\",\"contentUrl\":\"https:\/\/fromagesenbalade.com\/wp-content\/uploads\/2024\/01\/01-FEB-Logo-Declinaison01.png\",\"width\":4588,\"height\":2481,\"caption\":\"fromagesenbalade.com\"},\"image\":{\"@id\":\"https:\/\/fromagesenbalade.com\/#\/schema\/logo\/image\/\"}}]}<\/script>\n<!-- \/ Yoast SEO plugin. -->","yoast_head_json":{"title":"Beaufort AOP chalet d'alpage 250g - fromagesenbalade.com","description":"Fromage au lait cru de vache, fabriqu\u00e9 et affin\u00e9 12 semaines dans les alpages de Savoie. Il pr\u00e9sente des ar\u00f4mes bois\u00e9s, beurr\u00e9s et floraux et une texture ferme et fondante. Son talon concave permettait historiquement de transporter les meules \u00e0 dos de mulet ou d'homme","robots":{"index":"index","follow":"follow","max-snippet":"max-snippet:-1","max-image-preview":"max-image-preview:large","max-video-preview":"max-video-preview:-1"},"canonical":"https:\/\/fromagesenbalade.com\/index.php\/produit\/beaufort-aop-chalet-dalpage-250g\/","og_locale":"fr_FR","og_type":"article","og_title":"Beaufort AOP chalet d'alpage 250g - fromagesenbalade.com","og_description":"Fromage au lait cru de vache, fabriqu\u00e9 et affin\u00e9 12 semaines dans les alpages de Savoie. Il pr\u00e9sente des ar\u00f4mes bois\u00e9s, beurr\u00e9s et floraux et une texture ferme et fondante. Son talon concave permettait historiquement de transporter les meules \u00e0 dos de mulet ou d'homme","og_url":"https:\/\/fromagesenbalade.com\/index.php\/produit\/beaufort-aop-chalet-dalpage-250g\/","og_site_name":"fromagesenbalade.com","og_image":[{"width":674,"height":525,"url":"https:\/\/fromagesenbalade.com\/wp-content\/uploads\/2024\/03\/beaufort.jpg","type":"image\/jpeg"}],"twitter_card":"summary_large_image","twitter_misc":{"Dur\u00e9e de lecture estim\u00e9e":"1 minute"},"schema":{"@context":"https:\/\/schema.org","@graph":[{"@type":"WebPage","@id":"https:\/\/fromagesenbalade.com\/index.php\/produit\/beaufort-aop-chalet-dalpage-250g\/","url":"https:\/\/fromagesenbalade.com\/index.php\/produit\/beaufort-aop-chalet-dalpage-250g\/","name":"Beaufort AOP chalet d'alpage 250g - fromagesenbalade.com","isPartOf":{"@id":"https:\/\/fromagesenbalade.com\/#website"},"primaryImageOfPage":{"@id":"https:\/\/fromagesenbalade.com\/index.php\/produit\/beaufort-aop-chalet-dalpage-250g\/#primaryimage"},"image":{"@id":"https:\/\/fromagesenbalade.com\/index.php\/produit\/beaufort-aop-chalet-dalpage-250g\/#primaryimage"},"thumbnailUrl":"https:\/\/fromagesenbalade.com\/wp-content\/uploads\/2024\/03\/beaufort.jpg","datePublished":"2024-03-09T09:56:40+00:00","dateModified":"2024-03-09T09:56:40+00:00","description":"Fromage au lait cru de vache, fabriqu\u00e9 et affin\u00e9 12 semaines dans les alpages de Savoie. Il pr\u00e9sente des ar\u00f4mes bois\u00e9s, beurr\u00e9s et floraux et une texture ferme et fondante. Son talon concave permettait historiquement de transporter les meules \u00e0 dos de mulet ou d'homme","breadcrumb":{"@id":"https:\/\/fromagesenbalade.com\/index.php\/produit\/beaufort-aop-chalet-dalpage-250g\/#breadcrumb"},"inLanguage":"fr-FR","potentialAction":[{"@type":"ReadAction","target":["https:\/\/fromagesenbalade.com\/index.php\/produit\/beaufort-aop-chalet-dalpage-250g\/"]}]},{"@type":"ImageObject","inLanguage":"fr-FR","@id":"https:\/\/fromagesenbalade.com\/index.php\/produit\/beaufort-aop-chalet-dalpage-250g\/#primaryimage","url":"https:\/\/fromagesenbalade.com\/wp-content\/uploads\/2024\/03\/beaufort.jpg","contentUrl":"https:\/\/fromagesenbalade.com\/wp-content\/uploads\/2024\/03\/beaufort.jpg","width":674,"height":525},{"@type":"BreadcrumbList","@id":"https:\/\/fromagesenbalade.com\/index.php\/produit\/beaufort-aop-chalet-dalpage-250g\/#breadcrumb","itemListElement":[{"@type":"ListItem","position":1,"name":"Accueil","item":"https:\/\/fromagesenbalade.com\/"},{"@type":"ListItem","position":2,"name":"Mes produits","item":"https:\/\/fromagesenbalade.com\/index.php\/produits\/"},{"@type":"ListItem","position":3,"name":"Beaufort AOP chalet d&rsquo;alpage 250g"}]},{"@type":"WebSite","@id":"https:\/\/fromagesenbalade.com\/#website","url":"https:\/\/fromagesenbalade.com\/","name":"fromagesenbalade.com","description":"","publisher":{"@id":"https:\/\/fromagesenbalade.com\/#organization"},"potentialAction":[{"@type":"SearchAction","target":{"@type":"EntryPoint","urlTemplate":"https:\/\/fromagesenbalade.com\/?s={search_term_string}"},"query-input":"required name=search_term_string"}],"inLanguage":"fr-FR"},{"@type":"Organization","@id":"https:\/\/fromagesenbalade.com\/#organization","name":"fromagesenbalade.com","url":"https:\/\/fromagesenbalade.com\/","logo":{"@type":"ImageObject","inLanguage":"fr-FR","@id":"https:\/\/fromagesenbalade.com\/#\/schema\/logo\/image\/","url":"https:\/\/fromagesenbalade.com\/wp-content\/uploads\/2024\/01\/01-FEB-Logo-Declinaison01.png","contentUrl":"https:\/\/fromagesenbalade.com\/wp-content\/uploads\/2024\/01\/01-FEB-Logo-Declinaison01.png","width":4588,"height":2481,"caption":"fromagesenbalade.com"},"image":{"@id":"https:\/\/fromagesenbalade.com\/#\/schema\/logo\/image\/"}}]}},"_links":{"self":[{"href":"https:\/\/fromagesenbalade.com\/index.php\/wp-json\/wp\/v2\/product\/195"}],"collection":[{"href":"https:\/\/fromagesenbalade.com\/index.php\/wp-json\/wp\/v2\/product"}],"about":[{"href":"https:\/\/fromagesenbalade.com\/index.php\/wp-json\/wp\/v2\/types\/product"}],"replies":[{"embeddable":true,"href":"https:\/\/fromagesenbalade.com\/index.php\/wp-json\/wp\/v2\/comments?post=195"}],"wp:featuredmedia":[{"embeddable":true,"href":"https:\/\/fromagesenbalade.com\/index.php\/wp-json\/wp\/v2\/media\/177"}],"wp:attachment":[{"href":"https:\/\/fromagesenbalade.com\/index.php\/wp-json\/wp\/v2\/media?parent=195"}],"wp:term":[{"taxonomy":"product_cat","embeddable":true,"href":"https:\/\/fromagesenbalade.com\/index.php\/wp-json\/wp\/v2\/product_cat?post=195"},{"taxonomy":"product_tag","embeddable":true,"href":"https:\/\/fromagesenbalade.com\/index.php\/wp-json\/wp\/v2\/product_tag?post=195"}],"curies":[{"name":"wp","href":"https:\/\/api.w.org\/{rel}","templated":true}]}}