{"id":412,"date":"2024-04-15T12:12:56","date_gmt":"2024-04-15T10:12:56","guid":{"rendered":"https:\/\/fromagesenbalade.com\/?page_id=412"},"modified":"2024-04-15T12:12:56","modified_gmt":"2024-04-15T10:12:56","slug":"mes-producteurs-locaux","status":"publish","type":"page","link":"https:\/\/fromagesenbalade.com\/index.php\/mes-producteurs-locaux\/","title":{"rendered":"Mes producteurs locaux"},"content":{"rendered":"<p>[et_pb_section fb_built=\u00a0\u00bb1&Prime; next_background_color=\u00a0\u00bb#ffffff\u00a0\u00bb admin_label=\u00a0\u00bbHeader\u00a0\u00bb _builder_version=\u00a0\u00bb4.23.1&Prime; _module_preset=\u00a0\u00bbdefault\u00a0\u00bb background_image=\u00a0\u00bbhttps:\/\/fromagesenbalade.com\/wp-content\/uploads\/2024\/01\/FEB_ElementsGraphiques_vague-velo.png\u00a0\u00bb background_position=\u00a0\u00bbtop_center\u00a0\u00bb custom_padding=\u00a0\u00bb2.5%||2.5%||true|false\u00a0\u00bb bottom_divider_style=\u00a0\u00bbwaves\u00a0\u00bb bottom_divider_height=\u00a0\u00bb51px\u00a0\u00bb hover_enabled=\u00a0\u00bb0&Prime; locked=\u00a0\u00bboff\u00a0\u00bb collapsed=\u00a0\u00bbon\u00a0\u00bb global_colors_info=\u00a0\u00bb{}\u00a0\u00bb background_size=\u00a0\u00bbcontain\u00a0\u00bb sticky_enabled=\u00a0\u00bb0&Prime;][et_pb_row _builder_version=\u00a0\u00bb4.17.4&Prime; _module_preset=\u00a0\u00bbdefault\u00a0\u00bb max_width=\u00a0\u00bb700px\u00a0\u00bb global_colors_info=\u00a0\u00bb{}\u00a0\u00bb][et_pb_column type=\u00a0\u00bb4_4&Prime; _builder_version=\u00a0\u00bb4.17.4&Prime; _module_preset=\u00a0\u00bbdefault\u00a0\u00bb global_colors_info=\u00a0\u00bb{}\u00a0\u00bb][et_pb_text _builder_version=\u00a0\u00bb4.23.1&Prime; _module_preset=\u00a0\u00bbc16985e1-e0d6-4022-964d-e2bfc04fa633&Prime; text_font=\u00a0\u00bbMiniver||||||||\u00a0\u00bb text_text_color=\u00a0\u00bb#C0D6DF\u00a0\u00bb header_font=\u00a0\u00bbMiniver|600|||||||\u00a0\u00bb header_text_color=\u00a0\u00bb#023C3F\u00a0\u00bb header_font_size=\u00a0\u00bb42px\u00a0\u00bb header_line_height=\u00a0\u00bb1.2em\u00a0\u00bb text_orientation=\u00a0\u00bbcenter\u00a0\u00bb hover_enabled=\u00a0\u00bb0&Prime; header_font_size_tablet=\u00a0\u00bb40px\u00a0\u00bb header_font_size_phone=\u00a0\u00bb24px\u00a0\u00bb header_font_size_last_edited=\u00a0\u00bbon|desktop\u00a0\u00bb global_colors_info=\u00a0\u00bb{}\u00a0\u00bb sticky_enabled=\u00a0\u00bb0&Prime;]<\/p>\n<h1>Mes producteurs locaux<\/h1>\n<p>[\/et_pb_text][et_pb_text _builder_version=\u00a0\u00bb4.23.1&Prime; _module_preset=\u00a0\u00bbdefault\u00a0\u00bb global_colors_info=\u00a0\u00bb{}\u00a0\u00bb]<\/p>\n<p>&nbsp;<\/p>\n<p>&nbsp;<\/p>\n<p>&nbsp;<\/p>\n<p>&nbsp;<\/p>\n<p>[\/et_pb_text][\/et_pb_column][\/et_pb_row][et_pb_row _builder_version=\u00a0\u00bb4.23.1&Prime; _module_preset=\u00a0\u00bbdefault\u00a0\u00bb column_structure=\u00a0\u00bb2_5,3_5&Prime;][et_pb_column _builder_version=\u00a0\u00bb4.23.1&Prime; _module_preset=\u00a0\u00bbdefault\u00a0\u00bb type=\u00a0\u00bb2_5&Prime;][et_pb_image src=\u00a0\u00bbhttps:\/\/fromagesenbalade.com\/wp-content\/uploads\/2024\/04\/bellevue.jpg\u00a0\u00bb _builder_version=\u00a0\u00bb4.23.1&Prime; _module_preset=\u00a0\u00bbdefault\u00a0\u00bb title_text=\u00a0\u00bbbellevue\u00a0\u00bb hover_enabled=\u00a0\u00bb0&Prime; sticky_enabled=\u00a0\u00bb0&Prime;][\/et_pb_image][\/et_pb_column][et_pb_column _builder_version=\u00a0\u00bb4.23.1&Prime; _module_preset=\u00a0\u00bbdefault\u00a0\u00bb type=\u00a0\u00bb3_5&Prime;][et_pb_text _builder_version=\u00a0\u00bb4.23.1&Prime; _module_preset=\u00a0\u00bbdefault\u00a0\u00bb text_font=\u00a0\u00bbMarvel|700|||||||\u00a0\u00bb hover_enabled=\u00a0\u00bb0&Prime; sticky_enabled=\u00a0\u00bb0&Prime; text_font_size=\u00a0\u00bb18px\u00a0\u00bb]<\/p>\n<p>Ferme de Bellevue &#8211; Sarzeau<\/p>\n<p>&nbsp;<\/p>\n<p>Bienvenue sur la presqu\u2019\u00eele de Rhuys\u00a0! A Sarzeau, la Ti\u2019ferme Bellevue et ses 50 vaches crois\u00e9es prim\u2019holstein, normandes et montb\u00e9liardes (et quelques Pies Noires bretonnes\u00a0!) vous proposent une grande vari\u00e9t\u00e9 de fromages, tous fabriqu\u00e9s sur place\u00a0: tommes, lactiques, cro\u00fbtes fleuries, co\u00fbtes lav\u00e9es, p\u00e2tes persill\u00e9es \u2026 Les fromages sont bio, \u00e9videmment au lait cru. La ferme propose \u00e9galement de la farine de Sarrazin, et des \u00e9v\u00e8nements culturels. Connectez-vous aux r\u00e9seaux sociaux pour en savoir plus\u00a0!<\/p>\n<p>https:\/\/www.facebook.com\/tifermbellevue\/?locale=fr_FR<\/p>\n<p>[\/et_pb_text][\/et_pb_column][\/et_pb_row][et_pb_row _builder_version=\u00a0\u00bb4.23.1&Prime; _module_preset=\u00a0\u00bbdefault\u00a0\u00bb column_structure=\u00a0\u00bb3_5,2_5&Prime;][et_pb_column _builder_version=\u00a0\u00bb4.23.1&Prime; _module_preset=\u00a0\u00bbdefault\u00a0\u00bb type=\u00a0\u00bb3_5&Prime;][et_pb_text _builder_version=\u00a0\u00bb4.23.1&Prime; _module_preset=\u00a0\u00bbdefault\u00a0\u00bb text_font=\u00a0\u00bbMarvel|700|||||||\u00a0\u00bb text_font_size=\u00a0\u00bb18px\u00a0\u00bb text_orientation=\u00a0\u00bbright\u00a0\u00bb hover_enabled=\u00a0\u00bb0&Prime; sticky_enabled=\u00a0\u00bb0&Prime;]<\/p>\n<p>Les vaches nous rendent ch\u00e8vre \u2013 Molac<\/p>\n<p>&nbsp;<\/p>\n<p>Je vous propose de d\u00e9guster les fromages de ch\u00e8vre de St\u00e9phanie, de la ferme \u00ab\u00a0Les vaches nous rendent ch\u00e8vre\u00a0\u00bb \u00e0 Molac\u00a0! Environ 170 ch\u00e8vres de race alpine et poitevine vous accueillent au milieu des bottes de foin. Elles sont bichonn\u00e9es et passent \u00e0 la traite 2 fois par jour\u00a0: St\u00e9phanie fabrique alors des fromages lactiques, ainsi que des tommes. On trouve \u00e9galement des yaourts et du fromage blanc. Miam\u00a0!<\/p>\n<p>https:\/\/www.facebook.com\/lesvachesnousrendentchevres\/?locale=fr_FR<\/p>\n<p>[\/et_pb_text][\/et_pb_column][et_pb_column _builder_version=\u00a0\u00bb4.23.1&Prime; _module_preset=\u00a0\u00bbdefault\u00a0\u00bb type=\u00a0\u00bb2_5&Prime;][et_pb_image src=\u00a0\u00bbhttps:\/\/fromagesenbalade.com\/wp-content\/uploads\/2024\/04\/chevres-molac.jpg\u00a0\u00bb _builder_version=\u00a0\u00bb4.23.1&Prime; _module_preset=\u00a0\u00bbdefault\u00a0\u00bb title_text=\u00a0\u00bbchevres molac\u00a0\u00bb hover_enabled=\u00a0\u00bb0&Prime; sticky_enabled=\u00a0\u00bb0&Prime;][\/et_pb_image][\/et_pb_column][\/et_pb_row][et_pb_row _builder_version=\u00a0\u00bb4.23.1&Prime; _module_preset=\u00a0\u00bbdefault\u00a0\u00bb column_structure=\u00a0\u00bb2_5,3_5&Prime;][et_pb_column _builder_version=\u00a0\u00bb4.23.1&Prime; _module_preset=\u00a0\u00bbdefault\u00a0\u00bb type=\u00a0\u00bb2_5&Prime;][et_pb_image src=\u00a0\u00bbhttps:\/\/fromagesenbalade.com\/wp-content\/uploads\/2024\/04\/eugenie.jpg\u00a0\u00bb _builder_version=\u00a0\u00bb4.23.1&Prime; _module_preset=\u00a0\u00bbdefault\u00a0\u00bb title_text=\u00a0\u00bbeugenie\u00a0\u00bb hover_enabled=\u00a0\u00bb0&Prime; sticky_enabled=\u00a0\u00bb0&Prime;][\/et_pb_image][\/et_pb_column][et_pb_column _builder_version=\u00a0\u00bb4.23.1&Prime; _module_preset=\u00a0\u00bbdefault\u00a0\u00bb type=\u00a0\u00bb3_5&Prime;][et_pb_text _builder_version=\u00a0\u00bb4.23.1&Prime; _module_preset=\u00a0\u00bbdefault\u00a0\u00bb text_font=\u00a0\u00bbMarvel|700|||||||\u00a0\u00bb text_font_size=\u00a0\u00bb18px\u00a0\u00bb hover_enabled=\u00a0\u00bb0&Prime; sticky_enabled=\u00a0\u00bb0&Prime;]<\/p>\n<p>La fromagerie d\u2019Eug\u00e9nie \u2013 Languidic<\/p>\n<p>&nbsp;<\/p>\n<p>Place aux fromages de la Fromagerie d\u2019Eug\u00e9nie bas\u00e9e \u00e0 Languidic\u00a0! Issus du lait des 50 vaches de race prim\u2019holstein, ils sont de type lactique, tomme, cro\u00fbte lav\u00e9e, cro\u00fbte fleurie et, plut\u00f4t rare en Bretagne, p\u00e2te press\u00e9e cuite. La fromagerie propose \u00e9galement lait, cr\u00e8me, faisselle \u2026 D\u00e9couvrez-les vite sur le plateau \u00ab\u00a0local\u00a0\u00bb de Fromages en Balade\u00a0!<\/p>\n<p>https:\/\/www.lafromageriedeugenie.fr\/<\/p>\n<p>[\/et_pb_text][\/et_pb_column][\/et_pb_row][et_pb_row _builder_version=\u00a0\u00bb4.23.1&Prime; _module_preset=\u00a0\u00bbdefault\u00a0\u00bb column_structure=\u00a0\u00bb3_5,2_5&Prime;][et_pb_column _builder_version=\u00a0\u00bb4.23.1&Prime; _module_preset=\u00a0\u00bbdefault\u00a0\u00bb type=\u00a0\u00bb3_5&Prime;][et_pb_text _builder_version=\u00a0\u00bb4.23.1&Prime; _module_preset=\u00a0\u00bbdefault\u00a0\u00bb text_font=\u00a0\u00bbMarvel|700|||||||\u00a0\u00bb text_font_size=\u00a0\u00bb18px\u00a0\u00bb text_orientation=\u00a0\u00bbright\u00a0\u00bb hover_enabled=\u00a0\u00bb0&Prime; sticky_enabled=\u00a0\u00bb0&Prime;]<\/p>\n<p>Ferme de Bodreguin \u2013 Questembert<\/p>\n<p>&nbsp;<\/p>\n<p>Cr\u00e9\u00e9 en 2014, le Gaec de Bogreguin est une petite ferme bio situ\u00e9e sur la commune de Questembert, comptant 25 vaches laiti\u00e8res et est g\u00e9r\u00e9 par 2 associ\u00e9s et une salari\u00e9e qui s\u2019occupent de l\u2019\u00e9levage, ainsi que de la fabrication des produits. On y trouve plusieurs types de fromages, du plus doux au plus\u2026 cors\u00e9\u00a0!<\/p>\n<p><a href=\"https:\/\/www.facebook.com\/p\/Ferme-de-Bodreguin-100064657425328\/\">https:\/\/www.facebook.com\/p\/Ferme-de-Bodreguin-100064657425328\/<\/a><\/p>\n<p>[\/et_pb_text][\/et_pb_column][et_pb_column _builder_version=\u00a0\u00bb4.23.1&Prime; _module_preset=\u00a0\u00bbdefault\u00a0\u00bb type=\u00a0\u00bb2_5&Prime;][et_pb_image src=\u00a0\u00bbhttps:\/\/fromagesenbalade.com\/wp-content\/uploads\/2024\/04\/bodreguin.jpg\u00a0\u00bb _builder_version=\u00a0\u00bb4.23.1&Prime; _module_preset=\u00a0\u00bbdefault\u00a0\u00bb title_text=\u00a0\u00bbbodreguin\u00a0\u00bb hover_enabled=\u00a0\u00bb0&Prime; sticky_enabled=\u00a0\u00bb0&Prime;][\/et_pb_image][\/et_pb_column][\/et_pb_row][\/et_pb_section][et_pb_section fb_built=\u00a0\u00bb1&Prime; next_background_color=\u00a0\u00bb#F6F3EF\u00a0\u00bb admin_label=\u00a0\u00bbCall to Action\u00a0\u00bb _builder_version=\u00a0\u00bb4.23.1&Prime; _module_preset=\u00a0\u00bbdefault\u00a0\u00bb use_background_color_gradient=\u00a0\u00bbon\u00a0\u00bb background_color_gradient_stops=\u00a0\u00bbrgba(10,0,0,0) 0%|rgba(38,16,4,0.95) 100%\u00a0\u00bb background_color_gradient_overlays_image=\u00a0\u00bbon\u00a0\u00bb background_image=\u00a0\u00bbhttps:\/\/fromagesenbalade.com\/wp-content\/uploads\/2024\/01\/FEB_ElementsGraphiques_groupe.png\u00a0\u00bb custom_padding=\u00a0\u00bb3.5%||3.5%||true|false\u00a0\u00bb bottom_divider_style=\u00a0\u00bbwaves\u00a0\u00bb bottom_divider_height=\u00a0\u00bb51px\u00a0\u00bb animation_style=\u00a0\u00bbfade\u00a0\u00bb hover_enabled=\u00a0\u00bb0&Prime; locked=\u00a0\u00bboff\u00a0\u00bb collapsed=\u00a0\u00bbon\u00a0\u00bb global_colors_info=\u00a0\u00bb{}\u00a0\u00bb background_size=\u00a0\u00bbcontain\u00a0\u00bb background_position=\u00a0\u00bbtop_center\u00a0\u00bb sticky_enabled=\u00a0\u00bb0&Prime;][et_pb_row _builder_version=\u00a0\u00bb4.17.4&Prime; _module_preset=\u00a0\u00bbdefault\u00a0\u00bb max_width=\u00a0\u00bb800px\u00a0\u00bb global_colors_info=\u00a0\u00bb{}\u00a0\u00bb][et_pb_column type=\u00a0\u00bb4_4&Prime; _builder_version=\u00a0\u00bb4.17.4&Prime; _module_preset=\u00a0\u00bbdefault\u00a0\u00bb global_colors_info=\u00a0\u00bb{}\u00a0\u00bb][et_pb_text _builder_version=\u00a0\u00bb4.23.1&Prime; _module_preset=\u00a0\u00bbb327cbe4-b1d5-4b66-ad37-40c8f2f061ba\u00a0\u00bb header_2_font=\u00a0\u00bbMiniver|600|||||||\u00a0\u00bb header_2_text_color=\u00a0\u00bb#EE7430&Prime; header_2_font_size=\u00a0\u00bb48px\u00a0\u00bb header_2_line_height=\u00a0\u00bb1.2em\u00a0\u00bb text_orientation=\u00a0\u00bbcenter\u00a0\u00bb hover_enabled=\u00a0\u00bb0&Prime; header_2_font_size_tablet=\u00a0\u00bb32px\u00a0\u00bb header_2_font_size_phone=\u00a0\u00bb20px\u00a0\u00bb header_2_font_size_last_edited=\u00a0\u00bbon|desktop\u00a0\u00bb global_colors_info=\u00a0\u00bb{}\u00a0\u00bb sticky_enabled=\u00a0\u00bb0&Prime;]<\/p>\n<h2>Les fournisseurs \u00e0 boire <\/h2>\n<p>[\/et_pb_text][et_pb_text _builder_version=\u00a0\u00bb4.23.1&Prime; _module_preset=\u00a0\u00bb1f09816e-184e-4ce5-a4cf-b39c52c423ca\u00a0\u00bb text_font=\u00a0\u00bbMarvel||||||||\u00a0\u00bb text_text_color=\u00a0\u00bb#FFFFFF\u00a0\u00bb text_font_size=\u00a0\u00bb21px\u00a0\u00bb text_line_height=\u00a0\u00bb1.8em\u00a0\u00bb text_orientation=\u00a0\u00bbcenter\u00a0\u00bb hover_enabled=\u00a0\u00bb0&Prime; text_font_size_tablet=\u00a0\u00bb15px\u00a0\u00bb text_font_size_phone=\u00a0\u00bb14px\u00a0\u00bb text_font_size_last_edited=\u00a0\u00bbon|phone\u00a0\u00bb header_font_size_tablet=\u00a0\u00bb55px\u00a0\u00bb header_font_size_last_edited=\u00a0\u00bboff|desktop\u00a0\u00bb locked=\u00a0\u00bboff\u00a0\u00bb global_colors_info=\u00a0\u00bb{}\u00a0\u00bb sticky_enabled=\u00a0\u00bb0&Prime;]<\/p>\n<p>Fromages en balade propose aussi des boissons locales !<\/p>\n<p>Cidres, vins, bi\u00e8res, jus de fruits&#8230;<\/p>\n<p>Ils s&rsquo;accorderont \u00e0 merveille avec les fromages et charcuteries des planches ap\u00e9ro !<\/p>\n<p>[\/et_pb_text][\/et_pb_column][\/et_pb_row][et_pb_row _builder_version=\u00a0\u00bb4.23.1&Prime; _module_preset=\u00a0\u00bbdefault\u00a0\u00bb column_structure=\u00a0\u00bb2_5,3_5&Prime;][et_pb_column _builder_version=\u00a0\u00bb4.23.1&Prime; _module_preset=\u00a0\u00bbdefault\u00a0\u00bb type=\u00a0\u00bb2_5&Prime;][et_pb_image src=\u00a0\u00bbhttps:\/\/fromagesenbalade.com\/wp-content\/uploads\/2024\/04\/nicol.jpg\u00a0\u00bb _builder_version=\u00a0\u00bb4.23.1&Prime; _module_preset=\u00a0\u00bbdefault\u00a0\u00bb title_text=\u00a0\u00bbnicol\u00a0\u00bb hover_enabled=\u00a0\u00bb0&Prime; sticky_enabled=\u00a0\u00bb0&Prime;][\/et_pb_image][\/et_pb_column][et_pb_column _builder_version=\u00a0\u00bb4.23.1&Prime; _module_preset=\u00a0\u00bbdefault\u00a0\u00bb type=\u00a0\u00bb3_5&Prime;][et_pb_text _builder_version=\u00a0\u00bb4.23.1&Prime; _module_preset=\u00a0\u00bbdefault\u00a0\u00bb text_font=\u00a0\u00bbMarvel|700|||||||\u00a0\u00bb text_text_color=\u00a0\u00bb#FAF3E5&Prime; text_font_size=\u00a0\u00bb18px\u00a0\u00bb hover_enabled=\u00a0\u00bb0&Prime; sticky_enabled=\u00a0\u00bb0&Prime;]<\/p>\n<p>Cidrerie Nicol \u2013 Surzur<\/p>\n<p>&nbsp;<\/p>\n<p>Les cidres et jus de pommes Nicol, c\u2019est une histoire de famille. Depuis 1928, les g\u00e9n\u00e9rations se succ\u00e8dent \u00e0 Surzur pour proposer des produits de qualit\u00e9, issus de pommes locales et sans traitement. Fromages en balade vous propose \u00e9galement les bi\u00e8res et le sp\u00e9cial \u00ab\u00a0bi\u00e8re et cidre\u00a0\u00bb de la cidrerie\u00a0! Venez vite tester, en accord avec une jolie planche de fromages, miam\u00a0!<\/p>\n<p>https:\/\/www.cidres-nicol.bzh\/<\/p>\n<p>[\/et_pb_text][\/et_pb_column][\/et_pb_row][et_pb_row _builder_version=\u00a0\u00bb4.23.1&Prime; _module_preset=\u00a0\u00bbdefault\u00a0\u00bb column_structure=\u00a0\u00bb3_5,2_5&Prime;][et_pb_column _builder_version=\u00a0\u00bb4.23.1&Prime; _module_preset=\u00a0\u00bbdefault\u00a0\u00bb type=\u00a0\u00bb3_5&Prime;][et_pb_text _builder_version=\u00a0\u00bb4.23.1&Prime; _module_preset=\u00a0\u00bbdefault\u00a0\u00bb text_font=\u00a0\u00bbMarvel|700|||||||\u00a0\u00bb text_text_color=\u00a0\u00bb#FAF3E5&Prime; text_font_size=\u00a0\u00bb18px\u00a0\u00bb text_orientation=\u00a0\u00bbright\u00a0\u00bb hover_enabled=\u00a0\u00bb0&Prime; sticky_enabled=\u00a0\u00bb0&Prime;]<\/p>\n<p>Microbrasserie Horla \u2013 Grand Champ<\/p>\n<p>&nbsp;<\/p>\n<p>Cr\u00e9\u00e9e en 2020 et cohabitant \u00e0 Grand-Champ avec la brasserie de l\u2019Eclaircie, la microbrasserie Horla vous propose \u00e0 la fois une gamme permanente de 4 bi\u00e8res, et \u00e9galement des bi\u00e8res \u00e9ph\u00e9m\u00e8res issues de l\u2019imagination d\u2019Adrien et ses comparses. Toujours de grande qualit\u00e9, laissez vous surprendre et transporter par ces bi\u00e8res bio et rafraichissantes\u00a0!<\/p>\n<p>https:\/\/www.facebook.com\/microbrasseriehorla\/<\/p>\n<p>[\/et_pb_text][\/et_pb_column][et_pb_column _builder_version=\u00a0\u00bb4.23.1&Prime; _module_preset=\u00a0\u00bbdefault\u00a0\u00bb type=\u00a0\u00bb2_5&Prime;][et_pb_image src=\u00a0\u00bbhttps:\/\/fromagesenbalade.com\/wp-content\/uploads\/2024\/04\/horla.jpg\u00a0\u00bb _builder_version=\u00a0\u00bb4.23.1&Prime; _module_preset=\u00a0\u00bbdefault\u00a0\u00bb title_text=\u00a0\u00bbhorla\u00a0\u00bb hover_enabled=\u00a0\u00bb0&Prime; sticky_enabled=\u00a0\u00bb0&Prime;][\/et_pb_image][\/et_pb_column][\/et_pb_row][\/et_pb_section]<\/p>\n","protected":false},"excerpt":{"rendered":"<p>Mes producteurs locaux&nbsp; &nbsp; &nbsp; &nbsp;Ferme de Bellevue &#8211; Sarzeau &nbsp; Bienvenue sur la presqu\u2019\u00eele de Rhuys\u00a0! A Sarzeau, la Ti\u2019ferme Bellevue et ses 50 vaches crois\u00e9es prim\u2019holstein, normandes et montb\u00e9liardes (et quelques Pies Noires bretonnes\u00a0!) vous proposent une grande vari\u00e9t\u00e9 de fromages, tous fabriqu\u00e9s sur place\u00a0: tommes, lactiques, cro\u00fbtes fleuries, co\u00fbtes lav\u00e9es, p\u00e2tes persill\u00e9es [&hellip;]<\/p>\n","protected":false},"author":1,"featured_media":0,"parent":0,"menu_order":0,"comment_status":"closed","ping_status":"closed","template":"","meta":{"_et_pb_use_builder":"on","_et_pb_old_content":"","_et_gb_content_width":"","footnotes":""},"yoast_head":"<!-- This site is optimized with the Yoast SEO plugin v22.2 - https:\/\/yoast.com\/wordpress\/plugins\/seo\/ -->\n<title>Mes producteurs locaux - fromagesenbalade.com<\/title>\n<meta name=\"robots\" content=\"index, follow, max-snippet:-1, max-image-preview:large, max-video-preview:-1\" \/>\n<link rel=\"canonical\" href=\"https:\/\/fromagesenbalade.com\/index.php\/mes-producteurs-locaux\/\" \/>\n<meta property=\"og:locale\" content=\"fr_FR\" \/>\n<meta property=\"og:type\" content=\"article\" \/>\n<meta property=\"og:title\" content=\"Mes producteurs locaux - fromagesenbalade.com\" \/>\n<meta property=\"og:description\" content=\"Mes producteurs locaux&nbsp; &nbsp; &nbsp; &nbsp;Ferme de Bellevue - Sarzeau &nbsp; Bienvenue sur la presqu\u2019\u00eele de Rhuys\u00a0! A Sarzeau, la Ti\u2019ferme Bellevue et ses 50 vaches crois\u00e9es prim\u2019holstein, normandes et montb\u00e9liardes (et quelques Pies Noires bretonnes\u00a0!) vous proposent une grande vari\u00e9t\u00e9 de fromages, tous fabriqu\u00e9s sur place\u00a0: tommes, lactiques, cro\u00fbtes fleuries, co\u00fbtes lav\u00e9es, p\u00e2tes persill\u00e9es [&hellip;]\" \/>\n<meta property=\"og:url\" content=\"https:\/\/fromagesenbalade.com\/index.php\/mes-producteurs-locaux\/\" \/>\n<meta property=\"og:site_name\" content=\"fromagesenbalade.com\" \/>\n<meta name=\"twitter:card\" content=\"summary_large_image\" \/>\n<script type=\"application\/ld+json\" class=\"yoast-schema-graph\">{\"@context\":\"https:\/\/schema.org\",\"@graph\":[{\"@type\":\"WebPage\",\"@id\":\"https:\/\/fromagesenbalade.com\/index.php\/mes-producteurs-locaux\/\",\"url\":\"https:\/\/fromagesenbalade.com\/index.php\/mes-producteurs-locaux\/\",\"name\":\"Mes producteurs locaux - fromagesenbalade.com\",\"isPartOf\":{\"@id\":\"https:\/\/fromagesenbalade.com\/#website\"},\"datePublished\":\"2024-04-15T10:12:56+00:00\",\"dateModified\":\"2024-04-15T10:12:56+00:00\",\"breadcrumb\":{\"@id\":\"https:\/\/fromagesenbalade.com\/index.php\/mes-producteurs-locaux\/#breadcrumb\"},\"inLanguage\":\"fr-FR\",\"potentialAction\":[{\"@type\":\"ReadAction\",\"target\":[\"https:\/\/fromagesenbalade.com\/index.php\/mes-producteurs-locaux\/\"]}]},{\"@type\":\"BreadcrumbList\",\"@id\":\"https:\/\/fromagesenbalade.com\/index.php\/mes-producteurs-locaux\/#breadcrumb\",\"itemListElement\":[{\"@type\":\"ListItem\",\"position\":1,\"name\":\"Accueil\",\"item\":\"https:\/\/fromagesenbalade.com\/\"},{\"@type\":\"ListItem\",\"position\":2,\"name\":\"Mes producteurs locaux\"}]},{\"@type\":\"WebSite\",\"@id\":\"https:\/\/fromagesenbalade.com\/#website\",\"url\":\"https:\/\/fromagesenbalade.com\/\",\"name\":\"fromagesenbalade.com\",\"description\":\"\",\"publisher\":{\"@id\":\"https:\/\/fromagesenbalade.com\/#organization\"},\"potentialAction\":[{\"@type\":\"SearchAction\",\"target\":{\"@type\":\"EntryPoint\",\"urlTemplate\":\"https:\/\/fromagesenbalade.com\/?s={search_term_string}\"},\"query-input\":\"required name=search_term_string\"}],\"inLanguage\":\"fr-FR\"},{\"@type\":\"Organization\",\"@id\":\"https:\/\/fromagesenbalade.com\/#organization\",\"name\":\"fromagesenbalade.com\",\"url\":\"https:\/\/fromagesenbalade.com\/\",\"logo\":{\"@type\":\"ImageObject\",\"inLanguage\":\"fr-FR\",\"@id\":\"https:\/\/fromagesenbalade.com\/#\/schema\/logo\/image\/\",\"url\":\"https:\/\/fromagesenbalade.com\/wp-content\/uploads\/2024\/01\/01-FEB-Logo-Declinaison01.png\",\"contentUrl\":\"https:\/\/fromagesenbalade.com\/wp-content\/uploads\/2024\/01\/01-FEB-Logo-Declinaison01.png\",\"width\":4588,\"height\":2481,\"caption\":\"fromagesenbalade.com\"},\"image\":{\"@id\":\"https:\/\/fromagesenbalade.com\/#\/schema\/logo\/image\/\"}}]}<\/script>\n<!-- \/ Yoast SEO plugin. -->","yoast_head_json":{"title":"Mes producteurs locaux - fromagesenbalade.com","robots":{"index":"index","follow":"follow","max-snippet":"max-snippet:-1","max-image-preview":"max-image-preview:large","max-video-preview":"max-video-preview:-1"},"canonical":"https:\/\/fromagesenbalade.com\/index.php\/mes-producteurs-locaux\/","og_locale":"fr_FR","og_type":"article","og_title":"Mes producteurs locaux - fromagesenbalade.com","og_description":"Mes producteurs locaux&nbsp; &nbsp; &nbsp; &nbsp;Ferme de Bellevue - Sarzeau &nbsp; Bienvenue sur la presqu\u2019\u00eele de Rhuys\u00a0! A Sarzeau, la Ti\u2019ferme Bellevue et ses 50 vaches crois\u00e9es prim\u2019holstein, normandes et montb\u00e9liardes (et quelques Pies Noires bretonnes\u00a0!) vous proposent une grande vari\u00e9t\u00e9 de fromages, tous fabriqu\u00e9s sur place\u00a0: tommes, lactiques, cro\u00fbtes fleuries, co\u00fbtes lav\u00e9es, p\u00e2tes persill\u00e9es [&hellip;]","og_url":"https:\/\/fromagesenbalade.com\/index.php\/mes-producteurs-locaux\/","og_site_name":"fromagesenbalade.com","twitter_card":"summary_large_image","schema":{"@context":"https:\/\/schema.org","@graph":[{"@type":"WebPage","@id":"https:\/\/fromagesenbalade.com\/index.php\/mes-producteurs-locaux\/","url":"https:\/\/fromagesenbalade.com\/index.php\/mes-producteurs-locaux\/","name":"Mes producteurs locaux - fromagesenbalade.com","isPartOf":{"@id":"https:\/\/fromagesenbalade.com\/#website"},"datePublished":"2024-04-15T10:12:56+00:00","dateModified":"2024-04-15T10:12:56+00:00","breadcrumb":{"@id":"https:\/\/fromagesenbalade.com\/index.php\/mes-producteurs-locaux\/#breadcrumb"},"inLanguage":"fr-FR","potentialAction":[{"@type":"ReadAction","target":["https:\/\/fromagesenbalade.com\/index.php\/mes-producteurs-locaux\/"]}]},{"@type":"BreadcrumbList","@id":"https:\/\/fromagesenbalade.com\/index.php\/mes-producteurs-locaux\/#breadcrumb","itemListElement":[{"@type":"ListItem","position":1,"name":"Accueil","item":"https:\/\/fromagesenbalade.com\/"},{"@type":"ListItem","position":2,"name":"Mes producteurs locaux"}]},{"@type":"WebSite","@id":"https:\/\/fromagesenbalade.com\/#website","url":"https:\/\/fromagesenbalade.com\/","name":"fromagesenbalade.com","description":"","publisher":{"@id":"https:\/\/fromagesenbalade.com\/#organization"},"potentialAction":[{"@type":"SearchAction","target":{"@type":"EntryPoint","urlTemplate":"https:\/\/fromagesenbalade.com\/?s={search_term_string}"},"query-input":"required name=search_term_string"}],"inLanguage":"fr-FR"},{"@type":"Organization","@id":"https:\/\/fromagesenbalade.com\/#organization","name":"fromagesenbalade.com","url":"https:\/\/fromagesenbalade.com\/","logo":{"@type":"ImageObject","inLanguage":"fr-FR","@id":"https:\/\/fromagesenbalade.com\/#\/schema\/logo\/image\/","url":"https:\/\/fromagesenbalade.com\/wp-content\/uploads\/2024\/01\/01-FEB-Logo-Declinaison01.png","contentUrl":"https:\/\/fromagesenbalade.com\/wp-content\/uploads\/2024\/01\/01-FEB-Logo-Declinaison01.png","width":4588,"height":2481,"caption":"fromagesenbalade.com"},"image":{"@id":"https:\/\/fromagesenbalade.com\/#\/schema\/logo\/image\/"}}]}},"_links":{"self":[{"href":"https:\/\/fromagesenbalade.com\/index.php\/wp-json\/wp\/v2\/pages\/412"}],"collection":[{"href":"https:\/\/fromagesenbalade.com\/index.php\/wp-json\/wp\/v2\/pages"}],"about":[{"href":"https:\/\/fromagesenbalade.com\/index.php\/wp-json\/wp\/v2\/types\/page"}],"author":[{"embeddable":true,"href":"https:\/\/fromagesenbalade.com\/index.php\/wp-json\/wp\/v2\/users\/1"}],"replies":[{"embeddable":true,"href":"https:\/\/fromagesenbalade.com\/index.php\/wp-json\/wp\/v2\/comments?post=412"}],"version-history":[{"count":4,"href":"https:\/\/fromagesenbalade.com\/index.php\/wp-json\/wp\/v2\/pages\/412\/revisions"}],"predecessor-version":[{"id":422,"href":"https:\/\/fromagesenbalade.com\/index.php\/wp-json\/wp\/v2\/pages\/412\/revisions\/422"}],"wp:attachment":[{"href":"https:\/\/fromagesenbalade.com\/index.php\/wp-json\/wp\/v2\/media?parent=412"}],"curies":[{"name":"wp","href":"https:\/\/api.w.org\/{rel}","templated":true}]}}